{"id":209136,"date":"2025-03-22T14:18:27","date_gmt":"2025-03-22T14:18:27","guid":{"rendered":"https:\/\/aromasentia.com\/product\/amber-roller-bottle\/"},"modified":"2025-05-31T05:49:42","modified_gmt":"2025-05-31T05:49:42","slug":"amber-roller-bottle","status":"publish","type":"product","link":"https:\/\/aromasentia.com\/no\/amber-roller-bottle\/","title":{"rendered":"Amber Roller Bottle"},"content":{"rendered":"<div class=\"description\" style=\"text-align: justify;\"><strong>Wholesale 10 ml Amber Roller Bottles&nbsp;<\/strong>er perfekte til \u00e5 p\u00e5f\u00f8re fortynnede eteriske oljer direkte p\u00e5 huden. Rullekulen er designet for \u00e5 spre blandingene jevnt over huden.<\/div>\n<div class=\"description\" style=\"text-align: justify;\"><\/div>\n<div class=\"description\" style=\"text-align: justify;\">Den praktiske st\u00f8rrelsen (83 mm h\u00f8yde, 18 mm diameter) p\u00e5 flasken gj\u00f8r det enkelt \u00e5 ta den med seg hvor som helst. Vekten p\u00e5 1 flaske er 32 g<\/div>\n<div>\n<div class=\"description\" style=\"text-align: justify;\"><\/div>\n<div class=\"description\" style=\"text-align: justify;\"><strong>Selges i en pakke med 150 stk (flasker med ruller og lokk).<\/strong><\/div>\n","protected":false},"excerpt":{"rendered":"<p>Wholesale 10 ml Amber Roller Bottles&nbsp;er perfekte til \u00e5 p\u00e5f\u00f8re fortynnede eteriske oljer direkte p\u00e5 huden. Rullekulen er designet for \u00e5 spre blandingene jevnt over huden. Den praktiske st\u00f8rrelsen (83 mm h\u00f8yde, 18 mm diameter) p\u00e5 flasken gj\u00f8r det enkelt \u00e5 ta den med seg hvor som helst. Vekten p\u00e5 1 flaske er 32 g [&hellip;]<\/p>\n","protected":false},"featured_media":354723,"comment_status":"closed","ping_status":"open","template":"","meta":{"_angie_page":false},"product_brand":[],"product_cat":[9065,9088,8385,10756],"product_tag":[],"class_list":{"0":"post-209136","1":"product","2":"type-product","3":"status-publish","4":"has-post-thumbnail","6":"product_cat-aromaterapi-og-romduft","7":"product_cat-aromaterapi-flasker-og-tilbehor","8":"product_cat-gaveinnpakning","9":"product_cat-white-labeling","10":"pa_collection-glass-bottles-accessories-no","11":"pa_made-in-kina","13":"first","14":"instock","15":"purchasable","16":"product-type-simple"},"supplier_id":null,"supplier_sku":"Gbot-21","barcode":null,"atum_controlled":true,"out_stock_date":null,"out_stock_threshold":null,"inheritable":false,"inbound_stock":null,"stock_on_hold":0,"sold_today":0,"sales_last_days":0,"reserved_stock":null,"customer_returns":null,"warehouse_damage":null,"lost_in_post":null,"other_logs":null,"out_stock_days":0,"lost_sales":0,"has_location":null,"update_date":"2026-04-27T07:05:00","atum_locations":[],"atum_stock_status":"instock","restock_status":false,"low_stock_amount":"","sales_update_date":"2026-02-06T00:01:12","calc_backorders":null,"_links":{"self":[{"href":"https:\/\/aromasentia.com\/no\/wp-json\/wp\/v2\/product\/209136","targetHints":{"allow":["GET"]}}],"collection":[{"href":"https:\/\/aromasentia.com\/no\/wp-json\/wp\/v2\/product"}],"about":[{"href":"https:\/\/aromasentia.com\/no\/wp-json\/wp\/v2\/types\/product"}],"replies":[{"embeddable":true,"href":"https:\/\/aromasentia.com\/no\/wp-json\/wp\/v2\/comments?post=209136"}],"version-history":[{"count":0,"href":"https:\/\/aromasentia.com\/no\/wp-json\/wp\/v2\/product\/209136\/revisions"}],"wp:featuredmedia":[{"embeddable":true,"href":"https:\/\/aromasentia.com\/no\/wp-json\/wp\/v2\/media\/354723"}],"wp:attachment":[{"href":"https:\/\/aromasentia.com\/no\/wp-json\/wp\/v2\/media?parent=209136"}],"wp:term":[{"taxonomy":"product_brand","embeddable":true,"href":"https:\/\/aromasentia.com\/no\/wp-json\/wp\/v2\/product_brand?post=209136"},{"taxonomy":"product_cat","embeddable":true,"href":"https:\/\/aromasentia.com\/no\/wp-json\/wp\/v2\/product_cat?post=209136"},{"taxonomy":"product_tag","embeddable":true,"href":"https:\/\/aromasentia.com\/no\/wp-json\/wp\/v2\/product_tag?post=209136"}],"curies":[{"name":"wp","href":"https:\/\/api.w.org\/{rel}","templated":true}]}}