{"id":209135,"date":"2025-03-22T14:18:27","date_gmt":"2025-03-22T14:18:27","guid":{"rendered":"https:\/\/aromasentia.com\/product\/lotion-pump-for-100ml-bottle\/"},"modified":"2025-05-31T05:49:39","modified_gmt":"2025-05-31T05:49:39","slug":"lotionpumpe-for-100ml-flaske","status":"publish","type":"product","link":"https:\/\/aromasentia.com\/no\/lotionpumpe-for-100ml-flaske\/","title":{"rendered":"Lotionpumpe For 100ml Flaske"},"content":{"rendered":"<p>Oppgrader 100 ml-flaskene dine med denne praktiske lotionpumpen. Denne pumpetoppen er designet for \u00e5 passe til standard 100 ml-flasker (verifiser halsst\u00f8rrelsen), slik at du enkelt og uten rot kan dosere lotion, kremer, flytende s\u00e5per eller st\u00f8rre mengder massasjeoljer. Det er en hygienisk m\u00e5te \u00e5 f\u00e5 tilgang til produktene dine p\u00e5, og gir en jevn mengde med hver pumpe og minimerer avfall. Perfekt for b\u00e5de hjemmelagde kreasjoner og kommersielle produkter, og gir funksjonalitet og brukervennlighet til de st\u00f8rre flaskene dine.<\/p>\n","protected":false},"excerpt":{"rendered":"<p>Oppgrader 100 ml-flaskene dine med denne praktiske lotionpumpen. Denne pumpetoppen er designet for \u00e5 passe til standard 100 ml-flasker (verifiser halsst\u00f8rrelsen), slik at du enkelt og uten rot kan dosere lotion, kremer, flytende s\u00e5per eller st\u00f8rre mengder massasjeoljer. Det er en hygienisk m\u00e5te \u00e5 f\u00e5 tilgang til produktene dine p\u00e5, og gir en jevn mengde [&hellip;]<\/p>\n","protected":false},"featured_media":354698,"comment_status":"closed","ping_status":"open","template":"","meta":{"_angie_page":false},"product_brand":[],"product_cat":[9065,9088,8385,10756],"product_tag":[],"class_list":{"0":"post-209135","1":"product","2":"type-product","3":"status-publish","4":"has-post-thumbnail","6":"product_cat-aromaterapi-og-romduft","7":"product_cat-aromaterapi-flasker-og-tilbehor","8":"product_cat-gaveinnpakning","9":"product_cat-white-labeling","10":"pa_collection-glass-bottles-accessories-no","11":"pa_made-in-kina","12":"pa_size-100ml","14":"first","15":"instock","16":"purchasable","17":"product-type-simple"},"supplier_id":null,"supplier_sku":"Gbot-30","barcode":null,"atum_controlled":true,"out_stock_date":null,"out_stock_threshold":null,"inheritable":false,"inbound_stock":null,"stock_on_hold":0,"sold_today":0,"sales_last_days":0,"reserved_stock":null,"customer_returns":null,"warehouse_damage":null,"lost_in_post":null,"other_logs":null,"out_stock_days":0,"lost_sales":0,"has_location":null,"update_date":"2026-05-04T00:03:55","atum_locations":[],"atum_stock_status":"instock","restock_status":false,"low_stock_amount":"","sales_update_date":"2026-01-30T01:24:55","calc_backorders":null,"_links":{"self":[{"href":"https:\/\/aromasentia.com\/no\/wp-json\/wp\/v2\/product\/209135","targetHints":{"allow":["GET"]}}],"collection":[{"href":"https:\/\/aromasentia.com\/no\/wp-json\/wp\/v2\/product"}],"about":[{"href":"https:\/\/aromasentia.com\/no\/wp-json\/wp\/v2\/types\/product"}],"replies":[{"embeddable":true,"href":"https:\/\/aromasentia.com\/no\/wp-json\/wp\/v2\/comments?post=209135"}],"version-history":[{"count":0,"href":"https:\/\/aromasentia.com\/no\/wp-json\/wp\/v2\/product\/209135\/revisions"}],"wp:featuredmedia":[{"embeddable":true,"href":"https:\/\/aromasentia.com\/no\/wp-json\/wp\/v2\/media\/354698"}],"wp:attachment":[{"href":"https:\/\/aromasentia.com\/no\/wp-json\/wp\/v2\/media?parent=209135"}],"wp:term":[{"taxonomy":"product_brand","embeddable":true,"href":"https:\/\/aromasentia.com\/no\/wp-json\/wp\/v2\/product_brand?post=209135"},{"taxonomy":"product_cat","embeddable":true,"href":"https:\/\/aromasentia.com\/no\/wp-json\/wp\/v2\/product_cat?post=209135"},{"taxonomy":"product_tag","embeddable":true,"href":"https:\/\/aromasentia.com\/no\/wp-json\/wp\/v2\/product_tag?post=209135"}],"curies":[{"name":"wp","href":"https:\/\/api.w.org\/{rel}","templated":true}]}}