{"id":209134,"date":"2025-03-22T14:18:27","date_gmt":"2025-03-22T14:18:27","guid":{"rendered":"https:\/\/aromasentia.com\/product\/lotion-pump-for-50ml-bottle\/"},"modified":"2025-05-31T05:49:36","modified_gmt":"2025-05-31T05:49:36","slug":"lotionpumpe-for-50ml-flaske","status":"publish","type":"product","link":"https:\/\/aromasentia.com\/no\/lotionpumpe-for-50ml-flaske\/","title":{"rendered":"Lotionpumpe For 50ml Flaske"},"content":{"rendered":"<p>Med denne lotionpumpen for 50 ml-flasker kan du enkelt dosere lotion og kremer. Denne pumpetoppen er designet for \u00e5 passe til en standard 50 ml-flaske (sjekk halsst\u00f8rrelseskompatibilitet), og gir en praktisk, hygienisk og kontrollert dosering av lotion, kremer, flytende s\u00e5per eller massasjeoljer. Den bidrar til \u00e5 forhindre forurensning og produktsvinn, og gir en jevn, avm\u00e5lt mengde med hver pumpe. Et praktisk tilbeh\u00f8r som forvandler dine favorittprodukter p\u00e5 50 ml-flasker til brukervennlige dispensere.<\/p>\n","protected":false},"excerpt":{"rendered":"<p>Med denne lotionpumpen for 50 ml-flasker kan du enkelt dosere lotion og kremer. Denne pumpetoppen er designet for \u00e5 passe til en standard 50 ml-flaske (sjekk halsst\u00f8rrelseskompatibilitet), og gir en praktisk, hygienisk og kontrollert dosering av lotion, kremer, flytende s\u00e5per eller massasjeoljer. Den bidrar til \u00e5 forhindre forurensning og produktsvinn, og gir en jevn, avm\u00e5lt [&hellip;]<\/p>\n","protected":false},"featured_media":354673,"comment_status":"closed","ping_status":"open","template":"","meta":{"_angie_page":false},"product_brand":[],"product_cat":[9065,9088,8385,10756],"product_tag":[],"class_list":{"0":"post-209134","1":"product","2":"type-product","3":"status-publish","4":"has-post-thumbnail","6":"product_cat-aromaterapi-og-romduft","7":"product_cat-aromaterapi-flasker-og-tilbehor","8":"product_cat-gaveinnpakning","9":"product_cat-white-labeling","10":"pa_collection-glass-bottles-accessories-no","11":"pa_made-in-kina","12":"pa_size-50ml","14":"first","15":"instock","16":"purchasable","17":"product-type-simple"},"supplier_id":null,"supplier_sku":"Gbot-29","barcode":null,"atum_controlled":true,"out_stock_date":null,"out_stock_threshold":null,"inheritable":false,"inbound_stock":null,"stock_on_hold":0,"sold_today":0,"sales_last_days":0,"reserved_stock":null,"customer_returns":null,"warehouse_damage":null,"lost_in_post":null,"other_logs":null,"out_stock_days":0,"lost_sales":0,"has_location":null,"update_date":"2026-04-27T07:05:00","atum_locations":[],"atum_stock_status":"instock","restock_status":false,"low_stock_amount":"","sales_update_date":"2026-01-30T01:24:33","calc_backorders":null,"_links":{"self":[{"href":"https:\/\/aromasentia.com\/no\/wp-json\/wp\/v2\/product\/209134","targetHints":{"allow":["GET"]}}],"collection":[{"href":"https:\/\/aromasentia.com\/no\/wp-json\/wp\/v2\/product"}],"about":[{"href":"https:\/\/aromasentia.com\/no\/wp-json\/wp\/v2\/types\/product"}],"replies":[{"embeddable":true,"href":"https:\/\/aromasentia.com\/no\/wp-json\/wp\/v2\/comments?post=209134"}],"version-history":[{"count":0,"href":"https:\/\/aromasentia.com\/no\/wp-json\/wp\/v2\/product\/209134\/revisions"}],"wp:featuredmedia":[{"embeddable":true,"href":"https:\/\/aromasentia.com\/no\/wp-json\/wp\/v2\/media\/354673"}],"wp:attachment":[{"href":"https:\/\/aromasentia.com\/no\/wp-json\/wp\/v2\/media?parent=209134"}],"wp:term":[{"taxonomy":"product_brand","embeddable":true,"href":"https:\/\/aromasentia.com\/no\/wp-json\/wp\/v2\/product_brand?post=209134"},{"taxonomy":"product_cat","embeddable":true,"href":"https:\/\/aromasentia.com\/no\/wp-json\/wp\/v2\/product_cat?post=209134"},{"taxonomy":"product_tag","embeddable":true,"href":"https:\/\/aromasentia.com\/no\/wp-json\/wp\/v2\/product_tag?post=209134"}],"curies":[{"name":"wp","href":"https:\/\/api.w.org\/{rel}","templated":true}]}}