{"id":209132,"date":"2025-03-22T14:18:27","date_gmt":"2025-03-22T14:18:27","guid":{"rendered":"https:\/\/aromasentia.com\/product\/tamper-evident-and-child-resistant-closure\/"},"modified":"2025-05-31T05:49:29","modified_gmt":"2025-05-31T05:49:29","slug":"og-barnesikret-lukking","status":"publish","type":"product","link":"https:\/\/aromasentia.com\/no\/og-barnesikret-lukking\/","title":{"rendered":"Og Barnesikret Lukking"},"content":{"rendered":"<p>B\u00f8rnesikret Tamper med dr\u00e5pedispensering for flasker p\u00e5 10 ml, 50 ml og 100 ml. Her hos <strong>Ancient Wisdom&nbsp;<\/strong>har vi et bredt utvalg av flasker og tilbeh\u00f8r tilgjengelig til engrospriser. Ideell for et bredt spekter av tappebehov, inkludert <strong>Essentialoljer<\/strong> og <strong>Duftoljer<\/strong>, slik at du kan tappe dine egne eller kanskje til og med lage din egen blanding av <strong>Massasjeoljer.<\/strong><\/p>\n","protected":false},"excerpt":{"rendered":"<p>B\u00f8rnesikret Tamper med dr\u00e5pedispensering for flasker p\u00e5 10 ml, 50 ml og 100 ml. Her hos Ancient Wisdom&nbsp;har vi et bredt utvalg av flasker og tilbeh\u00f8r tilgjengelig til engrospriser. Ideell for et bredt spekter av tappebehov, inkludert Essentialoljer og Duftoljer, slik at du kan tappe dine egne eller kanskje til og med lage din egen [&hellip;]<\/p>\n","protected":false},"featured_media":354647,"comment_status":"closed","ping_status":"open","template":"","meta":{"_angie_page":false},"product_brand":[],"product_cat":[9065,9088,8385,10756],"product_tag":[],"class_list":{"0":"post-209132","1":"product","2":"type-product","3":"status-publish","4":"has-post-thumbnail","6":"product_cat-aromaterapi-og-romduft","7":"product_cat-aromaterapi-flasker-og-tilbehor","8":"product_cat-gaveinnpakning","9":"product_cat-white-labeling","10":"pa_collection-glass-bottles-accessories-no","11":"pa_made-in-storbritannia","13":"first","14":"instock","15":"purchasable","16":"product-type-simple"},"supplier_id":null,"supplier_sku":"GBot-24","barcode":null,"atum_controlled":true,"out_stock_date":null,"out_stock_threshold":null,"inheritable":false,"inbound_stock":null,"stock_on_hold":0,"sold_today":0,"sales_last_days":0,"reserved_stock":null,"customer_returns":null,"warehouse_damage":null,"lost_in_post":null,"other_logs":null,"out_stock_days":0,"lost_sales":0,"has_location":null,"update_date":"2026-05-04T00:03:55","atum_locations":[],"atum_stock_status":"instock","restock_status":false,"low_stock_amount":"","sales_update_date":"2025-09-05T00:27:20","calc_backorders":null,"_links":{"self":[{"href":"https:\/\/aromasentia.com\/no\/wp-json\/wp\/v2\/product\/209132","targetHints":{"allow":["GET"]}}],"collection":[{"href":"https:\/\/aromasentia.com\/no\/wp-json\/wp\/v2\/product"}],"about":[{"href":"https:\/\/aromasentia.com\/no\/wp-json\/wp\/v2\/types\/product"}],"replies":[{"embeddable":true,"href":"https:\/\/aromasentia.com\/no\/wp-json\/wp\/v2\/comments?post=209132"}],"version-history":[{"count":0,"href":"https:\/\/aromasentia.com\/no\/wp-json\/wp\/v2\/product\/209132\/revisions"}],"wp:featuredmedia":[{"embeddable":true,"href":"https:\/\/aromasentia.com\/no\/wp-json\/wp\/v2\/media\/354647"}],"wp:attachment":[{"href":"https:\/\/aromasentia.com\/no\/wp-json\/wp\/v2\/media?parent=209132"}],"wp:term":[{"taxonomy":"product_brand","embeddable":true,"href":"https:\/\/aromasentia.com\/no\/wp-json\/wp\/v2\/product_brand?post=209132"},{"taxonomy":"product_cat","embeddable":true,"href":"https:\/\/aromasentia.com\/no\/wp-json\/wp\/v2\/product_cat?post=209132"},{"taxonomy":"product_tag","embeddable":true,"href":"https:\/\/aromasentia.com\/no\/wp-json\/wp\/v2\/product_tag?post=209132"}],"curies":[{"name":"wp","href":"https:\/\/api.w.org\/{rel}","templated":true}]}}