{"id":209128,"date":"2025-03-22T14:18:27","date_gmt":"2025-03-22T14:18:27","guid":{"rendered":"https:\/\/aromasentia.com\/product\/50ml-amber-bottles\/"},"modified":"2025-05-31T05:49:09","modified_gmt":"2025-05-31T05:49:09","slug":"50ml-amber-bottles","status":"publish","type":"product","link":"https:\/\/aromasentia.com\/no\/50ml-amber-bottles\/","title":{"rendered":"50ml Amber Bottles"},"content":{"rendered":"<p>Ideal for et bredt spekter av tappingskrav, inkludert essensielle oljer og duftoljer, slik at du kan tappe dine egne eller kanskje til og med lage din egen blanding av massasjeoljer.<\/p>\n<p>Vennligst ikke glem \u00e5 bestille ditt valg av lokk ogs\u00e5. Hver bestilling av flasker p\u00e5 denne siden kommer IKKE med lokk.<\/p>\n<\/p>\n<p> <strong>Egnede lokk Kode: Gbot-24 Gbot-09 Gbot-05<\/strong><\/p>\n","protected":false},"excerpt":{"rendered":"<p>Ideal for et bredt spekter av tappingskrav, inkludert essensielle oljer og duftoljer, slik at du kan tappe dine egne eller kanskje til og med lage din egen blanding av massasjeoljer. Vennligst ikke glem \u00e5 bestille ditt valg av lokk ogs\u00e5. Hver bestilling av flasker p\u00e5 denne siden kommer IKKE med lokk. Egnede lokk Kode: Gbot-24 [&hellip;]<\/p>\n","protected":false},"featured_media":354595,"comment_status":"closed","ping_status":"open","template":"","meta":{"_angie_page":false},"product_brand":[],"product_cat":[9065,9088,8385,10756],"product_tag":[],"class_list":{"0":"post-209128","1":"product","2":"type-product","3":"status-publish","4":"has-post-thumbnail","6":"product_cat-aromaterapi-og-romduft","7":"product_cat-aromaterapi-flasker-og-tilbehor","8":"product_cat-gaveinnpakning","9":"product_cat-white-labeling","10":"pa_collection-glass-bottles-accessories-no","11":"pa_made-in-kina","12":"pa_size-50ml","14":"first","15":"instock","16":"purchasable","17":"product-type-simple"},"supplier_id":null,"supplier_sku":"GBot-22","barcode":null,"atum_controlled":true,"out_stock_date":null,"out_stock_threshold":null,"inheritable":false,"inbound_stock":null,"stock_on_hold":0,"sold_today":0,"sales_last_days":0,"reserved_stock":null,"customer_returns":null,"warehouse_damage":null,"lost_in_post":null,"other_logs":null,"out_stock_days":0,"lost_sales":0,"has_location":null,"update_date":"2026-04-27T07:05:00","atum_locations":[],"atum_stock_status":"instock","restock_status":false,"low_stock_amount":"","sales_update_date":"2025-09-05T00:27:19","calc_backorders":null,"_links":{"self":[{"href":"https:\/\/aromasentia.com\/no\/wp-json\/wp\/v2\/product\/209128","targetHints":{"allow":["GET"]}}],"collection":[{"href":"https:\/\/aromasentia.com\/no\/wp-json\/wp\/v2\/product"}],"about":[{"href":"https:\/\/aromasentia.com\/no\/wp-json\/wp\/v2\/types\/product"}],"replies":[{"embeddable":true,"href":"https:\/\/aromasentia.com\/no\/wp-json\/wp\/v2\/comments?post=209128"}],"version-history":[{"count":0,"href":"https:\/\/aromasentia.com\/no\/wp-json\/wp\/v2\/product\/209128\/revisions"}],"wp:featuredmedia":[{"embeddable":true,"href":"https:\/\/aromasentia.com\/no\/wp-json\/wp\/v2\/media\/354595"}],"wp:attachment":[{"href":"https:\/\/aromasentia.com\/no\/wp-json\/wp\/v2\/media?parent=209128"}],"wp:term":[{"taxonomy":"product_brand","embeddable":true,"href":"https:\/\/aromasentia.com\/no\/wp-json\/wp\/v2\/product_brand?post=209128"},{"taxonomy":"product_cat","embeddable":true,"href":"https:\/\/aromasentia.com\/no\/wp-json\/wp\/v2\/product_cat?post=209128"},{"taxonomy":"product_tag","embeddable":true,"href":"https:\/\/aromasentia.com\/no\/wp-json\/wp\/v2\/product_tag?post=209128"}],"curies":[{"name":"wp","href":"https:\/\/api.w.org\/{rel}","templated":true}]}}