{"id":209117,"date":"2025-03-22T14:18:27","date_gmt":"2025-03-22T14:18:27","guid":{"rendered":"https:\/\/aromasentia.com\/product\/square-tea-chest-grey\/"},"modified":"2025-05-31T05:48:16","modified_gmt":"2025-05-31T05:48:16","slug":"firkantet-teboks-gra","status":"publish","type":"product","link":"https:\/\/aromasentia.com\/no\/firkantet-teboks-gra\/","title":{"rendered":"Firkantet Teboks &#8211; Gr\u00e5"},"content":{"rendered":"<p><span style=\"color: rgb(75, 80, 88);\">Disse eskene har en distinkt kolonial sjarm, men ikke forvent perfeksjon, design, st\u00f8rrelser og finish kan variere. Laget av kryssfiner og diverse<\/span><\/p>\n<p><span style=\"color: rgb(75, 80, 88);\">Den gr\u00e5 firkantede tekisten er et herlig stykke te-entusiaster. Med rom for \u00e5 pent oppbevare favorittteene dine, er den et stilig tillegg til kj\u00f8kkenet eller spisestuen.<\/span><\/p>\n<p><span style=\"color: rgb(75, 80, 88);\"><strong>Flott for ompakking av gaver, som pynteskrin eller som smykkeskrin fra den gamle verden.<\/strong><\/span><\/p>\n","protected":false},"excerpt":{"rendered":"<p>Disse eskene har en distinkt kolonial sjarm, men ikke forvent perfeksjon, design, st\u00f8rrelser og finish kan variere. Laget av kryssfiner og diverse Den gr\u00e5 firkantede tekisten er et herlig stykke te-entusiaster. Med rom for \u00e5 pent oppbevare favorittteene dine, er den et stilig tillegg til kj\u00f8kkenet eller spisestuen. Flott for ompakking av gaver, som pynteskrin [&hellip;]<\/p>\n","protected":false},"featured_media":354320,"comment_status":"closed","ping_status":"open","template":"","meta":{"_angie_page":false},"product_brand":[],"product_cat":[8386,8385,8541],"product_tag":[],"class_list":{"0":"post-209117","1":"product","2":"type-product","3":"status-publish","4":"has-post-thumbnail","6":"product_cat-gave-bokser-og-gaveoppbevaring","7":"product_cat-gaveinnpakning","8":"product_cat-te-og-teutstyr","9":"pa_collection-vintage-style-boxes-no","10":"pa_made-in-kina","12":"first","13":"instock","14":"purchasable","15":"product-type-simple"},"supplier_id":null,"supplier_sku":"ColB-39","barcode":null,"atum_controlled":true,"out_stock_date":null,"out_stock_threshold":null,"inheritable":false,"inbound_stock":null,"stock_on_hold":0,"sold_today":0,"sales_last_days":0,"reserved_stock":null,"customer_returns":null,"warehouse_damage":null,"lost_in_post":null,"other_logs":null,"out_stock_days":0,"lost_sales":0,"has_location":null,"update_date":"2026-04-29T13:02:36","atum_locations":[],"atum_stock_status":"instock","restock_status":false,"low_stock_amount":"","sales_update_date":"2026-01-30T01:26:04","calc_backorders":null,"_links":{"self":[{"href":"https:\/\/aromasentia.com\/no\/wp-json\/wp\/v2\/product\/209117","targetHints":{"allow":["GET"]}}],"collection":[{"href":"https:\/\/aromasentia.com\/no\/wp-json\/wp\/v2\/product"}],"about":[{"href":"https:\/\/aromasentia.com\/no\/wp-json\/wp\/v2\/types\/product"}],"replies":[{"embeddable":true,"href":"https:\/\/aromasentia.com\/no\/wp-json\/wp\/v2\/comments?post=209117"}],"version-history":[{"count":0,"href":"https:\/\/aromasentia.com\/no\/wp-json\/wp\/v2\/product\/209117\/revisions"}],"wp:featuredmedia":[{"embeddable":true,"href":"https:\/\/aromasentia.com\/no\/wp-json\/wp\/v2\/media\/354320"}],"wp:attachment":[{"href":"https:\/\/aromasentia.com\/no\/wp-json\/wp\/v2\/media?parent=209117"}],"wp:term":[{"taxonomy":"product_brand","embeddable":true,"href":"https:\/\/aromasentia.com\/no\/wp-json\/wp\/v2\/product_brand?post=209117"},{"taxonomy":"product_cat","embeddable":true,"href":"https:\/\/aromasentia.com\/no\/wp-json\/wp\/v2\/product_cat?post=209117"},{"taxonomy":"product_tag","embeddable":true,"href":"https:\/\/aromasentia.com\/no\/wp-json\/wp\/v2\/product_tag?post=209117"}],"curies":[{"name":"wp","href":"https:\/\/api.w.org\/{rel}","templated":true}]}}