{"id":209114,"date":"2025-03-22T14:18:27","date_gmt":"2025-03-22T14:18:27","guid":{"rendered":"https:\/\/aromasentia.com\/product\/long-tea-chest-grey\/"},"modified":"2025-05-31T05:48:02","modified_gmt":"2025-05-31T05:48:02","slug":"lang-teboks-gra","status":"publish","type":"product","link":"https:\/\/aromasentia.com\/no\/lang-teboks-gra\/","title":{"rendered":"Lang Teboks &#8211; Gr\u00e5"},"content":{"rendered":"<p><span style=\"color: rgb(75, 80, 88);\">Disse eskene har en distinkt kolonial sjarm, men ikke forvent perfeksjon, design, st\u00f8rrelser og finish kan variere. Laget av kryssfiner og diverse<\/span><\/p>\n<p><span style=\"color: rgb(75, 80, 88);\">For de med en omfattende tesamling, tilbyr den gr\u00e5 lange tekisten en elegant l\u00f8sning. Den avlange designen gir god plass til tevariantene dine.<\/span><\/p>\n<p><span style=\"color: rgb(75, 80, 88);\"><strong>Flott for ompakking av gaver, som pynteskrin eller som smykkeskrin fra den gamle verden.<\/strong><\/span><\/p>\n","protected":false},"excerpt":{"rendered":"<p>Disse eskene har en distinkt kolonial sjarm, men ikke forvent perfeksjon, design, st\u00f8rrelser og finish kan variere. Laget av kryssfiner og diverse For de med en omfattende tesamling, tilbyr den gr\u00e5 lange tekisten en elegant l\u00f8sning. Den avlange designen gir god plass til tevariantene dine. Flott for ompakking av gaver, som pynteskrin eller som smykkeskrin [&hellip;]<\/p>\n","protected":false},"featured_media":354269,"comment_status":"closed","ping_status":"open","template":"","meta":{"_angie_page":false},"product_brand":[],"product_cat":[8386,8385,8541],"product_tag":[],"class_list":{"0":"post-209114","1":"product","2":"type-product","3":"status-publish","4":"has-post-thumbnail","6":"product_cat-gave-bokser-og-gaveoppbevaring","7":"product_cat-gaveinnpakning","8":"product_cat-te-og-teutstyr","9":"pa_collection-vintage-style-boxes-no","10":"pa_made-in-kina","12":"first","13":"instock","14":"purchasable","15":"product-type-simple"},"supplier_id":null,"supplier_sku":"ColB-36","barcode":null,"atum_controlled":true,"out_stock_date":null,"out_stock_threshold":null,"inheritable":false,"inbound_stock":null,"stock_on_hold":0,"sold_today":0,"sales_last_days":0,"reserved_stock":null,"customer_returns":null,"warehouse_damage":null,"lost_in_post":null,"other_logs":null,"out_stock_days":0,"lost_sales":0,"has_location":null,"update_date":"2026-04-30T01:02:51","atum_locations":[],"atum_stock_status":"instock","restock_status":false,"low_stock_amount":"","sales_update_date":"2026-02-06T00:02:40","calc_backorders":null,"_links":{"self":[{"href":"https:\/\/aromasentia.com\/no\/wp-json\/wp\/v2\/product\/209114","targetHints":{"allow":["GET"]}}],"collection":[{"href":"https:\/\/aromasentia.com\/no\/wp-json\/wp\/v2\/product"}],"about":[{"href":"https:\/\/aromasentia.com\/no\/wp-json\/wp\/v2\/types\/product"}],"replies":[{"embeddable":true,"href":"https:\/\/aromasentia.com\/no\/wp-json\/wp\/v2\/comments?post=209114"}],"version-history":[{"count":0,"href":"https:\/\/aromasentia.com\/no\/wp-json\/wp\/v2\/product\/209114\/revisions"}],"wp:featuredmedia":[{"embeddable":true,"href":"https:\/\/aromasentia.com\/no\/wp-json\/wp\/v2\/media\/354269"}],"wp:attachment":[{"href":"https:\/\/aromasentia.com\/no\/wp-json\/wp\/v2\/media?parent=209114"}],"wp:term":[{"taxonomy":"product_brand","embeddable":true,"href":"https:\/\/aromasentia.com\/no\/wp-json\/wp\/v2\/product_brand?post=209114"},{"taxonomy":"product_cat","embeddable":true,"href":"https:\/\/aromasentia.com\/no\/wp-json\/wp\/v2\/product_cat?post=209114"},{"taxonomy":"product_tag","embeddable":true,"href":"https:\/\/aromasentia.com\/no\/wp-json\/wp\/v2\/product_tag?post=209114"}],"curies":[{"name":"wp","href":"https:\/\/api.w.org\/{rel}","templated":true}]}}