{"id":209113,"date":"2025-03-22T14:18:27","date_gmt":"2025-03-22T14:18:27","guid":{"rendered":"https:\/\/aromasentia.com\/product\/long-tea-chest-teal\/"},"modified":"2025-05-31T05:47:59","modified_gmt":"2025-05-31T05:47:59","slug":"lang-teboks-blagronn","status":"publish","type":"product","link":"https:\/\/aromasentia.com\/no\/lang-teboks-blagronn\/","title":{"rendered":"Lang Teboks &#8211; Bl\u00e5gr\u00f8nn"},"content":{"rendered":"<p><span style=\"color: rgb(75, 80, 88);\">Disse eskene har en distinkt kolonial sjarm, men ikke forvent perfeksjon, design, st\u00f8rrelser og finish kan variere. Laget av kryssfiner og diverse<\/span><\/p>\n<p><span style=\"color: rgb(75, 80, 88);\">Teal Long Tea Chest er et sl\u00e5ende tilskudd til enhver teelskers samling. Designet utstr\u00e5ler vintage sjarm, noe som gj\u00f8r den til et blikkfang p\u00e5 kj\u00f8kkenet ditt.<\/span><\/p>\n<p><span style=\"color: rgb(75, 80, 88);\"><strong>Flott for ompakking av gaver, som pynteskrin eller smykkeskrin fra den gamle verden.<\/strong><\/span><\/p>\n","protected":false},"excerpt":{"rendered":"<p>Disse eskene har en distinkt kolonial sjarm, men ikke forvent perfeksjon, design, st\u00f8rrelser og finish kan variere. Laget av kryssfiner og diverse Teal Long Tea Chest er et sl\u00e5ende tilskudd til enhver teelskers samling. Designet utstr\u00e5ler vintage sjarm, noe som gj\u00f8r den til et blikkfang p\u00e5 kj\u00f8kkenet ditt. Flott for ompakking av gaver, som pynteskrin [&hellip;]<\/p>\n","protected":false},"featured_media":354252,"comment_status":"closed","ping_status":"open","template":"","meta":{"_angie_page":false},"product_brand":[],"product_cat":[8386,8385,8541],"product_tag":[],"class_list":{"0":"post-209113","1":"product","2":"type-product","3":"status-publish","4":"has-post-thumbnail","6":"product_cat-gave-bokser-og-gaveoppbevaring","7":"product_cat-gaveinnpakning","8":"product_cat-te-og-teutstyr","9":"pa_collection-vintage-style-boxes-no","10":"pa_made-in-kina","12":"first","13":"instock","14":"purchasable","15":"product-type-simple"},"supplier_id":null,"supplier_sku":"ColB-35","barcode":null,"atum_controlled":true,"out_stock_date":null,"out_stock_threshold":null,"inheritable":false,"inbound_stock":null,"stock_on_hold":0,"sold_today":0,"sales_last_days":0,"reserved_stock":null,"customer_returns":null,"warehouse_damage":null,"lost_in_post":null,"other_logs":null,"out_stock_days":0,"lost_sales":0,"has_location":null,"update_date":"2026-04-27T06:58:06","atum_locations":[],"atum_stock_status":"instock","restock_status":false,"low_stock_amount":"","sales_update_date":"2026-01-30T01:26:12","calc_backorders":null,"_links":{"self":[{"href":"https:\/\/aromasentia.com\/no\/wp-json\/wp\/v2\/product\/209113","targetHints":{"allow":["GET"]}}],"collection":[{"href":"https:\/\/aromasentia.com\/no\/wp-json\/wp\/v2\/product"}],"about":[{"href":"https:\/\/aromasentia.com\/no\/wp-json\/wp\/v2\/types\/product"}],"replies":[{"embeddable":true,"href":"https:\/\/aromasentia.com\/no\/wp-json\/wp\/v2\/comments?post=209113"}],"version-history":[{"count":0,"href":"https:\/\/aromasentia.com\/no\/wp-json\/wp\/v2\/product\/209113\/revisions"}],"wp:featuredmedia":[{"embeddable":true,"href":"https:\/\/aromasentia.com\/no\/wp-json\/wp\/v2\/media\/354252"}],"wp:attachment":[{"href":"https:\/\/aromasentia.com\/no\/wp-json\/wp\/v2\/media?parent=209113"}],"wp:term":[{"taxonomy":"product_brand","embeddable":true,"href":"https:\/\/aromasentia.com\/no\/wp-json\/wp\/v2\/product_brand?post=209113"},{"taxonomy":"product_cat","embeddable":true,"href":"https:\/\/aromasentia.com\/no\/wp-json\/wp\/v2\/product_cat?post=209113"},{"taxonomy":"product_tag","embeddable":true,"href":"https:\/\/aromasentia.com\/no\/wp-json\/wp\/v2\/product_tag?post=209113"}],"curies":[{"name":"wp","href":"https:\/\/api.w.org\/{rel}","templated":true}]}}