{"id":209095,"date":"2025-03-22T14:18:33","date_gmt":"2025-03-22T14:18:33","guid":{"rendered":"https:\/\/aromasentia.com\/product\/medium-jute-sack-240x300mm\/"},"modified":"2025-05-31T05:46:50","modified_gmt":"2025-05-31T05:46:50","slug":"jutesekk-240x300-mm","status":"publish","type":"product","link":"https:\/\/aromasentia.com\/no\/jutesekk-240x300-mm\/","title":{"rendered":"Jutesekk &#8211; 240&#215;300 mm"},"content":{"rendered":"<p>Denne naturlige juteposen i jute leveres sydd og faldet \u2013 laget av en middels tykk, jevnvevd jute.<\/p>\n<p>Det er enkelt \u00e5 feste anheng, merkelapper, b\u00e5nd og annen dekorasjon for \u00e5 gj\u00f8re noe enkelt til noe ganske spesielt. Leveres med en snor klar til \u00e5 knytes.<\/p>\n<p>Ideell for gaver og andre overraskelser.<\/p>\n","protected":false},"excerpt":{"rendered":"<p>Denne naturlige juteposen i jute leveres sydd og faldet \u2013 laget av en middels tykk, jevnvevd jute. Det er enkelt \u00e5 feste anheng, merkelapper, b\u00e5nd og annen dekorasjon for \u00e5 gj\u00f8re noe enkelt til noe ganske spesielt. Leveres med en snor klar til \u00e5 knytes. Ideell for gaver og andre overraskelser.<\/p>\n","protected":false},"featured_media":355069,"comment_status":"closed","ping_status":"open","template":"","meta":{"_angie_page":false},"product_brand":[],"product_cat":[8385,10743],"product_tag":[],"class_list":{"0":"post-209095","1":"product","2":"type-product","3":"status-publish","4":"has-post-thumbnail","6":"product_cat-gaveinnpakning","7":"product_cat-papirposer-juteposer-og-bomullsposer","8":"pa_collection-jute-drawstring-sacks-no","9":"pa_made-in-india","11":"first","12":"instock","13":"purchasable","14":"product-type-simple"},"supplier_id":null,"supplier_sku":"JSack-02","barcode":null,"atum_controlled":true,"out_stock_date":null,"out_stock_threshold":null,"inheritable":false,"inbound_stock":null,"stock_on_hold":0,"sold_today":0,"sales_last_days":0,"reserved_stock":null,"customer_returns":null,"warehouse_damage":null,"lost_in_post":null,"other_logs":null,"out_stock_days":73,"lost_sales":0,"has_location":null,"update_date":"2026-04-30T13:08:10","atum_locations":[],"atum_stock_status":"instock","restock_status":false,"low_stock_amount":"","sales_update_date":"2026-02-06T00:00:52","calc_backorders":null,"_links":{"self":[{"href":"https:\/\/aromasentia.com\/no\/wp-json\/wp\/v2\/product\/209095","targetHints":{"allow":["GET"]}}],"collection":[{"href":"https:\/\/aromasentia.com\/no\/wp-json\/wp\/v2\/product"}],"about":[{"href":"https:\/\/aromasentia.com\/no\/wp-json\/wp\/v2\/types\/product"}],"replies":[{"embeddable":true,"href":"https:\/\/aromasentia.com\/no\/wp-json\/wp\/v2\/comments?post=209095"}],"version-history":[{"count":0,"href":"https:\/\/aromasentia.com\/no\/wp-json\/wp\/v2\/product\/209095\/revisions"}],"wp:featuredmedia":[{"embeddable":true,"href":"https:\/\/aromasentia.com\/no\/wp-json\/wp\/v2\/media\/355069"}],"wp:attachment":[{"href":"https:\/\/aromasentia.com\/no\/wp-json\/wp\/v2\/media?parent=209095"}],"wp:term":[{"taxonomy":"product_brand","embeddable":true,"href":"https:\/\/aromasentia.com\/no\/wp-json\/wp\/v2\/product_brand?post=209095"},{"taxonomy":"product_cat","embeddable":true,"href":"https:\/\/aromasentia.com\/no\/wp-json\/wp\/v2\/product_cat?post=209095"},{"taxonomy":"product_tag","embeddable":true,"href":"https:\/\/aromasentia.com\/no\/wp-json\/wp\/v2\/product_tag?post=209095"}],"curies":[{"name":"wp","href":"https:\/\/api.w.org\/{rel}","templated":true}]}}