{"id":209059,"date":"2025-03-22T14:18:33","date_gmt":"2025-03-22T14:18:33","guid":{"rendered":"https:\/\/aromasentia.com\/product\/small-cotton-window-pouch-10x15cm\/"},"modified":"2025-05-31T05:44:25","modified_gmt":"2025-05-31T05:44:25","slug":"vinduspose-i-bomull-10x15-cm-liten","status":"publish","type":"product","link":"https:\/\/aromasentia.com\/no\/vinduspose-i-bomull-10x15-cm-liten\/","title":{"rendered":"Vinduspose I Bomull &#8211; 10&#215;15 cm Liten"},"content":{"rendered":"<p>SLUTT \u00c5 BRUK PLAST! Bomullsvinduposen er egnet som emballasje for mange gaveartikler.<\/p>\n<p>Snoren p\u00e5 posen strammes for \u00e5 holde varene trygge.<\/p>\n<p>Laget av 100 % bomull, et milj\u00f8vennlig og slitesterkt materiale som er et str\u00e5lende salgsargument. Det sentrale vinduet er laget av bomullsorganza.<\/p>\n","protected":false},"excerpt":{"rendered":"<p>SLUTT \u00c5 BRUK PLAST! Bomullsvinduposen er egnet som emballasje for mange gaveartikler. Snoren p\u00e5 posen strammes for \u00e5 holde varene trygge. Laget av 100 % bomull, et milj\u00f8vennlig og slitesterkt materiale som er et str\u00e5lende salgsargument. Det sentrale vinduet er laget av bomullsorganza.<\/p>\n","protected":false},"featured_media":355443,"comment_status":"closed","ping_status":"open","template":"","meta":{"_angie_page":false},"product_brand":[],"product_cat":[8385,10743],"product_tag":[],"class_list":{"0":"post-209059","1":"product","2":"type-product","3":"status-publish","4":"has-post-thumbnail","6":"product_cat-gaveinnpakning","7":"product_cat-papirposer-juteposer-og-bomullsposer","8":"pa_collection-natural-pouches-with-see-through-cotton-window-no","9":"pa_made-in-india","11":"first","12":"instock","13":"purchasable","14":"product-type-simple"},"supplier_id":null,"supplier_sku":"NatWP-01","barcode":null,"atum_controlled":true,"out_stock_date":null,"out_stock_threshold":null,"inheritable":false,"inbound_stock":null,"stock_on_hold":0,"sold_today":0,"sales_last_days":0,"reserved_stock":null,"customer_returns":null,"warehouse_damage":null,"lost_in_post":null,"other_logs":null,"out_stock_days":0,"lost_sales":0,"has_location":null,"update_date":"2026-04-27T07:14:51","atum_locations":[],"atum_stock_status":"instock","restock_status":false,"low_stock_amount":"","sales_update_date":"2025-09-05T00:27:34","calc_backorders":null,"_links":{"self":[{"href":"https:\/\/aromasentia.com\/no\/wp-json\/wp\/v2\/product\/209059","targetHints":{"allow":["GET"]}}],"collection":[{"href":"https:\/\/aromasentia.com\/no\/wp-json\/wp\/v2\/product"}],"about":[{"href":"https:\/\/aromasentia.com\/no\/wp-json\/wp\/v2\/types\/product"}],"replies":[{"embeddable":true,"href":"https:\/\/aromasentia.com\/no\/wp-json\/wp\/v2\/comments?post=209059"}],"version-history":[{"count":0,"href":"https:\/\/aromasentia.com\/no\/wp-json\/wp\/v2\/product\/209059\/revisions"}],"wp:featuredmedia":[{"embeddable":true,"href":"https:\/\/aromasentia.com\/no\/wp-json\/wp\/v2\/media\/355443"}],"wp:attachment":[{"href":"https:\/\/aromasentia.com\/no\/wp-json\/wp\/v2\/media?parent=209059"}],"wp:term":[{"taxonomy":"product_brand","embeddable":true,"href":"https:\/\/aromasentia.com\/no\/wp-json\/wp\/v2\/product_brand?post=209059"},{"taxonomy":"product_cat","embeddable":true,"href":"https:\/\/aromasentia.com\/no\/wp-json\/wp\/v2\/product_cat?post=209059"},{"taxonomy":"product_tag","embeddable":true,"href":"https:\/\/aromasentia.com\/no\/wp-json\/wp\/v2\/product_tag?post=209059"}],"curies":[{"name":"wp","href":"https:\/\/api.w.org\/{rel}","templated":true}]}}