{"id":209051,"date":"2025-03-22T14:18:33","date_gmt":"2025-03-22T14:18:33","guid":{"rendered":"https:\/\/aromasentia.com\/product\/10x-kraft-window-bag-25-x-35-cm\/"},"modified":"2025-05-31T05:44:03","modified_gmt":"2025-05-31T05:44:03","slug":"10-x-kraft-vinduspose-25-x-35-cm","status":"publish","type":"product","link":"https:\/\/aromasentia.com\/no\/10-x-kraft-vinduspose-25-x-35-cm\/","title":{"rendered":"10 x Kraft Vinduspose 25 x 35 cm"},"content":{"rendered":"<p>Disse kraftposene med vindu passer til b\u00e5de fuktige og t\u00f8rre produkter som krever emballasje med h\u00f8y barriereevne. Laget for matbruk av <strong>Aroma Sentia<\/strong>, er de ideelle for mange gaveartikler.<\/p>\n<p>Gj\u00f8r dem ekstra kule ved \u00e5 skrive ut dine egne etiketter (vi leverer kraftetiketter, se nedenfor).<\/p>\n<p>Kraftposer med vindu gir den naturlige f\u00f8lelsen, og med litt fantasi og stil kan du lage en gave som vil imponere alle.<\/p>\n<p>De har en greplukking som kan \u00e5pnes og lukkes mange ganger. Den selvb\u00e6rende runde bunnkilen sikrer at posene kan st\u00e5 fritt. Med det sentrale vinduet sikrer du at gavene dine lett kan sees.<\/p>\n","protected":false},"excerpt":{"rendered":"<p>Disse kraftposene med vindu passer til b\u00e5de fuktige og t\u00f8rre produkter som krever emballasje med h\u00f8y barriereevne. Laget for matbruk av Aroma Sentia, er de ideelle for mange gaveartikler. Gj\u00f8r dem ekstra kule ved \u00e5 skrive ut dine egne etiketter (vi leverer kraftetiketter, se nedenfor). Kraftposer med vindu gir den naturlige f\u00f8lelsen, og med litt [&hellip;]<\/p>\n","protected":false},"featured_media":355267,"comment_status":"closed","ping_status":"open","template":"","meta":{"_angie_page":false},"product_brand":[],"product_cat":[8385,10743],"product_tag":[],"class_list":{"0":"post-209051","1":"product","2":"type-product","3":"status-publish","4":"has-post-thumbnail","6":"product_cat-gaveinnpakning","7":"product_cat-papirposer-juteposer-og-bomullsposer","8":"pa_collection-kraft-window-bags-no","9":"pa_made-in-kina","11":"first","12":"instock","13":"purchasable","14":"product-type-simple"},"supplier_id":null,"supplier_sku":"KWB-06","barcode":null,"atum_controlled":true,"out_stock_date":null,"out_stock_threshold":null,"inheritable":false,"inbound_stock":null,"stock_on_hold":0,"sold_today":0,"sales_last_days":0,"reserved_stock":null,"customer_returns":null,"warehouse_damage":null,"lost_in_post":null,"other_logs":null,"out_stock_days":0,"lost_sales":0,"has_location":null,"update_date":"2026-04-27T07:10:28","atum_locations":[],"atum_stock_status":"instock","restock_status":false,"low_stock_amount":"","sales_update_date":"2026-01-20T05:14:09","calc_backorders":null,"_links":{"self":[{"href":"https:\/\/aromasentia.com\/no\/wp-json\/wp\/v2\/product\/209051","targetHints":{"allow":["GET"]}}],"collection":[{"href":"https:\/\/aromasentia.com\/no\/wp-json\/wp\/v2\/product"}],"about":[{"href":"https:\/\/aromasentia.com\/no\/wp-json\/wp\/v2\/types\/product"}],"replies":[{"embeddable":true,"href":"https:\/\/aromasentia.com\/no\/wp-json\/wp\/v2\/comments?post=209051"}],"version-history":[{"count":0,"href":"https:\/\/aromasentia.com\/no\/wp-json\/wp\/v2\/product\/209051\/revisions"}],"wp:featuredmedia":[{"embeddable":true,"href":"https:\/\/aromasentia.com\/no\/wp-json\/wp\/v2\/media\/355267"}],"wp:attachment":[{"href":"https:\/\/aromasentia.com\/no\/wp-json\/wp\/v2\/media?parent=209051"}],"wp:term":[{"taxonomy":"product_brand","embeddable":true,"href":"https:\/\/aromasentia.com\/no\/wp-json\/wp\/v2\/product_brand?post=209051"},{"taxonomy":"product_cat","embeddable":true,"href":"https:\/\/aromasentia.com\/no\/wp-json\/wp\/v2\/product_cat?post=209051"},{"taxonomy":"product_tag","embeddable":true,"href":"https:\/\/aromasentia.com\/no\/wp-json\/wp\/v2\/product_tag?post=209051"}],"curies":[{"name":"wp","href":"https:\/\/api.w.org\/{rel}","templated":true}]}}