{"id":209045,"date":"2025-03-22T14:18:40","date_gmt":"2025-03-22T14:18:40","guid":{"rendered":"https:\/\/aromasentia.com\/product\/santa-sack-do-not-open-before\/"},"modified":"2025-05-31T05:43:21","modified_gmt":"2025-05-31T05:43:21","slug":"julenissesekk-ma-ikke-apnes-for","status":"publish","type":"product","link":"https:\/\/aromasentia.com\/no\/julenissesekk-ma-ikke-apnes-for\/","title":{"rendered":"Julenissesekk &#8211; M\u00e5 Ikke \u00c5pnes F\u00f8r"},"content":{"rendered":"<p>Gjem julegavene til dine kj\u00e6re med Ikke \u00e5pne f\u00f8r juledag Jutesekk <\/p>\n<p>Denne herlige og festlige jutesekken er sterk og solid, slik at du kan fylle den med gaver til venner og familie og ogs\u00e5 gjenbruke den neste \u00e5r, slik at du kan f\u00e5 mye bruk for den. Og ikke minst har den et nydelig juledesign. Den har svart og r\u00f8d skrift som sier Ikke \u00e5pne f\u00f8r juledag, slik at folk vet at de ikke skal g\u00e5 inn i den f\u00f8r jul.<\/p>\n<p>Disse vil v\u00e6re en utmerket selger i l\u00f8pet av julen, da alle liker \u00e5 holde gaver p\u00e5 et kompakt sted slik at de ikke mister noen.<\/p>\n<p>Bestill noen av disse fantastiske jutesekkene i god tid f\u00f8r jul.<\/p>\n<p>St\u00f8rrelse: H: 76 cm; B: 55 cm<\/p>\n<\/p>\n<p>St\u00f8rrelse: H: 76 cm; B: 55 cm<\/p>\n<\/p>\n<p>Bestill noen av disse fantastiske jutesekkene i god tid f\u00f8r jul.<\/p>\n","protected":false},"excerpt":{"rendered":"<p>Gjem julegavene til dine kj\u00e6re med Ikke \u00e5pne f\u00f8r juledag Jutesekk Denne herlige og festlige jutesekken er sterk og solid, slik at du kan fylle den med gaver til venner og familie og ogs\u00e5 gjenbruke den neste \u00e5r, slik at du kan f\u00e5 mye bruk for den. Og ikke minst har den et nydelig juledesign. [&hellip;]<\/p>\n","protected":false},"featured_media":356899,"comment_status":"closed","ping_status":"open","template":"","meta":{"_angie_page":false},"product_brand":[],"product_cat":[8385,10743],"product_tag":[],"class_list":{"0":"post-209045","1":"product","2":"type-product","3":"status-publish","4":"has-post-thumbnail","6":"product_cat-gaveinnpakning","7":"product_cat-papirposer-juteposer-og-bomullsposer","8":"pa_collection-jute-santa-sacks-no","9":"pa_made-in-india","11":"first","12":"outofstock","13":"purchasable","14":"product-type-simple"},"supplier_id":null,"supplier_sku":"SANTA-01","barcode":null,"atum_controlled":true,"out_stock_date":"2025-09-05 14:11:12","out_stock_threshold":null,"inheritable":false,"inbound_stock":null,"stock_on_hold":0,"sold_today":0,"sales_last_days":0,"reserved_stock":null,"customer_returns":null,"warehouse_damage":null,"lost_in_post":null,"other_logs":null,"out_stock_days":0,"lost_sales":0,"has_location":null,"update_date":"2026-04-27T07:20:24","atum_locations":[],"atum_stock_status":"outofstock","restock_status":false,"low_stock_amount":"","sales_update_date":"2025-09-05T00:28:00","calc_backorders":null,"_links":{"self":[{"href":"https:\/\/aromasentia.com\/no\/wp-json\/wp\/v2\/product\/209045","targetHints":{"allow":["GET"]}}],"collection":[{"href":"https:\/\/aromasentia.com\/no\/wp-json\/wp\/v2\/product"}],"about":[{"href":"https:\/\/aromasentia.com\/no\/wp-json\/wp\/v2\/types\/product"}],"replies":[{"embeddable":true,"href":"https:\/\/aromasentia.com\/no\/wp-json\/wp\/v2\/comments?post=209045"}],"version-history":[{"count":0,"href":"https:\/\/aromasentia.com\/no\/wp-json\/wp\/v2\/product\/209045\/revisions"}],"wp:featuredmedia":[{"embeddable":true,"href":"https:\/\/aromasentia.com\/no\/wp-json\/wp\/v2\/media\/356899"}],"wp:attachment":[{"href":"https:\/\/aromasentia.com\/no\/wp-json\/wp\/v2\/media?parent=209045"}],"wp:term":[{"taxonomy":"product_brand","embeddable":true,"href":"https:\/\/aromasentia.com\/no\/wp-json\/wp\/v2\/product_brand?post=209045"},{"taxonomy":"product_cat","embeddable":true,"href":"https:\/\/aromasentia.com\/no\/wp-json\/wp\/v2\/product_cat?post=209045"},{"taxonomy":"product_tag","embeddable":true,"href":"https:\/\/aromasentia.com\/no\/wp-json\/wp\/v2\/product_tag?post=209045"}],"curies":[{"name":"wp","href":"https:\/\/api.w.org\/{rel}","templated":true}]}}