{"id":209043,"date":"2025-03-22T14:18:40","date_gmt":"2025-03-22T14:18:40","guid":{"rendered":"https:\/\/aromasentia.com\/product\/reusable-foam-dispenser-bottle-450ml\/"},"modified":"2025-05-31T05:43:13","modified_gmt":"2025-05-31T05:43:13","slug":"gjenbrukbar-skumdispenserflaske-450ml","status":"publish","type":"product","link":"https:\/\/aromasentia.com\/no\/gjenbrukbar-skumdispenserflaske-450ml\/","title":{"rendered":"Gjenbrukbar Skumdispenserflaske &#8211; 450ml"},"content":{"rendered":"<p><span style=\"color: rgb(75, 80, 88);\">Forbedre produkttilbudet ditt med v\u00e5re splitter nye <strong>gjenbrukbare dispenserflasker<\/strong>, designet for \u00e5 im\u00f8tekomme de stadig skiftende behovene til b\u00e5de bedrifter og milj\u00f8bevisste forbrukere. Disse elegante, gr\u00f8nnfargede flaskene er laget av slitesterk og robust plast, noe som sikrer at de t\u00e5ler tidens tann samtidig som de har en positiv innvirkning p\u00e5 milj\u00f8et.<\/span><\/p>\n<p><span style=\"color: rgb(75, 80, 88);\">Vi introduserer v\u00e5r gjenbrukbare skumdispenserflaske med en romslig kapasitet p\u00e5 450 ml. Denne flasken er laget av slitesterk plast og er spesielt designet for skumprodukter. Pumpemekanismen skaper et rikt skum for h\u00e5nds\u00e5per, skummende rensemidler eller andre skumformulerte produkter. Den innovative plastspennen gir ekstra sikkerhet under transport eller oppbevaring. Hvis du driver med \u00e5 selge skumprodukter, tilbyr denne flasken en f\u00f8rsteklasses og b\u00e6rekraftig emballasjel\u00f8sning.<\/span><\/p>\n<p><span style=\"color: rgb(75, 80, 88);\"><strong>M\u00e5l p\u00e5 flasken:<\/strong><\/span><\/p>\n<p>6,5 x 18,5 x 6,5 cm<\/p>\n<p><span style=\"color: rgb(75, 80, 88);\"><strong>M\u00e5l p\u00e5 beholderen:<\/strong><\/span><\/p>\n<p>6,5 x 11,5 x 6,5 cm<\/p>\n","protected":false},"excerpt":{"rendered":"<p>Forbedre produkttilbudet ditt med v\u00e5re splitter nye gjenbrukbare dispenserflasker, designet for \u00e5 im\u00f8tekomme de stadig skiftende behovene til b\u00e5de bedrifter og milj\u00f8bevisste forbrukere. Disse elegante, gr\u00f8nnfargede flaskene er laget av slitesterk og robust plast, noe som sikrer at de t\u00e5ler tidens tann samtidig som de har en positiv innvirkning p\u00e5 milj\u00f8et. Vi introduserer v\u00e5r gjenbrukbare [&hellip;]<\/p>\n","protected":false},"featured_media":356809,"comment_status":"closed","ping_status":"open","template":"","meta":{"_angie_page":false},"product_brand":[],"product_cat":[8385,10756],"product_tag":[],"class_list":{"0":"post-209043","1":"product","2":"type-product","3":"status-publish","4":"has-post-thumbnail","6":"product_cat-gaveinnpakning","7":"product_cat-white-labeling","8":"pa_collection-reusable-dispenser-bottles-no","9":"pa_made-in-kina","10":"pa_size-450ml","12":"first","13":"instock","14":"purchasable","15":"product-type-simple"},"supplier_id":null,"supplier_sku":"RPD-04","barcode":null,"atum_controlled":true,"out_stock_date":null,"out_stock_threshold":null,"inheritable":false,"inbound_stock":null,"stock_on_hold":0,"sold_today":0,"sales_last_days":0,"reserved_stock":null,"customer_returns":null,"warehouse_damage":null,"lost_in_post":null,"other_logs":null,"out_stock_days":0,"lost_sales":0,"has_location":null,"update_date":"2026-04-27T07:19:52","atum_locations":[],"atum_stock_status":"instock","restock_status":false,"low_stock_amount":"","sales_update_date":"2026-01-30T01:25:33","calc_backorders":null,"_links":{"self":[{"href":"https:\/\/aromasentia.com\/no\/wp-json\/wp\/v2\/product\/209043","targetHints":{"allow":["GET"]}}],"collection":[{"href":"https:\/\/aromasentia.com\/no\/wp-json\/wp\/v2\/product"}],"about":[{"href":"https:\/\/aromasentia.com\/no\/wp-json\/wp\/v2\/types\/product"}],"replies":[{"embeddable":true,"href":"https:\/\/aromasentia.com\/no\/wp-json\/wp\/v2\/comments?post=209043"}],"version-history":[{"count":0,"href":"https:\/\/aromasentia.com\/no\/wp-json\/wp\/v2\/product\/209043\/revisions"}],"wp:featuredmedia":[{"embeddable":true,"href":"https:\/\/aromasentia.com\/no\/wp-json\/wp\/v2\/media\/356809"}],"wp:attachment":[{"href":"https:\/\/aromasentia.com\/no\/wp-json\/wp\/v2\/media?parent=209043"}],"wp:term":[{"taxonomy":"product_brand","embeddable":true,"href":"https:\/\/aromasentia.com\/no\/wp-json\/wp\/v2\/product_brand?post=209043"},{"taxonomy":"product_cat","embeddable":true,"href":"https:\/\/aromasentia.com\/no\/wp-json\/wp\/v2\/product_cat?post=209043"},{"taxonomy":"product_tag","embeddable":true,"href":"https:\/\/aromasentia.com\/no\/wp-json\/wp\/v2\/product_tag?post=209043"}],"curies":[{"name":"wp","href":"https:\/\/api.w.org\/{rel}","templated":true}]}}