{"id":209032,"date":"2025-03-22T14:18:40","date_gmt":"2025-03-22T14:18:40","guid":{"rendered":"https:\/\/aromasentia.com\/product\/set-of-3-storage-display-boxes-brown\/"},"modified":"2025-05-31T05:42:28","modified_gmt":"2025-05-31T05:42:28","slug":"sett-med-3-oppbevarings-utstillingsbokser-brun","status":"publish","type":"product","link":"https:\/\/aromasentia.com\/no\/sett-med-3-oppbevarings-utstillingsbokser-brun\/","title":{"rendered":"Sett med 3 Oppbevarings-\/Utstillingsbokser &#8211; Brun"},"content":{"rendered":"<p>Sett med tre fruktkasser laget av Albesia-trevirke som er etisk produsert i Indonesia. Disse fantastiske fruktkassene i brunvasket tre er perfekte for all slags oppbevaring, fra resirkulering til frukt og gr\u00f8nnsaker til opptenningsved til magasiner. Uansett er det mange m\u00e5ter kundene dine kan forvandle disse kassene p\u00e5 utover det tiltenkte bruksomr\u00e5det.<\/p>\n<p>Trekasser kan til og med f\u00e5 et veldig industrielt preg. Uansett hvilken designsmak du har, <strong>Bestill n\u00e5 og tjen penger.<\/strong><\/p>\n<p>Kassens m\u00e5l: Large:H:25cm B:45cm D:30 Vekt: 1.926g Medium: H:24cm B:35cm D:25 Vekt: 1.540g Small:H:20cm B:25cm D:20 Vekt: 140g<\/p>\n<p>><\/p>\n","protected":false},"excerpt":{"rendered":"<p>Sett med tre fruktkasser laget av Albesia-trevirke som er etisk produsert i Indonesia. Disse fantastiske fruktkassene i brunvasket tre er perfekte for all slags oppbevaring, fra resirkulering til frukt og gr\u00f8nnsaker til opptenningsved til magasiner. Uansett er det mange m\u00e5ter kundene dine kan forvandle disse kassene p\u00e5 utover det tiltenkte bruksomr\u00e5det. Trekasser kan til og [&hellip;]<\/p>\n","protected":false},"featured_media":356414,"comment_status":"closed","ping_status":"open","template":"","meta":{"_angie_page":false},"product_brand":[],"product_cat":[8385,10747],"product_tag":[],"class_list":{"0":"post-209032","1":"product","2":"type-product","3":"status-publish","4":"has-post-thumbnail","6":"product_cat-gaveinnpakning","7":"product_cat-sloyfer-og-utstillingsmateriell","8":"pa_collection-retail-display-stands-no","9":"pa_made-in-indonesia","11":"first","12":"instock","13":"purchasable","14":"product-type-simple"},"supplier_id":null,"supplier_sku":"RDS-151","barcode":null,"atum_controlled":true,"out_stock_date":null,"out_stock_threshold":null,"inheritable":false,"inbound_stock":null,"stock_on_hold":0,"sold_today":0,"sales_last_days":0,"reserved_stock":null,"customer_returns":null,"warehouse_damage":null,"lost_in_post":null,"other_logs":null,"out_stock_days":146,"lost_sales":0,"has_location":null,"update_date":"2026-04-27T07:27:41","atum_locations":[],"atum_stock_status":"instock","restock_status":false,"low_stock_amount":"","sales_update_date":"2026-01-30T01:24:21","calc_backorders":null,"_links":{"self":[{"href":"https:\/\/aromasentia.com\/no\/wp-json\/wp\/v2\/product\/209032","targetHints":{"allow":["GET"]}}],"collection":[{"href":"https:\/\/aromasentia.com\/no\/wp-json\/wp\/v2\/product"}],"about":[{"href":"https:\/\/aromasentia.com\/no\/wp-json\/wp\/v2\/types\/product"}],"replies":[{"embeddable":true,"href":"https:\/\/aromasentia.com\/no\/wp-json\/wp\/v2\/comments?post=209032"}],"version-history":[{"count":0,"href":"https:\/\/aromasentia.com\/no\/wp-json\/wp\/v2\/product\/209032\/revisions"}],"wp:featuredmedia":[{"embeddable":true,"href":"https:\/\/aromasentia.com\/no\/wp-json\/wp\/v2\/media\/356414"}],"wp:attachment":[{"href":"https:\/\/aromasentia.com\/no\/wp-json\/wp\/v2\/media?parent=209032"}],"wp:term":[{"taxonomy":"product_brand","embeddable":true,"href":"https:\/\/aromasentia.com\/no\/wp-json\/wp\/v2\/product_brand?post=209032"},{"taxonomy":"product_cat","embeddable":true,"href":"https:\/\/aromasentia.com\/no\/wp-json\/wp\/v2\/product_cat?post=209032"},{"taxonomy":"product_tag","embeddable":true,"href":"https:\/\/aromasentia.com\/no\/wp-json\/wp\/v2\/product_tag?post=209032"}],"curies":[{"name":"wp","href":"https:\/\/api.w.org\/{rel}","templated":true}]}}