{"id":209029,"date":"2025-03-22T14:18:40","date_gmt":"2025-03-22T14:18:40","guid":{"rendered":"https:\/\/aromasentia.com\/product\/room-perfume-display-stand-mango-wood\/"},"modified":"2025-05-31T05:42:19","modified_gmt":"2025-05-31T05:42:19","slug":"room-perfume-display-stand-mangotre","status":"publish","type":"product","link":"https:\/\/aromasentia.com\/no\/room-perfume-display-stand-mangotre\/","title":{"rendered":"Room Perfume Display Stand &#8211; Mangotre"},"content":{"rendered":"<p>St\u00f8rrelse p\u00e5 parfymestativet i tre<\/p>\n<p>Bredde: 32 cm, lengde: 22,5 cm, h\u00f8yde: 31 cm (h\u00f8yde uten topptekst 21 cm)<\/p>\n<p>St\u00f8rrelse p\u00e5 hyllen: 27 cm x 9,5 cm<\/p>\n<p>St\u00f8rrelse p\u00e5 hyllen: 27 cm x 9,5 cm<\/p>\n<p>Stativet selges tomt.5cm<\/p>\n<p>Vekt: 2kg<\/p>\n<p>Stativet selges tomt, produktene er kun for illustrasjonsform\u00e5l.<\/p>\n<p>Et parfymestativ i tre med to hyller har plass til 24 flasker p\u00e5 50 ml.<\/p>\n<\/p>\n<p>Et parfymestativ i tre med to hyller har plass til 24 flasker p\u00e5 50 ml.<\/p>\n<p>\n","protected":false},"excerpt":{"rendered":"<p>St\u00f8rrelse p\u00e5 parfymestativet i tre Bredde: 32 cm, lengde: 22,5 cm, h\u00f8yde: 31 cm (h\u00f8yde uten topptekst 21 cm) St\u00f8rrelse p\u00e5 hyllen: 27 cm x 9,5 cm St\u00f8rrelse p\u00e5 hyllen: 27 cm x 9,5 cm Stativet selges tomt.5cm Vekt: 2kg Stativet selges tomt, produktene er kun for illustrasjonsform\u00e5l. Et parfymestativ i tre med to hyller [&hellip;]<\/p>\n","protected":false},"featured_media":356307,"comment_status":"closed","ping_status":"open","template":"","meta":{"_angie_page":false},"product_brand":[],"product_cat":[8385,10747],"product_tag":[],"class_list":{"0":"post-209029","1":"product","2":"type-product","3":"status-publish","4":"has-post-thumbnail","6":"product_cat-gaveinnpakning","7":"product_cat-sloyfer-og-utstillingsmateriell","8":"pa_collection-retail-display-stands-no","9":"pa_made-in-india","11":"first","12":"outofstock","13":"purchasable","14":"product-type-simple"},"supplier_id":null,"supplier_sku":"RDS-122M","barcode":null,"atum_controlled":true,"out_stock_date":"2026-01-26 06:54:45","out_stock_threshold":null,"inheritable":false,"inbound_stock":null,"stock_on_hold":0,"sold_today":0,"sales_last_days":0,"reserved_stock":null,"customer_returns":null,"warehouse_damage":null,"lost_in_post":null,"other_logs":null,"out_stock_days":0,"lost_sales":0,"has_location":null,"update_date":"2026-04-27T07:19:28","atum_locations":[],"atum_stock_status":"outofstock","restock_status":false,"low_stock_amount":"","sales_update_date":"2025-09-05T00:27:53","calc_backorders":null,"_links":{"self":[{"href":"https:\/\/aromasentia.com\/no\/wp-json\/wp\/v2\/product\/209029","targetHints":{"allow":["GET"]}}],"collection":[{"href":"https:\/\/aromasentia.com\/no\/wp-json\/wp\/v2\/product"}],"about":[{"href":"https:\/\/aromasentia.com\/no\/wp-json\/wp\/v2\/types\/product"}],"replies":[{"embeddable":true,"href":"https:\/\/aromasentia.com\/no\/wp-json\/wp\/v2\/comments?post=209029"}],"version-history":[{"count":0,"href":"https:\/\/aromasentia.com\/no\/wp-json\/wp\/v2\/product\/209029\/revisions"}],"wp:featuredmedia":[{"embeddable":true,"href":"https:\/\/aromasentia.com\/no\/wp-json\/wp\/v2\/media\/356307"}],"wp:attachment":[{"href":"https:\/\/aromasentia.com\/no\/wp-json\/wp\/v2\/media?parent=209029"}],"wp:term":[{"taxonomy":"product_brand","embeddable":true,"href":"https:\/\/aromasentia.com\/no\/wp-json\/wp\/v2\/product_brand?post=209029"},{"taxonomy":"product_cat","embeddable":true,"href":"https:\/\/aromasentia.com\/no\/wp-json\/wp\/v2\/product_cat?post=209029"},{"taxonomy":"product_tag","embeddable":true,"href":"https:\/\/aromasentia.com\/no\/wp-json\/wp\/v2\/product_tag?post=209029"}],"curies":[{"name":"wp","href":"https:\/\/api.w.org\/{rel}","templated":true}]}}