{"id":209028,"date":"2025-03-22T14:18:40","date_gmt":"2025-03-22T14:18:40","guid":{"rendered":"https:\/\/aromasentia.com\/product\/essential-fragrance-oil-mango-wood-stand\/"},"modified":"2025-05-31T05:42:15","modified_gmt":"2025-05-31T05:42:15","slug":"stativ-for-eteriske-oljer-duftoljer-i-mangotre","status":"publish","type":"product","link":"https:\/\/aromasentia.com\/no\/stativ-for-eteriske-oljer-duftoljer-i-mangotre\/","title":{"rendered":"Stativ For Eteriske Oljer\/Duftoljer I Mangotre"},"content":{"rendered":"<p>St\u00f8rrelse p\u00e5 tre-displayet<\/p>\n<p>Bredde: 36 cm, lengde: 33,5 cm, h\u00f8yde: 34 cm (h\u00f8yde uten topptekst 24 cm)<\/p>\n<p>St\u00f8rrelse p\u00e5 hyllen: 30 cm x 9 cm<\/p>\n<p>Vekt: 2,6 kg<\/p>\n<p>Stativet selges tomt, produktene er kun for illustrasjonsform\u00e5l.<\/p>\n<p>Stativet har plass til: 90 flasker med 25 mm diameter<\/p>\n<\/p>\n<p>Stativet har plass til: 90 flasker med 25 mm diameter<\/p>\n<\/p>\n<p>.<\/p>\n","protected":false},"excerpt":{"rendered":"<p>St\u00f8rrelse p\u00e5 tre-displayet Bredde: 36 cm, lengde: 33,5 cm, h\u00f8yde: 34 cm (h\u00f8yde uten topptekst 24 cm) St\u00f8rrelse p\u00e5 hyllen: 30 cm x 9 cm Vekt: 2,6 kg Stativet selges tomt, produktene er kun for illustrasjonsform\u00e5l. Stativet har plass til: 90 flasker med 25 mm diameter Stativet har plass til: 90 flasker med 25 mm [&hellip;]<\/p>\n","protected":false},"featured_media":356266,"comment_status":"closed","ping_status":"open","template":"","meta":{"_angie_page":false},"product_brand":[],"product_cat":[8385,10747],"product_tag":[],"class_list":{"0":"post-209028","1":"product","2":"type-product","3":"status-publish","4":"has-post-thumbnail","6":"product_cat-gaveinnpakning","7":"product_cat-sloyfer-og-utstillingsmateriell","8":"pa_collection-retail-display-stands-no","9":"pa_made-in-india","11":"first","12":"outofstock","13":"purchasable","14":"product-type-simple"},"supplier_id":null,"supplier_sku":"RDS-118M","barcode":null,"atum_controlled":true,"out_stock_date":"2026-01-25 15:06:48","out_stock_threshold":null,"inheritable":false,"inbound_stock":null,"stock_on_hold":0,"sold_today":0,"sales_last_days":0,"reserved_stock":null,"customer_returns":null,"warehouse_damage":null,"lost_in_post":null,"other_logs":null,"out_stock_days":0,"lost_sales":0,"has_location":null,"update_date":"2026-04-27T07:19:28","atum_locations":[],"atum_stock_status":"outofstock","restock_status":false,"low_stock_amount":"","sales_update_date":"2025-09-05T00:27:52","calc_backorders":null,"_links":{"self":[{"href":"https:\/\/aromasentia.com\/no\/wp-json\/wp\/v2\/product\/209028","targetHints":{"allow":["GET"]}}],"collection":[{"href":"https:\/\/aromasentia.com\/no\/wp-json\/wp\/v2\/product"}],"about":[{"href":"https:\/\/aromasentia.com\/no\/wp-json\/wp\/v2\/types\/product"}],"replies":[{"embeddable":true,"href":"https:\/\/aromasentia.com\/no\/wp-json\/wp\/v2\/comments?post=209028"}],"version-history":[{"count":0,"href":"https:\/\/aromasentia.com\/no\/wp-json\/wp\/v2\/product\/209028\/revisions"}],"wp:featuredmedia":[{"embeddable":true,"href":"https:\/\/aromasentia.com\/no\/wp-json\/wp\/v2\/media\/356266"}],"wp:attachment":[{"href":"https:\/\/aromasentia.com\/no\/wp-json\/wp\/v2\/media?parent=209028"}],"wp:term":[{"taxonomy":"product_brand","embeddable":true,"href":"https:\/\/aromasentia.com\/no\/wp-json\/wp\/v2\/product_brand?post=209028"},{"taxonomy":"product_cat","embeddable":true,"href":"https:\/\/aromasentia.com\/no\/wp-json\/wp\/v2\/product_cat?post=209028"},{"taxonomy":"product_tag","embeddable":true,"href":"https:\/\/aromasentia.com\/no\/wp-json\/wp\/v2\/product_tag?post=209028"}],"curies":[{"name":"wp","href":"https:\/\/api.w.org\/{rel}","templated":true}]}}