{"id":209027,"date":"2025-03-22T14:18:40","date_gmt":"2025-03-22T14:18:40","guid":{"rendered":"https:\/\/aromasentia.com\/product\/bath-bomb-5-shelf-display-brownwash\/"},"modified":"2025-05-31T05:42:12","modified_gmt":"2025-05-31T05:42:12","slug":"badebombe-display-med-5-hyller-brownwash","status":"publish","type":"product","link":"https:\/\/aromasentia.com\/no\/badebombe-display-med-5-hyller-brownwash\/","title":{"rendered":"Badebombe Display med 5 Hyller &#8211; Brownwash"},"content":{"rendered":"<p><strong>Five Shelf Bath Bomb Display med tavle<\/strong>, denne hyllen er en umiddelbar plassbesparende enhet som er like praktisk for \u00e5 vise frem badebombene dine.&nbsp;<\/p>\n<p>H\u00e5ndlaget av b\u00e6rekraftig Albesia Wood i hjertet av landsbyene p\u00e5 Bali. Passer ogs\u00e5 til b\u00f8ker, blomsterpotter og h\u00e5ndkleutstilling.<\/p>\n<p><strong>Wholesale Bath Bomb Display Stands<\/strong> er designet for \u00e5 v\u00e6re i hjertet av en moderne gavebutikk: gjennomtenkt, godt laget og overraskende rimelig. Utseendet er moderne og ryddig.<\/p>\n<p>Leveres i esken med to deler, utstyrt med skruer for \u00e5 passe til bunnen og \u00f8verste hylle, veldig enkelt \u00e5 montere. Displaystativet har ogs\u00e5 en krok p\u00e5 baksiden som passer til veggen.<\/p>\n<p><a href=\"https:\/\/aromasentia.com\/starter\"><strong><span style=\"color: rgb(184, 49, 47);\">Se v\u00e5r startpakke med badebomber her.&nbsp;<\/span><\/strong><\/a><\/p>\n<p><strong><span style=\"color: rgb(0, 0, 0);\">Kj\u00f8p n\u00e5 for \u00e5 skape den ultimate baderomshimmelen i butikken din.&nbsp;<\/span><\/strong><strong><strong><span style=\"color: rgb(0, 0, 0);\"><span class=\"fr-emoticon fr-deletable fr-emoticon-img\" style=\"background: url(https:\/\/cdnjs.cloudflare.com\/ajax\/libs\/emojione\/2.0.1\/assets\/svg\/1f600.svg);\">&nbsp;<\/span>&nbsp;<\/span><\/strong><\/p>\n<p><strong>V\u00e6r oppmerksom p\u00e5: For bestillinger utenfor UK MAINLAND &nbsp;vil frakt av stativet bli belastet separat. Vi vil gi et tilbud. <\/strong><\/p>\n<p><em>V\u00e6r oppmerksom p\u00e5: Displaystativet selges tomt.<\/em><\/p>\n<p><em>Hyllest\u00f8rrelser: D:40cm B:56cm H:180cm<\/strong><\/em><\/p>\n","protected":false},"excerpt":{"rendered":"<p>Five Shelf Bath Bomb Display med tavle, denne hyllen er en umiddelbar plassbesparende enhet som er like praktisk for \u00e5 vise frem badebombene dine.&nbsp; H\u00e5ndlaget av b\u00e6rekraftig Albesia Wood i hjertet av landsbyene p\u00e5 Bali. Passer ogs\u00e5 til b\u00f8ker, blomsterpotter og h\u00e5ndkleutstilling. Wholesale Bath Bomb Display Stands er designet for \u00e5 v\u00e6re i hjertet av [&hellip;]<\/p>\n","protected":false},"featured_media":356233,"comment_status":"closed","ping_status":"open","template":"","meta":{"_angie_page":false},"product_brand":[],"product_cat":[8385,10747],"product_tag":[],"class_list":{"0":"post-209027","1":"product","2":"type-product","3":"status-publish","4":"has-post-thumbnail","6":"product_cat-gaveinnpakning","7":"product_cat-sloyfer-og-utstillingsmateriell","8":"pa_collection-retail-display-stands-no","9":"pa_made-in-indonesia","11":"first","12":"outofstock","13":"purchasable","14":"product-type-simple"},"supplier_id":null,"supplier_sku":"RDS-127","barcode":null,"atum_controlled":true,"out_stock_date":"2026-01-23 13:06:33","out_stock_threshold":null,"inheritable":false,"inbound_stock":null,"stock_on_hold":0,"sold_today":0,"sales_last_days":0,"reserved_stock":null,"customer_returns":null,"warehouse_damage":null,"lost_in_post":null,"other_logs":null,"out_stock_days":0,"lost_sales":0,"has_location":null,"update_date":"2026-04-27T07:19:28","atum_locations":[],"atum_stock_status":"outofstock","restock_status":false,"low_stock_amount":"","sales_update_date":"2025-09-05T00:27:52","calc_backorders":null,"_links":{"self":[{"href":"https:\/\/aromasentia.com\/no\/wp-json\/wp\/v2\/product\/209027","targetHints":{"allow":["GET"]}}],"collection":[{"href":"https:\/\/aromasentia.com\/no\/wp-json\/wp\/v2\/product"}],"about":[{"href":"https:\/\/aromasentia.com\/no\/wp-json\/wp\/v2\/types\/product"}],"replies":[{"embeddable":true,"href":"https:\/\/aromasentia.com\/no\/wp-json\/wp\/v2\/comments?post=209027"}],"version-history":[{"count":0,"href":"https:\/\/aromasentia.com\/no\/wp-json\/wp\/v2\/product\/209027\/revisions"}],"wp:featuredmedia":[{"embeddable":true,"href":"https:\/\/aromasentia.com\/no\/wp-json\/wp\/v2\/media\/356233"}],"wp:attachment":[{"href":"https:\/\/aromasentia.com\/no\/wp-json\/wp\/v2\/media?parent=209027"}],"wp:term":[{"taxonomy":"product_brand","embeddable":true,"href":"https:\/\/aromasentia.com\/no\/wp-json\/wp\/v2\/product_brand?post=209027"},{"taxonomy":"product_cat","embeddable":true,"href":"https:\/\/aromasentia.com\/no\/wp-json\/wp\/v2\/product_cat?post=209027"},{"taxonomy":"product_tag","embeddable":true,"href":"https:\/\/aromasentia.com\/no\/wp-json\/wp\/v2\/product_tag?post=209027"}],"curies":[{"name":"wp","href":"https:\/\/api.w.org\/{rel}","templated":true}]}}