{"id":209025,"date":"2025-03-22T14:18:40","date_gmt":"2025-03-22T14:18:40","guid":{"rendered":"https:\/\/aromasentia.com\/product\/twentyfive-box-tray-display\/"},"modified":"2025-05-31T05:41:58","modified_gmt":"2025-05-31T05:41:58","slug":"display-med-tjuefem-esker","status":"publish","type":"product","link":"https:\/\/aromasentia.com\/no\/display-med-tjuefem-esker\/","title":{"rendered":"Display med Tjuefem Esker"},"content":{"rendered":"<p><strong><span style=\"color: rgb(184, 49, 47);\">Din Twenty-five Box Tray Wooden Display Stand<\/span><\/strong> er designet for \u00e5 v\u00e6re i hjertet av din moderne gavebutikk, gjennomtenkt, godt laget og overraskende rimelig. F\u00f8lelsen er moderne og ryddig.<\/p>\n<p><strong><span style=\"color: rgb(184, 49, 47);\">Wholesale Wooden Display Stands<\/span>,&nbsp;<\/strong>de 25 brettene er konstruert helt og holdent av hvitkalket Albesia-tre, lett og slitesterkt treverk. Perfekt til \u00e5 b\u00e6re med ferdige produkter, laste bilen og rett ut p\u00e5 markedet. Dette praktiske utstillingsbrettet har ogs\u00e5 en sammenleggbar topptekst med krittavle. Forestill deg et brett fullt av fargerike <strong><a class=\"fr-gr\u00f8nn\" href=\"https:\/\/aromasentia.com\/fgsoap\">Blomsterformede gjestes\u00e5per<\/a>,&nbsp;<\/strong> og du vil tiltrekke deg kundens oppmerksomhet.<strong><\/strong><\/p>\n<p>Hver eske m\u00e5ler Dybde: 7cm, Lengde: 6cm, Bredde: 9cm<\/p>\n<p>Brett m\u00e5ler: Lengde: 52 cm, dybde: 38 cm, h\u00f8yde: 9,5 cm Vekt: 1,930 g<\/p>\n<p><strong><span style=\"color: rgb(184, 49, 47);\">Bestill i dag for \u00e5 f\u00e5 denne skjermen i butikken din. &nbsp;&nbsp;<\/span><\/strong><\/p>\n","protected":false},"excerpt":{"rendered":"<p>Din Twenty-five Box Tray Wooden Display Stand er designet for \u00e5 v\u00e6re i hjertet av din moderne gavebutikk, gjennomtenkt, godt laget og overraskende rimelig. F\u00f8lelsen er moderne og ryddig. Wholesale Wooden Display Stands,&nbsp;de 25 brettene er konstruert helt og holdent av hvitkalket Albesia-tre, lett og slitesterkt treverk. Perfekt til \u00e5 b\u00e6re med ferdige produkter, laste [&hellip;]<\/p>\n","protected":false},"featured_media":356143,"comment_status":"closed","ping_status":"open","template":"","meta":{"_angie_page":false},"product_brand":[],"product_cat":[8385,10747],"product_tag":[],"class_list":{"0":"post-209025","1":"product","2":"type-product","3":"status-publish","4":"has-post-thumbnail","6":"product_cat-gaveinnpakning","7":"product_cat-sloyfer-og-utstillingsmateriell","8":"pa_collection-retail-display-stands-no","9":"pa_made-in-indonesia","11":"first","12":"instock","13":"purchasable","14":"product-type-simple"},"supplier_id":null,"supplier_sku":"RDS-57","barcode":null,"atum_controlled":true,"out_stock_date":null,"out_stock_threshold":null,"inheritable":false,"inbound_stock":null,"stock_on_hold":0,"sold_today":0,"sales_last_days":0,"reserved_stock":null,"customer_returns":null,"warehouse_damage":null,"lost_in_post":null,"other_logs":null,"out_stock_days":0,"lost_sales":0,"has_location":null,"update_date":"2026-05-08T05:17:59","atum_locations":[],"atum_stock_status":"instock","restock_status":false,"low_stock_amount":"","sales_update_date":"2026-01-30T01:24:30","calc_backorders":null,"_links":{"self":[{"href":"https:\/\/aromasentia.com\/no\/wp-json\/wp\/v2\/product\/209025","targetHints":{"allow":["GET"]}}],"collection":[{"href":"https:\/\/aromasentia.com\/no\/wp-json\/wp\/v2\/product"}],"about":[{"href":"https:\/\/aromasentia.com\/no\/wp-json\/wp\/v2\/types\/product"}],"replies":[{"embeddable":true,"href":"https:\/\/aromasentia.com\/no\/wp-json\/wp\/v2\/comments?post=209025"}],"version-history":[{"count":0,"href":"https:\/\/aromasentia.com\/no\/wp-json\/wp\/v2\/product\/209025\/revisions"}],"wp:featuredmedia":[{"embeddable":true,"href":"https:\/\/aromasentia.com\/no\/wp-json\/wp\/v2\/media\/356143"}],"wp:attachment":[{"href":"https:\/\/aromasentia.com\/no\/wp-json\/wp\/v2\/media?parent=209025"}],"wp:term":[{"taxonomy":"product_brand","embeddable":true,"href":"https:\/\/aromasentia.com\/no\/wp-json\/wp\/v2\/product_brand?post=209025"},{"taxonomy":"product_cat","embeddable":true,"href":"https:\/\/aromasentia.com\/no\/wp-json\/wp\/v2\/product_cat?post=209025"},{"taxonomy":"product_tag","embeddable":true,"href":"https:\/\/aromasentia.com\/no\/wp-json\/wp\/v2\/product_tag?post=209025"}],"curies":[{"name":"wp","href":"https:\/\/api.w.org\/{rel}","templated":true}]}}