{"id":209019,"date":"2025-03-22T16:04:38","date_gmt":"2025-03-22T16:04:38","guid":{"rendered":"https:\/\/aromasentia.com\/product\/bamboo-windchime-natural-finish-4-big-tubes\/"},"modified":"2025-05-31T05:41:36","modified_gmt":"2025-05-31T05:41:36","slug":"vindspill-i-bambus-naturlig-finish-4-store-ror-2","status":"publish","type":"product","link":"https:\/\/aromasentia.com\/no\/vindspill-i-bambus-naturlig-finish-4-store-ror-2\/","title":{"rendered":"Vindspill I Bambus &#8211; Naturlig Finish &#8211; 4 Store R\u00f8r"},"content":{"rendered":"<p>Nyt dype, resonante toner med dette vindklokkespillet i bambus &#8211; naturlig finish &#8211; 4 store r\u00f8r. Dette imponerende vindklokkespillet er konstruert med fire store bambusr\u00f8r, designet for \u00e5 skape lavere, mer klangfulle og dype resonanslyder n\u00e5r brisen passerer gjennom. Den naturlige bambusfinishen gir et autentisk, jordn\u00e6rt utseende som er ideelt for \u00e5 skape en jordn\u00e6r og fredelig atmosf\u00e6re i hagen, p\u00e5 verandaen eller i meditasjonsrommet. Et viktig m\u00f8bel for deg som setter pris p\u00e5 rike, naturlige harmonier og rustikk design.<\/p>\n","protected":false},"excerpt":{"rendered":"<p>Nyt dype, resonante toner med dette vindklokkespillet i bambus &#8211; naturlig finish &#8211; 4 store r\u00f8r. Dette imponerende vindklokkespillet er konstruert med fire store bambusr\u00f8r, designet for \u00e5 skape lavere, mer klangfulle og dype resonanslyder n\u00e5r brisen passerer gjennom. Den naturlige bambusfinishen gir et autentisk, jordn\u00e6rt utseende som er ideelt for \u00e5 skape en jordn\u00e6r [&hellip;]<\/p>\n","protected":false},"featured_media":642562,"comment_status":"closed","ping_status":"open","template":"","meta":{"_angie_page":false},"product_brand":[],"product_cat":[8394,10625],"product_tag":[],"class_list":{"0":"post-209019","1":"product","2":"type-product","3":"status-publish","4":"has-post-thumbnail","6":"product_cat-hjem-og-hage","7":"product_cat-vindspill","8":"pa_collection-bamboo-mountain-wind-chimes-no","9":"pa_made-in-indonesia","11":"first","12":"instock","13":"purchasable","14":"product-type-simple"},"supplier_id":null,"supplier_sku":"BBamC-08","barcode":null,"atum_controlled":true,"out_stock_date":null,"out_stock_threshold":null,"inheritable":false,"inbound_stock":null,"stock_on_hold":0,"sold_today":0,"sales_last_days":0,"reserved_stock":null,"customer_returns":null,"warehouse_damage":null,"lost_in_post":null,"other_logs":null,"out_stock_days":0,"lost_sales":0,"has_location":null,"update_date":"2026-04-27T06:54:15","atum_locations":[],"atum_stock_status":"instock","restock_status":false,"low_stock_amount":"","sales_update_date":"2026-02-06T00:01:27","calc_backorders":null,"_links":{"self":[{"href":"https:\/\/aromasentia.com\/no\/wp-json\/wp\/v2\/product\/209019","targetHints":{"allow":["GET"]}}],"collection":[{"href":"https:\/\/aromasentia.com\/no\/wp-json\/wp\/v2\/product"}],"about":[{"href":"https:\/\/aromasentia.com\/no\/wp-json\/wp\/v2\/types\/product"}],"replies":[{"embeddable":true,"href":"https:\/\/aromasentia.com\/no\/wp-json\/wp\/v2\/comments?post=209019"}],"version-history":[{"count":0,"href":"https:\/\/aromasentia.com\/no\/wp-json\/wp\/v2\/product\/209019\/revisions"}],"wp:featuredmedia":[{"embeddable":true,"href":"https:\/\/aromasentia.com\/no\/wp-json\/wp\/v2\/media\/642562"}],"wp:attachment":[{"href":"https:\/\/aromasentia.com\/no\/wp-json\/wp\/v2\/media?parent=209019"}],"wp:term":[{"taxonomy":"product_brand","embeddable":true,"href":"https:\/\/aromasentia.com\/no\/wp-json\/wp\/v2\/product_brand?post=209019"},{"taxonomy":"product_cat","embeddable":true,"href":"https:\/\/aromasentia.com\/no\/wp-json\/wp\/v2\/product_cat?post=209019"},{"taxonomy":"product_tag","embeddable":true,"href":"https:\/\/aromasentia.com\/no\/wp-json\/wp\/v2\/product_tag?post=209019"}],"curies":[{"name":"wp","href":"https:\/\/api.w.org\/{rel}","templated":true}]}}