{"id":209016,"date":"2025-03-22T16:04:38","date_gmt":"2025-03-22T16:04:38","guid":{"rendered":"https:\/\/aromasentia.com\/product\/bamboo-windchime-natural-finish-coconut-dragon\/"},"modified":"2025-05-31T05:41:24","modified_gmt":"2025-05-31T05:41:24","slug":"vindspill-i-bambus-naturlig-finish-kokosnott-drage","status":"publish","type":"product","link":"https:\/\/aromasentia.com\/no\/vindspill-i-bambus-naturlig-finish-kokosnott-drage\/","title":{"rendered":"Vindspill I Bambus &#8211; Naturlig Finish &#8211; Kokosn\u00f8tt Drage"},"content":{"rendered":"<p>St\u00f8rrelse p\u00e5 produktet:<\/p>\n<p>Lengde 35 cm, bredde 14 cm, h\u00f8yde 115 cm<\/p>\n<p>Vekt: 380 g<\/p>\n<p>H\u00f8yde p\u00e5 drage + r\u00f8r 60 cm<\/p>\n<p>\n","protected":false},"excerpt":{"rendered":"<p>St\u00f8rrelse p\u00e5 produktet: Lengde 35 cm, bredde 14 cm, h\u00f8yde 115 cm Vekt: 380 g H\u00f8yde p\u00e5 drage + r\u00f8r 60 cm<\/p>\n","protected":false},"featured_media":358396,"comment_status":"closed","ping_status":"open","template":"","meta":{"_angie_page":false},"product_brand":[],"product_cat":[8394,10625],"product_tag":[],"class_list":{"0":"post-209016","1":"product","2":"type-product","3":"status-publish","4":"has-post-thumbnail","6":"product_cat-hjem-og-hage","7":"product_cat-vindspill","8":"pa_collection-bamboo-mountain-wind-chimes-no","9":"pa_made-in-indonesia","11":"first","12":"instock","13":"purchasable","14":"product-type-simple"},"supplier_id":null,"supplier_sku":"BBamC-13","barcode":null,"atum_controlled":true,"out_stock_date":null,"out_stock_threshold":null,"inheritable":false,"inbound_stock":null,"stock_on_hold":0,"sold_today":0,"sales_last_days":0,"reserved_stock":null,"customer_returns":null,"warehouse_damage":null,"lost_in_post":null,"other_logs":null,"out_stock_days":0,"lost_sales":0,"has_location":null,"update_date":"2026-05-04T00:02:50","atum_locations":[],"atum_stock_status":"instock","restock_status":false,"low_stock_amount":"","sales_update_date":"2025-10-09T03:25:54","calc_backorders":null,"_links":{"self":[{"href":"https:\/\/aromasentia.com\/no\/wp-json\/wp\/v2\/product\/209016","targetHints":{"allow":["GET"]}}],"collection":[{"href":"https:\/\/aromasentia.com\/no\/wp-json\/wp\/v2\/product"}],"about":[{"href":"https:\/\/aromasentia.com\/no\/wp-json\/wp\/v2\/types\/product"}],"replies":[{"embeddable":true,"href":"https:\/\/aromasentia.com\/no\/wp-json\/wp\/v2\/comments?post=209016"}],"version-history":[{"count":0,"href":"https:\/\/aromasentia.com\/no\/wp-json\/wp\/v2\/product\/209016\/revisions"}],"wp:featuredmedia":[{"embeddable":true,"href":"https:\/\/aromasentia.com\/no\/wp-json\/wp\/v2\/media\/358396"}],"wp:attachment":[{"href":"https:\/\/aromasentia.com\/no\/wp-json\/wp\/v2\/media?parent=209016"}],"wp:term":[{"taxonomy":"product_brand","embeddable":true,"href":"https:\/\/aromasentia.com\/no\/wp-json\/wp\/v2\/product_brand?post=209016"},{"taxonomy":"product_cat","embeddable":true,"href":"https:\/\/aromasentia.com\/no\/wp-json\/wp\/v2\/product_cat?post=209016"},{"taxonomy":"product_tag","embeddable":true,"href":"https:\/\/aromasentia.com\/no\/wp-json\/wp\/v2\/product_tag?post=209016"}],"curies":[{"name":"wp","href":"https:\/\/api.w.org\/{rel}","templated":true}]}}