{"id":209008,"date":"2025-03-22T16:04:38","date_gmt":"2025-03-22T16:04:38","guid":{"rendered":"https:\/\/aromasentia.com\/product\/buddah-painting-gold-brocade-detail\/"},"modified":"2025-05-31T05:40:45","modified_gmt":"2025-05-31T05:40:45","slug":"buddah-maleri-detaljer-i-gullbrokade","status":"publish","type":"product","link":"https:\/\/aromasentia.com\/no\/buddah-maleri-detaljer-i-gullbrokade\/","title":{"rendered":"Buddah Maleri &#8211; Detaljer I Gullbrokade"},"content":{"rendered":"<p><span style=\"color: rgb(75, 80, 88);\">Tilf\u00f8r butikken din litt eleganse og kultur med v\u00e5rt utvalg av <strong>Buddha-malerier<\/strong>. H\u00e5ndlaget med lidenskap og kj\u00e6rlighet med det fineste lerretet og naturlige trerammer av balinesiske h\u00e5ndverkere, derfor er hvert enkelt unikt signert av maleren.<\/span><\/p>\n<p><span style=\"color: rgb(75, 80, 88);\">Buddha-maleriene dine vil ankomme klare til \u00e5 henges p\u00e5 veggen og lyse opp veggene i kundens hjem, yogastudioer, gavebutikker. Den spektakul\u00e6re oppmerksomheten p\u00e5 detaljer gir maleriet realismen og skj\u00f8nnheten.<\/span><\/p>\n<p><span style=\"color: rgb(75, 80, 88);\">Dette Buddha-maleriet vil bidra til \u00e5 skape et avslappende og beroligende preg i ethvert rom. De er tilgjengelige i 14 forskjellige design og st\u00f8rrelser. Dette er en flott gaveid\u00e9 til slektninger og venner. Hvert panel har en bakkrok montert p\u00e5 trerammen, klar til \u00e5 henges opp rett fra esken.<\/span><\/p>\n<p><span style=\"color: rgb(75, 80, 88);\">Bestill ditt Buddha-maleri n\u00e5, begrenset lager.<\/span><\/p>\n<p><span style=\"color: rgb(75, 80, 88);\"><strong>St\u00f8rrelser: H: 80 B: 60 D: 3 cm<\/strong><\/span><\/p>\n","protected":false},"excerpt":{"rendered":"<p>Tilf\u00f8r butikken din litt eleganse og kultur med v\u00e5rt utvalg av Buddha-malerier. H\u00e5ndlaget med lidenskap og kj\u00e6rlighet med det fineste lerretet og naturlige trerammer av balinesiske h\u00e5ndverkere, derfor er hvert enkelt unikt signert av maleren. Buddha-maleriene dine vil ankomme klare til \u00e5 henges p\u00e5 veggen og lyse opp veggene i kundens hjem, yogastudioer, gavebutikker. Den [&hellip;]<\/p>\n","protected":false},"featured_media":358076,"comment_status":"closed","ping_status":"open","template":"","meta":{"_angie_page":false},"product_brand":[],"product_cat":[10400,8394],"product_tag":[],"class_list":{"0":"post-209008","1":"product","2":"type-product","3":"status-publish","4":"has-post-thumbnail","6":"product_cat-dekorasjon","7":"product_cat-hjem-og-hage","8":"pa_collection-buddha-painting-no","9":"pa_made-in-indonesia","11":"first","12":"instock","13":"purchasable","14":"product-type-simple"},"supplier_id":null,"supplier_sku":"BAP-05","barcode":null,"atum_controlled":true,"out_stock_date":null,"out_stock_threshold":null,"inheritable":false,"inbound_stock":null,"stock_on_hold":0,"sold_today":0,"sales_last_days":0,"reserved_stock":null,"customer_returns":null,"warehouse_damage":null,"lost_in_post":null,"other_logs":null,"out_stock_days":0,"lost_sales":0,"has_location":null,"update_date":"2026-04-27T06:53:52","atum_locations":[],"atum_stock_status":"instock","restock_status":false,"low_stock_amount":"","sales_update_date":"2026-01-30T01:24:34","calc_backorders":null,"_links":{"self":[{"href":"https:\/\/aromasentia.com\/no\/wp-json\/wp\/v2\/product\/209008","targetHints":{"allow":["GET"]}}],"collection":[{"href":"https:\/\/aromasentia.com\/no\/wp-json\/wp\/v2\/product"}],"about":[{"href":"https:\/\/aromasentia.com\/no\/wp-json\/wp\/v2\/types\/product"}],"replies":[{"embeddable":true,"href":"https:\/\/aromasentia.com\/no\/wp-json\/wp\/v2\/comments?post=209008"}],"version-history":[{"count":0,"href":"https:\/\/aromasentia.com\/no\/wp-json\/wp\/v2\/product\/209008\/revisions"}],"wp:featuredmedia":[{"embeddable":true,"href":"https:\/\/aromasentia.com\/no\/wp-json\/wp\/v2\/media\/358076"}],"wp:attachment":[{"href":"https:\/\/aromasentia.com\/no\/wp-json\/wp\/v2\/media?parent=209008"}],"wp:term":[{"taxonomy":"product_brand","embeddable":true,"href":"https:\/\/aromasentia.com\/no\/wp-json\/wp\/v2\/product_brand?post=209008"},{"taxonomy":"product_cat","embeddable":true,"href":"https:\/\/aromasentia.com\/no\/wp-json\/wp\/v2\/product_cat?post=209008"},{"taxonomy":"product_tag","embeddable":true,"href":"https:\/\/aromasentia.com\/no\/wp-json\/wp\/v2\/product_tag?post=209008"}],"curies":[{"name":"wp","href":"https:\/\/api.w.org\/{rel}","templated":true}]}}