{"id":209001,"date":"2025-03-22T16:04:38","date_gmt":"2025-03-22T16:04:38","guid":{"rendered":"https:\/\/aromasentia.com\/product\/aluminium-mobile-hearts\/"},"modified":"2025-05-31T05:40:16","modified_gmt":"2025-05-31T05:40:16","slug":"mobil-i-aluminium-hjerter","status":"publish","type":"product","link":"https:\/\/aromasentia.com\/no\/mobil-i-aluminium-hjerter\/","title":{"rendered":"Mobil I Aluminium &#8211; Hjerter"},"content":{"rendered":"<p>Veggdekor i bali-stil i fasjonable pastellfarger og trendy former gir et snev av bali-magi til ethvert hjem. Banket og h\u00e5ndmalt aluminium har blitt brukt i generasjoner til \u00e5 lage offergaveskrin til bruk i templer. N\u00e5 brukes den samme teknikken til \u00e5 lage disse fortryllende aluminiumsmobilene. H\u00e5ndlaget av en mor og datter-bedrift, designene komplett med perler og dusker gir en frisk og vakker hjemmedekorasjon.<\/p>\n","protected":false},"excerpt":{"rendered":"<p>Veggdekor i bali-stil i fasjonable pastellfarger og trendy former gir et snev av bali-magi til ethvert hjem. Banket og h\u00e5ndmalt aluminium har blitt brukt i generasjoner til \u00e5 lage offergaveskrin til bruk i templer. N\u00e5 brukes den samme teknikken til \u00e5 lage disse fortryllende aluminiumsmobilene. H\u00e5ndlaget av en mor og datter-bedrift, designene komplett med perler [&hellip;]<\/p>\n","protected":false},"featured_media":357733,"comment_status":"closed","ping_status":"open","template":"","meta":[],"product_brand":[],"product_cat":[8394,8395,8374],"product_tag":[],"class_list":{"0":"post-209001","1":"product","2":"type-product","3":"status-publish","4":"has-post-thumbnail","6":"product_cat-hjem-og-hage","7":"product_cat-makrameer-og-drommefangere","8":"product_cat-vintage-gaver-og-suvenirer","9":"pa_collection-bali-style-wall-decor-no","10":"pa_made-in-indonesia","12":"first","13":"instock","14":"purchasable","15":"product-type-simple"},"supplier_id":null,"supplier_sku":"BAM-02","barcode":null,"atum_controlled":true,"out_stock_date":null,"out_stock_threshold":null,"inheritable":false,"inbound_stock":null,"stock_on_hold":0,"sold_today":0,"sales_last_days":0,"reserved_stock":null,"customer_returns":null,"warehouse_damage":null,"lost_in_post":null,"other_logs":null,"out_stock_days":0,"lost_sales":0,"has_location":null,"update_date":"2026-01-30T01:26:32","atum_locations":[],"atum_stock_status":"instock","restock_status":false,"low_stock_amount":"","sales_update_date":"2026-01-30T01:26:32","calc_backorders":null,"_links":{"self":[{"href":"https:\/\/aromasentia.com\/no\/wp-json\/wp\/v2\/product\/209001","targetHints":{"allow":["GET"]}}],"collection":[{"href":"https:\/\/aromasentia.com\/no\/wp-json\/wp\/v2\/product"}],"about":[{"href":"https:\/\/aromasentia.com\/no\/wp-json\/wp\/v2\/types\/product"}],"replies":[{"embeddable":true,"href":"https:\/\/aromasentia.com\/no\/wp-json\/wp\/v2\/comments?post=209001"}],"version-history":[{"count":0,"href":"https:\/\/aromasentia.com\/no\/wp-json\/wp\/v2\/product\/209001\/revisions"}],"wp:featuredmedia":[{"embeddable":true,"href":"https:\/\/aromasentia.com\/no\/wp-json\/wp\/v2\/media\/357733"}],"wp:attachment":[{"href":"https:\/\/aromasentia.com\/no\/wp-json\/wp\/v2\/media?parent=209001"}],"wp:term":[{"taxonomy":"product_brand","embeddable":true,"href":"https:\/\/aromasentia.com\/no\/wp-json\/wp\/v2\/product_brand?post=209001"},{"taxonomy":"product_cat","embeddable":true,"href":"https:\/\/aromasentia.com\/no\/wp-json\/wp\/v2\/product_cat?post=209001"},{"taxonomy":"product_tag","embeddable":true,"href":"https:\/\/aromasentia.com\/no\/wp-json\/wp\/v2\/product_tag?post=209001"}],"curies":[{"name":"wp","href":"https:\/\/api.w.org\/{rel}","templated":true}]}}