{"id":208999,"date":"2025-03-22T16:04:38","date_gmt":"2025-03-22T16:04:38","guid":{"rendered":"https:\/\/aromasentia.com\/product\/hand-carved-doorstop-gecko\/"},"modified":"2025-05-31T05:40:09","modified_gmt":"2025-05-31T05:40:09","slug":"handskaret-dorstopper-gecko","status":"publish","type":"product","link":"https:\/\/aromasentia.com\/no\/handskaret-dorstopper-gecko\/","title":{"rendered":"H\u00e5ndsk\u00e5ret D\u00f8rstopper &#8211; Gecko"},"content":{"rendered":"<p>Denne fantastiske <strong>H\u00e5ndsk\u00e5rne d\u00f8rstoppen &#8211; Gecko<\/strong> er laget av kvalitets Jemipinis-tre, strengt kontrollert og b\u00e6rekraftig indonesisk l\u00f8vtre.<\/p>\n<p>En autentisk d\u00f8rstopper i tre er solid nok til \u00e5 holde d\u00f8ren \u00e5pen. Denne dekorative gjenstanden vil passe perfekt inn i ethvert rom i butikken, p\u00e5 kontoret eller hjemme hos kundene dine.<\/p>\n<p>Individuelt h\u00e5ndsk\u00e5ret av dyktige h\u00e5ndverkere p\u00e5 Bali og handlet rettferdig. Det kan v\u00e6re en fantastisk gave til dyreelskende kunder du har.&nbsp;<\/p>\n<p>Perfekt for enhver gavebutikk, men spesielt for de butikkene med en landlig, rustikk atmosf\u00e6re.&nbsp;<\/p>\n<p>St\u00f8rrelse: 15x4x6 cm<\/p>\n<p>Bestill n\u00e5 for \u00e5 holde d\u00f8ren \u00e5pen for kundene dine.<\/p>\n<\/p>\n<p>Bestill n\u00e5 for \u00e5 holde d\u00f8ren \u00e5pen for kundene dine.<\/p>\n<p>\n","protected":false},"excerpt":{"rendered":"<p>Denne fantastiske H\u00e5ndsk\u00e5rne d\u00f8rstoppen &#8211; Gecko er laget av kvalitets Jemipinis-tre, strengt kontrollert og b\u00e6rekraftig indonesisk l\u00f8vtre. En autentisk d\u00f8rstopper i tre er solid nok til \u00e5 holde d\u00f8ren \u00e5pen. Denne dekorative gjenstanden vil passe perfekt inn i ethvert rom i butikken, p\u00e5 kontoret eller hjemme hos kundene dine. Individuelt h\u00e5ndsk\u00e5ret av dyktige h\u00e5ndverkere p\u00e5 [&hellip;]<\/p>\n","protected":false},"featured_media":357627,"comment_status":"closed","ping_status":"open","template":"","meta":{"_angie_page":false},"product_brand":[],"product_cat":[8394,10412],"product_tag":[],"class_list":{"0":"post-208999","1":"product","2":"type-product","3":"status-publish","4":"has-post-thumbnail","6":"product_cat-hjem-og-hage","7":"product_cat-tredekorasjoner","8":"pa_collection-hand-carved-doorstop-no","9":"pa_made-in-indonesia","11":"first","12":"instock","13":"purchasable","14":"product-type-simple"},"supplier_id":null,"supplier_sku":"ADS-06","barcode":null,"atum_controlled":true,"out_stock_date":null,"out_stock_threshold":null,"inheritable":false,"inbound_stock":null,"stock_on_hold":0,"sold_today":0,"sales_last_days":0,"reserved_stock":null,"customer_returns":null,"warehouse_damage":null,"lost_in_post":null,"other_logs":null,"out_stock_days":0,"lost_sales":0,"has_location":null,"update_date":"2026-04-27T06:49:55","atum_locations":[],"atum_stock_status":"instock","restock_status":false,"low_stock_amount":"","sales_update_date":"2025-10-09T03:22:55","calc_backorders":null,"_links":{"self":[{"href":"https:\/\/aromasentia.com\/no\/wp-json\/wp\/v2\/product\/208999","targetHints":{"allow":["GET"]}}],"collection":[{"href":"https:\/\/aromasentia.com\/no\/wp-json\/wp\/v2\/product"}],"about":[{"href":"https:\/\/aromasentia.com\/no\/wp-json\/wp\/v2\/types\/product"}],"replies":[{"embeddable":true,"href":"https:\/\/aromasentia.com\/no\/wp-json\/wp\/v2\/comments?post=208999"}],"version-history":[{"count":0,"href":"https:\/\/aromasentia.com\/no\/wp-json\/wp\/v2\/product\/208999\/revisions"}],"wp:featuredmedia":[{"embeddable":true,"href":"https:\/\/aromasentia.com\/no\/wp-json\/wp\/v2\/media\/357627"}],"wp:attachment":[{"href":"https:\/\/aromasentia.com\/no\/wp-json\/wp\/v2\/media?parent=208999"}],"wp:term":[{"taxonomy":"product_brand","embeddable":true,"href":"https:\/\/aromasentia.com\/no\/wp-json\/wp\/v2\/product_brand?post=208999"},{"taxonomy":"product_cat","embeddable":true,"href":"https:\/\/aromasentia.com\/no\/wp-json\/wp\/v2\/product_cat?post=208999"},{"taxonomy":"product_tag","embeddable":true,"href":"https:\/\/aromasentia.com\/no\/wp-json\/wp\/v2\/product_tag?post=208999"}],"curies":[{"name":"wp","href":"https:\/\/api.w.org\/{rel}","templated":true}]}}