{"id":208990,"date":"2025-03-22T16:04:38","date_gmt":"2025-03-22T16:04:38","guid":{"rendered":"https:\/\/aromasentia.com\/product\/salt-lamp-fittings-uk\/"},"modified":"2025-05-31T05:39:39","modified_gmt":"2025-05-31T05:39:39","slug":"beslag-til-saltlampe-saltkrystall-lamper-uk","status":"publish","type":"product","link":"https:\/\/aromasentia.com\/no\/beslag-til-saltlampe-saltkrystall-lamper-uk\/","title":{"rendered":"Beslag Til Saltlampe Saltkrystall Lamper &#8211; Uk"},"content":{"rendered":"<p>UK-kabel for Salt-lampe. For mer informasjon om Salt-lamper, vennligst last ned filen ved \u00e5 klikke p\u00e5 lenken nedenfor.<\/p>\n<p><strong>V\u00e6r oppmerksom p\u00e5 at du trenger passordet<\/strong> awuser for \u00e5 laste ned informasjonen.<\/p>\n<p><strong>V\u00c6R OPPMERKSOM P\u00c5<\/strong> P\u00e5 grunn av disse lampenes natur, kan st\u00f8rrelse og form variere. Bildene er kun ment som illustrasjoner.<\/p>\n<p><strong><span style=\"color: rgb(184, 49, 47);\">Disse kablene passer ikke til Selenite Tower Lamps&nbsp;<\/span><\/strong><\/p>\n<p><strong>Kablelengde: 1.5M&nbsp;<\/strong><\/p>\n","protected":false},"excerpt":{"rendered":"<p>UK-kabel for Salt-lampe. For mer informasjon om Salt-lamper, vennligst last ned filen ved \u00e5 klikke p\u00e5 lenken nedenfor. V\u00e6r oppmerksom p\u00e5 at du trenger passordet awuser for \u00e5 laste ned informasjonen. V\u00c6R OPPMERKSOM P\u00c5 P\u00e5 grunn av disse lampenes natur, kan st\u00f8rrelse og form variere. Bildene er kun ment som illustrasjoner. Disse kablene passer ikke [&hellip;]<\/p>\n","protected":false},"featured_media":357378,"comment_status":"closed","ping_status":"open","template":"","meta":{"_angie_page":false},"product_brand":[],"product_cat":[8394],"product_tag":[],"class_list":{"0":"post-208990","1":"product","2":"type-product","3":"status-publish","4":"has-post-thumbnail","6":"product_cat-hjem-og-hage","7":"pa_collection-plug-adaptors-usb-stations-no","8":"pa_made-in-kina","10":"first","11":"instock","12":"purchasable","13":"product-type-simple"},"supplier_id":null,"supplier_sku":"Salt-54","barcode":null,"atum_controlled":true,"out_stock_date":null,"out_stock_threshold":null,"inheritable":false,"inbound_stock":null,"stock_on_hold":0,"sold_today":0,"sales_last_days":0,"reserved_stock":null,"customer_returns":null,"warehouse_damage":null,"lost_in_post":null,"other_logs":null,"out_stock_days":0,"lost_sales":0,"has_location":null,"update_date":"2026-05-08T05:18:01","atum_locations":[],"atum_stock_status":"instock","restock_status":false,"low_stock_amount":"","sales_update_date":"2025-09-05T00:28:05","calc_backorders":null,"_links":{"self":[{"href":"https:\/\/aromasentia.com\/no\/wp-json\/wp\/v2\/product\/208990","targetHints":{"allow":["GET"]}}],"collection":[{"href":"https:\/\/aromasentia.com\/no\/wp-json\/wp\/v2\/product"}],"about":[{"href":"https:\/\/aromasentia.com\/no\/wp-json\/wp\/v2\/types\/product"}],"replies":[{"embeddable":true,"href":"https:\/\/aromasentia.com\/no\/wp-json\/wp\/v2\/comments?post=208990"}],"version-history":[{"count":0,"href":"https:\/\/aromasentia.com\/no\/wp-json\/wp\/v2\/product\/208990\/revisions"}],"wp:featuredmedia":[{"embeddable":true,"href":"https:\/\/aromasentia.com\/no\/wp-json\/wp\/v2\/media\/357378"}],"wp:attachment":[{"href":"https:\/\/aromasentia.com\/no\/wp-json\/wp\/v2\/media?parent=208990"}],"wp:term":[{"taxonomy":"product_brand","embeddable":true,"href":"https:\/\/aromasentia.com\/no\/wp-json\/wp\/v2\/product_brand?post=208990"},{"taxonomy":"product_cat","embeddable":true,"href":"https:\/\/aromasentia.com\/no\/wp-json\/wp\/v2\/product_cat?post=208990"},{"taxonomy":"product_tag","embeddable":true,"href":"https:\/\/aromasentia.com\/no\/wp-json\/wp\/v2\/product_tag?post=208990"}],"curies":[{"name":"wp","href":"https:\/\/api.w.org\/{rel}","templated":true}]}}