{"id":208983,"date":"2025-03-22T16:04:38","date_gmt":"2025-03-22T16:04:38","guid":{"rendered":"https:\/\/aromasentia.com\/product\/small-tv-stand-with-2-draws-round\/"},"modified":"2025-05-31T05:39:05","modified_gmt":"2025-05-31T05:39:05","slug":"lite-tv-stativ-med-2-skuffer-rundt","status":"publish","type":"product","link":"https:\/\/aromasentia.com\/no\/lite-tv-stativ-med-2-skuffer-rundt\/","title":{"rendered":"Lite Tv-Stativ med 2 Skuffer Rundt"},"content":{"rendered":"<p><span style=\"color: rgb(75, 80, 88);\">MERK: Ekstra fraktkostnader vil p\u00e5l\u00f8pe<\/span><\/p>\n<p><span style=\"color: rgb(75, 80, 88);\">V\u00e6r oppmerksom p\u00e5 at alle m\u00f8blene er h\u00e5ndlaget.<\/span><\/p>\n<p><span style=\"color: rgb(75, 80, 88);\">Hvert m\u00f8bel har forskjellige merker og ufullkommenheter<\/span><\/p>\n<p><span style=\"color: rgb(75, 80, 88);\">M\u00f8bler er unike.<\/span><\/p>\n","protected":false},"excerpt":{"rendered":"<p>MERK: Ekstra fraktkostnader vil p\u00e5l\u00f8pe V\u00e6r oppmerksom p\u00e5 at alle m\u00f8blene er h\u00e5ndlaget. Hvert m\u00f8bel har forskjellige merker og ufullkommenheter M\u00f8bler er unike.<\/p>\n","protected":false},"featured_media":357315,"comment_status":"closed","ping_status":"open","template":"","meta":{"_angie_page":false},"product_brand":[27083],"product_cat":[8394,10397],"product_tag":[],"class_list":{"0":"post-208983","1":"product","2":"type-product","3":"status-publish","4":"has-post-thumbnail","6":"product_brand-agnes-and-cat","7":"product_cat-hjem-og-hage","8":"product_cat-mobler","9":"pa_collection-recycled-home-furniture-from-bali-no","10":"pa_made-in-indonesia","12":"first","13":"instock","14":"purchasable","15":"product-type-simple"},"supplier_id":null,"supplier_sku":"ACShop-13","barcode":null,"atum_controlled":true,"out_stock_date":null,"out_stock_threshold":null,"inheritable":false,"inbound_stock":null,"stock_on_hold":0,"sold_today":0,"sales_last_days":0,"reserved_stock":null,"customer_returns":null,"warehouse_damage":null,"lost_in_post":null,"other_logs":null,"out_stock_days":0,"lost_sales":0,"has_location":null,"update_date":"2026-04-27T06:50:12","atum_locations":[],"atum_stock_status":"instock","restock_status":false,"low_stock_amount":"","sales_update_date":"2025-10-09T03:23:08","calc_backorders":null,"_links":{"self":[{"href":"https:\/\/aromasentia.com\/no\/wp-json\/wp\/v2\/product\/208983","targetHints":{"allow":["GET"]}}],"collection":[{"href":"https:\/\/aromasentia.com\/no\/wp-json\/wp\/v2\/product"}],"about":[{"href":"https:\/\/aromasentia.com\/no\/wp-json\/wp\/v2\/types\/product"}],"replies":[{"embeddable":true,"href":"https:\/\/aromasentia.com\/no\/wp-json\/wp\/v2\/comments?post=208983"}],"version-history":[{"count":0,"href":"https:\/\/aromasentia.com\/no\/wp-json\/wp\/v2\/product\/208983\/revisions"}],"wp:featuredmedia":[{"embeddable":true,"href":"https:\/\/aromasentia.com\/no\/wp-json\/wp\/v2\/media\/357315"}],"wp:attachment":[{"href":"https:\/\/aromasentia.com\/no\/wp-json\/wp\/v2\/media?parent=208983"}],"wp:term":[{"taxonomy":"product_brand","embeddable":true,"href":"https:\/\/aromasentia.com\/no\/wp-json\/wp\/v2\/product_brand?post=208983"},{"taxonomy":"product_cat","embeddable":true,"href":"https:\/\/aromasentia.com\/no\/wp-json\/wp\/v2\/product_cat?post=208983"},{"taxonomy":"product_tag","embeddable":true,"href":"https:\/\/aromasentia.com\/no\/wp-json\/wp\/v2\/product_tag?post=208983"}],"curies":[{"name":"wp","href":"https:\/\/api.w.org\/{rel}","templated":true}]}}