{"id":208979,"date":"2025-03-22T16:04:38","date_gmt":"2025-03-22T16:04:38","guid":{"rendered":"https:\/\/aromasentia.com\/product\/round-folding-coffee-table-50x50cm\/"},"modified":"2025-05-31T05:38:50","modified_gmt":"2025-05-31T05:38:50","slug":"rundt-sammenleggbart-salongbord-50x50cm","status":"publish","type":"product","link":"https:\/\/aromasentia.com\/no\/rundt-sammenleggbart-salongbord-50x50cm\/","title":{"rendered":"Rundt Sammenleggbart Salongbord &#8211; 50x50Cm"},"content":{"rendered":"<p><span style=\"color: rgb(75, 80, 88);\">Dette <strong>runde, sammenleggbare salongbordet<\/strong> er h\u00e5ndlaget p\u00e5 Bali, hovedsakelig av resirkulert teak fra utg\u00e5tte fiskeb\u00e5ter. Det erfarne treverket beholder noen av de originale fargene og den rustikke finishen, og er et perfekt bakteppe for \u00e5 vise frem et hvilket som helst utvalg av produkter, eller som et fint tillegg til enhver hjemmedekorasjon.<\/span><\/p>\n<p><span style=\"color: rgb(75, 80, 88);\">Den naturlige finishen fremhever de rike detaljene i treverket.<\/span><\/p>\n<p><span style=\"color: rgb(75, 80, 88);\"><strong>Siden m\u00f8blene er h\u00e5ndlaget, er hvert m\u00f8bel unikt og litt annerledes.<\/strong> Det er ogs\u00e5 noen begrensninger i tilbudet, ettersom h\u00e5ndverkerne som produserer disse m\u00f8blene bare kan lage et begrenset antall.<\/span><\/p>\n<p><span style=\"color: rgb(75, 80, 88);\"><strong>St\u00f8rrelse: H 50 cm, D 50 cm<\/strong><\/span><\/p>\n","protected":false},"excerpt":{"rendered":"<p>Dette runde, sammenleggbare salongbordet er h\u00e5ndlaget p\u00e5 Bali, hovedsakelig av resirkulert teak fra utg\u00e5tte fiskeb\u00e5ter. Det erfarne treverket beholder noen av de originale fargene og den rustikke finishen, og er et perfekt bakteppe for \u00e5 vise frem et hvilket som helst utvalg av produkter, eller som et fint tillegg til enhver hjemmedekorasjon. Den naturlige finishen [&hellip;]<\/p>\n","protected":false},"featured_media":357191,"comment_status":"closed","ping_status":"open","template":"","meta":{"_angie_page":false},"product_brand":[27083],"product_cat":[8394,10397],"product_tag":[],"class_list":{"0":"post-208979","1":"product","2":"type-product","3":"status-publish","4":"has-post-thumbnail","6":"product_brand-agnes-and-cat","7":"product_cat-hjem-og-hage","8":"product_cat-mobler","9":"pa_collection-recycled-home-furniture-from-bali-no","10":"pa_made-in-indonesia","12":"first","13":"instock","14":"purchasable","15":"product-type-simple"},"supplier_id":null,"supplier_sku":"ACSHOP-09","barcode":null,"atum_controlled":true,"out_stock_date":null,"out_stock_threshold":null,"inheritable":false,"inbound_stock":null,"stock_on_hold":0,"sold_today":0,"sales_last_days":0,"reserved_stock":null,"customer_returns":null,"warehouse_damage":null,"lost_in_post":null,"other_logs":null,"out_stock_days":0,"lost_sales":0,"has_location":null,"update_date":"2026-04-27T06:50:12","atum_locations":[],"atum_stock_status":"instock","restock_status":false,"low_stock_amount":"","sales_update_date":"2025-10-09T03:23:08","calc_backorders":null,"_links":{"self":[{"href":"https:\/\/aromasentia.com\/no\/wp-json\/wp\/v2\/product\/208979","targetHints":{"allow":["GET"]}}],"collection":[{"href":"https:\/\/aromasentia.com\/no\/wp-json\/wp\/v2\/product"}],"about":[{"href":"https:\/\/aromasentia.com\/no\/wp-json\/wp\/v2\/types\/product"}],"replies":[{"embeddable":true,"href":"https:\/\/aromasentia.com\/no\/wp-json\/wp\/v2\/comments?post=208979"}],"version-history":[{"count":0,"href":"https:\/\/aromasentia.com\/no\/wp-json\/wp\/v2\/product\/208979\/revisions"}],"wp:featuredmedia":[{"embeddable":true,"href":"https:\/\/aromasentia.com\/no\/wp-json\/wp\/v2\/media\/357191"}],"wp:attachment":[{"href":"https:\/\/aromasentia.com\/no\/wp-json\/wp\/v2\/media?parent=208979"}],"wp:term":[{"taxonomy":"product_brand","embeddable":true,"href":"https:\/\/aromasentia.com\/no\/wp-json\/wp\/v2\/product_brand?post=208979"},{"taxonomy":"product_cat","embeddable":true,"href":"https:\/\/aromasentia.com\/no\/wp-json\/wp\/v2\/product_cat?post=208979"},{"taxonomy":"product_tag","embeddable":true,"href":"https:\/\/aromasentia.com\/no\/wp-json\/wp\/v2\/product_tag?post=208979"}],"curies":[{"name":"wp","href":"https:\/\/api.w.org\/{rel}","templated":true}]}}