{"id":208978,"date":"2025-03-22T16:04:38","date_gmt":"2025-03-22T16:04:38","guid":{"rendered":"https:\/\/aromasentia.com\/product\/spare-oil-burner-dish-classic-11-5cm\/"},"modified":"2025-05-31T05:38:47","modified_gmt":"2025-05-31T05:38:47","slug":"reserveskal-for-oljebrenner-classic-115-cm","status":"publish","type":"product","link":"https:\/\/aromasentia.com\/no\/reserveskal-for-oljebrenner-classic-115-cm\/","title":{"rendered":"Reservesk\u00e5l For Oljebrenner &#8211; Classic 11,5 cm"},"content":{"rendered":"<p>Hold oljebrenneren funksjonell med denne reservesk\u00e5len for oljebrenner &#8211; Classic 11,5 cm. Dette erstatningsfatet i glass eller keramikk, med klassisk design og en diameter p\u00e5 11,5 cm, er designet for \u00e5 passe til de fleste standard oljebrennere. Den er perfekt n\u00e5r den originale sk\u00e5len g\u00e5r i stykker eller blir for flekkete, og gj\u00f8r at du kan fortsette \u00e5 nyte dine favorittoljer eller smeltevoks. Et praktisk og uunnv\u00e6rlig tilbeh\u00f8r som sikrer at aromaterapi-\u00f8ktene dine fortsetter uten avbrudd, og at du f\u00e5r en ren og effektiv brenning.<\/p>\n","protected":false},"excerpt":{"rendered":"<p>Hold oljebrenneren funksjonell med denne reservesk\u00e5len for oljebrenner &#8211; Classic 11,5 cm. Dette erstatningsfatet i glass eller keramikk, med klassisk design og en diameter p\u00e5 11,5 cm, er designet for \u00e5 passe til de fleste standard oljebrennere. Den er perfekt n\u00e5r den originale sk\u00e5len g\u00e5r i stykker eller blir for flekkete, og gj\u00f8r at du [&hellip;]<\/p>\n","protected":false},"featured_media":357166,"comment_status":"closed","ping_status":"open","template":"","meta":{"_angie_page":false},"product_brand":[],"product_cat":[8394,8466,10417,8374],"product_tag":[],"class_list":{"0":"post-208978","1":"product","2":"type-product","3":"status-publish","4":"has-post-thumbnail","6":"product_cat-hjem-og-hage","7":"product_cat-samlefigurer","8":"product_cat-statuetter-og-figurer","9":"product_cat-vintage-gaver-og-suvenirer","10":"pa_collection-antique-buddha-collectables-no","11":"pa_made-in-kina","13":"first","14":"instock","15":"purchasable","16":"product-type-simple"},"supplier_id":null,"supplier_sku":"OBDish-04","barcode":null,"atum_controlled":true,"out_stock_date":null,"out_stock_threshold":null,"inheritable":false,"inbound_stock":null,"stock_on_hold":0,"sold_today":0,"sales_last_days":0,"reserved_stock":null,"customer_returns":null,"warehouse_damage":null,"lost_in_post":null,"other_logs":null,"out_stock_days":0,"lost_sales":0,"has_location":null,"update_date":"2026-05-08T05:15:40","atum_locations":[],"atum_stock_status":"instock","restock_status":false,"low_stock_amount":"","sales_update_date":"2026-01-30T01:25:31","calc_backorders":null,"_links":{"self":[{"href":"https:\/\/aromasentia.com\/no\/wp-json\/wp\/v2\/product\/208978","targetHints":{"allow":["GET"]}}],"collection":[{"href":"https:\/\/aromasentia.com\/no\/wp-json\/wp\/v2\/product"}],"about":[{"href":"https:\/\/aromasentia.com\/no\/wp-json\/wp\/v2\/types\/product"}],"replies":[{"embeddable":true,"href":"https:\/\/aromasentia.com\/no\/wp-json\/wp\/v2\/comments?post=208978"}],"version-history":[{"count":0,"href":"https:\/\/aromasentia.com\/no\/wp-json\/wp\/v2\/product\/208978\/revisions"}],"wp:featuredmedia":[{"embeddable":true,"href":"https:\/\/aromasentia.com\/no\/wp-json\/wp\/v2\/media\/357166"}],"wp:attachment":[{"href":"https:\/\/aromasentia.com\/no\/wp-json\/wp\/v2\/media?parent=208978"}],"wp:term":[{"taxonomy":"product_brand","embeddable":true,"href":"https:\/\/aromasentia.com\/no\/wp-json\/wp\/v2\/product_brand?post=208978"},{"taxonomy":"product_cat","embeddable":true,"href":"https:\/\/aromasentia.com\/no\/wp-json\/wp\/v2\/product_cat?post=208978"},{"taxonomy":"product_tag","embeddable":true,"href":"https:\/\/aromasentia.com\/no\/wp-json\/wp\/v2\/product_tag?post=208978"}],"curies":[{"name":"wp","href":"https:\/\/api.w.org\/{rel}","templated":true}]}}