{"id":208977,"date":"2025-03-22T16:04:38","date_gmt":"2025-03-22T16:04:38","guid":{"rendered":"https:\/\/aromasentia.com\/product\/med-spare-glass-bowl-12cm-diameter\/"},"modified":"2025-05-31T05:38:44","modified_gmt":"2025-05-31T05:38:44","slug":"spare-glass-bowl-12-cm-diameter","status":"publish","type":"product","link":"https:\/\/aromasentia.com\/no\/spare-glass-bowl-12-cm-diameter\/","title":{"rendered":"Spare Glass Bowl &#8211; 12 cm Diameter"},"content":{"rendered":"<p>Ekstra glassk\u00e5ler til oljebrennere fra Aroma Sentia-ping selges i st\u00f8rrelsen 12 cm x 12 cm x 2,5 cm.<\/p>\n<p>De er standardst\u00f8rrelser for de fleste oljebrennere som har en separat glassk\u00e5l.<\/p>\n<p>Kun egnet for bruk med oljer. Glassk\u00e5len b\u00f8r ikke brukes med smelter og granuler.<\/p>\n<p>Det er alltid best \u00e5 ha en ekstra.<\/p>\n","protected":false},"excerpt":{"rendered":"<p>Ekstra glassk\u00e5ler til oljebrennere fra Aroma Sentia-ping selges i st\u00f8rrelsen 12 cm x 12 cm x 2,5 cm. De er standardst\u00f8rrelser for de fleste oljebrennere som har en separat glassk\u00e5l. Kun egnet for bruk med oljer. Glassk\u00e5len b\u00f8r ikke brukes med smelter og granuler. Det er alltid best \u00e5 ha en ekstra.<\/p>\n","protected":false},"featured_media":357149,"comment_status":"closed","ping_status":"open","template":"","meta":{"_angie_page":false},"product_brand":[],"product_cat":[8394,8466,10417,8374],"product_tag":[],"class_list":{"0":"post-208977","1":"product","2":"type-product","3":"status-publish","4":"has-post-thumbnail","6":"product_cat-hjem-og-hage","7":"product_cat-samlefigurer","8":"product_cat-statuetter-og-figurer","9":"product_cat-vintage-gaver-og-suvenirer","10":"pa_collection-antique-buddha-collectables-no","11":"pa_made-in-kina","13":"first","14":"instock","15":"purchasable","16":"product-type-simple"},"supplier_id":null,"supplier_sku":"OBDISH-03","barcode":null,"atum_controlled":true,"out_stock_date":null,"out_stock_threshold":null,"inheritable":false,"inbound_stock":null,"stock_on_hold":0,"sold_today":0,"sales_last_days":0,"reserved_stock":null,"customer_returns":null,"warehouse_damage":null,"lost_in_post":null,"other_logs":null,"out_stock_days":0,"lost_sales":0,"has_location":null,"update_date":"2026-04-27T07:16:19","atum_locations":[],"atum_stock_status":"instock","restock_status":false,"low_stock_amount":"","sales_update_date":"2026-01-30T01:25:31","calc_backorders":null,"_links":{"self":[{"href":"https:\/\/aromasentia.com\/no\/wp-json\/wp\/v2\/product\/208977","targetHints":{"allow":["GET"]}}],"collection":[{"href":"https:\/\/aromasentia.com\/no\/wp-json\/wp\/v2\/product"}],"about":[{"href":"https:\/\/aromasentia.com\/no\/wp-json\/wp\/v2\/types\/product"}],"replies":[{"embeddable":true,"href":"https:\/\/aromasentia.com\/no\/wp-json\/wp\/v2\/comments?post=208977"}],"version-history":[{"count":0,"href":"https:\/\/aromasentia.com\/no\/wp-json\/wp\/v2\/product\/208977\/revisions"}],"wp:featuredmedia":[{"embeddable":true,"href":"https:\/\/aromasentia.com\/no\/wp-json\/wp\/v2\/media\/357149"}],"wp:attachment":[{"href":"https:\/\/aromasentia.com\/no\/wp-json\/wp\/v2\/media?parent=208977"}],"wp:term":[{"taxonomy":"product_brand","embeddable":true,"href":"https:\/\/aromasentia.com\/no\/wp-json\/wp\/v2\/product_brand?post=208977"},{"taxonomy":"product_cat","embeddable":true,"href":"https:\/\/aromasentia.com\/no\/wp-json\/wp\/v2\/product_cat?post=208977"},{"taxonomy":"product_tag","embeddable":true,"href":"https:\/\/aromasentia.com\/no\/wp-json\/wp\/v2\/product_tag?post=208977"}],"curies":[{"name":"wp","href":"https:\/\/api.w.org\/{rel}","templated":true}]}}