{"id":208958,"date":"2025-03-22T16:04:38","date_gmt":"2025-03-22T16:04:38","guid":{"rendered":"https:\/\/aromasentia.com\/product\/driftwood-bee-insect-wide-house-box\/"},"modified":"2025-05-31T05:37:31","modified_gmt":"2025-05-31T05:37:31","slug":"bie-og-insektkasse-i-drivved","status":"publish","type":"product","link":"https:\/\/aromasentia.com\/no\/bie-og-insektkasse-i-drivved\/","title":{"rendered":"Bie- Og Insektkasse I Drivved"},"content":{"rendered":"<p>Tilby et storsl\u00e5tt tilfluktssted med denne Bee &#038; Insect Wide-house Box av drivved. Dette store &laquo;wide-house&raquo; er laget av naturlig drivved, og gir et omfattende og variert habitat for nyttige hageinsekter. Den store strukturen og de mange rommene er utformet for \u00e5 tiltrekke seg og gi ly til en mangfoldig populasjon av pollinatorer og skadedyrbekjempere. Den er et viktig og vakkert tilskudd til enhver milj\u00f8bevisst hage, og den \u00f8ker det biologiske mangfoldet samtidig som den tilf\u00f8rer et sl\u00e5ende element av rustikk, naturlig kunst.<\/p>\n","protected":false},"excerpt":{"rendered":"<p>Tilby et storsl\u00e5tt tilfluktssted med denne Bee &#038; Insect Wide-house Box av drivved. Dette store &laquo;wide-house&raquo; er laget av naturlig drivved, og gir et omfattende og variert habitat for nyttige hageinsekter. Den store strukturen og de mange rommene er utformet for \u00e5 tiltrekke seg og gi ly til en mangfoldig populasjon av pollinatorer og skadedyrbekjempere. [&hellip;]<\/p>\n","protected":false},"featured_media":358650,"comment_status":"closed","ping_status":"open","template":"","meta":{"_angie_page":false},"product_brand":[],"product_cat":[10400,8394],"product_tag":[],"class_list":{"0":"post-208958","1":"product","2":"type-product","3":"status-publish","4":"has-post-thumbnail","6":"product_cat-dekorasjon","7":"product_cat-hjem-og-hage","8":"pa_made-in-indonesia","10":"first","11":"instock","12":"purchasable","13":"product-type-simple"},"supplier_id":null,"supplier_sku":"BBBox-09DS","barcode":null,"atum_controlled":true,"out_stock_date":null,"out_stock_threshold":null,"inheritable":false,"inbound_stock":null,"stock_on_hold":0,"sold_today":0,"sales_last_days":0,"reserved_stock":null,"customer_returns":null,"warehouse_damage":null,"lost_in_post":null,"other_logs":null,"out_stock_days":0,"lost_sales":0,"has_location":null,"update_date":"2026-04-27T06:54:19","atum_locations":[],"atum_stock_status":"instock","restock_status":false,"low_stock_amount":"","sales_update_date":"2026-01-30T01:25:50","calc_backorders":null,"_links":{"self":[{"href":"https:\/\/aromasentia.com\/no\/wp-json\/wp\/v2\/product\/208958","targetHints":{"allow":["GET"]}}],"collection":[{"href":"https:\/\/aromasentia.com\/no\/wp-json\/wp\/v2\/product"}],"about":[{"href":"https:\/\/aromasentia.com\/no\/wp-json\/wp\/v2\/types\/product"}],"replies":[{"embeddable":true,"href":"https:\/\/aromasentia.com\/no\/wp-json\/wp\/v2\/comments?post=208958"}],"version-history":[{"count":0,"href":"https:\/\/aromasentia.com\/no\/wp-json\/wp\/v2\/product\/208958\/revisions"}],"wp:featuredmedia":[{"embeddable":true,"href":"https:\/\/aromasentia.com\/no\/wp-json\/wp\/v2\/media\/358650"}],"wp:attachment":[{"href":"https:\/\/aromasentia.com\/no\/wp-json\/wp\/v2\/media?parent=208958"}],"wp:term":[{"taxonomy":"product_brand","embeddable":true,"href":"https:\/\/aromasentia.com\/no\/wp-json\/wp\/v2\/product_brand?post=208958"},{"taxonomy":"product_cat","embeddable":true,"href":"https:\/\/aromasentia.com\/no\/wp-json\/wp\/v2\/product_cat?post=208958"},{"taxonomy":"product_tag","embeddable":true,"href":"https:\/\/aromasentia.com\/no\/wp-json\/wp\/v2\/product_tag?post=208958"}],"curies":[{"name":"wp","href":"https:\/\/api.w.org\/{rel}","templated":true}]}}