{"id":208957,"date":"2025-03-22T16:04:38","date_gmt":"2025-03-22T16:04:38","guid":{"rendered":"https:\/\/aromasentia.com\/product\/driftwood-bee-insect-double-box\/"},"modified":"2025-05-31T05:37:28","modified_gmt":"2025-05-31T05:37:28","slug":"dobbeltboks-med-bier-og-insekter-i-drivved","status":"publish","type":"product","link":"https:\/\/aromasentia.com\/no\/dobbeltboks-med-bier-og-insekter-i-drivved\/","title":{"rendered":"Dobbeltboks med Bier Og Insekter I Drivved"},"content":{"rendered":"<p>Skap et st\u00f8rre fristed med denne dobbeltboksen for bier og insekter i drivved. Dette utvidede habitatet, konstruert av naturlig drivved, tilbyr enda flere kriker og kroker for nyttige insekter som solit\u00e6re bier og spyfluer. Den &laquo;doble boksen&raquo; har ulike romst\u00f8rrelser og materialer for \u00e5 tiltrekke seg et bredere spekter av nyttige hagegjester. En vakker, rustikk og milj\u00f8vennlig m\u00e5te \u00e5 styrke hagens \u00f8kosystem p\u00e5, samtidig som du kan observere naturen p\u00e5 n\u00e6rt hold og tilf\u00f8re organisk sjarm.<\/p>\n","protected":false},"excerpt":{"rendered":"<p>Skap et st\u00f8rre fristed med denne dobbeltboksen for bier og insekter i drivved. Dette utvidede habitatet, konstruert av naturlig drivved, tilbyr enda flere kriker og kroker for nyttige insekter som solit\u00e6re bier og spyfluer. Den &laquo;doble boksen&raquo; har ulike romst\u00f8rrelser og materialer for \u00e5 tiltrekke seg et bredere spekter av nyttige hagegjester. En vakker, rustikk [&hellip;]<\/p>\n","protected":false},"featured_media":358625,"comment_status":"closed","ping_status":"open","template":"","meta":{"_angie_page":false},"product_brand":[],"product_cat":[10400,8394],"product_tag":[],"class_list":{"0":"post-208957","1":"product","2":"type-product","3":"status-publish","4":"has-post-thumbnail","6":"product_cat-dekorasjon","7":"product_cat-hjem-og-hage","8":"pa_made-in-indonesia","10":"first","11":"instock","12":"purchasable","13":"product-type-simple"},"supplier_id":null,"supplier_sku":"BBBox-08DS","barcode":null,"atum_controlled":true,"out_stock_date":null,"out_stock_threshold":null,"inheritable":false,"inbound_stock":null,"stock_on_hold":0,"sold_today":0,"sales_last_days":0,"reserved_stock":null,"customer_returns":null,"warehouse_damage":null,"lost_in_post":null,"other_logs":null,"out_stock_days":0,"lost_sales":0,"has_location":null,"update_date":"2026-04-27T06:54:19","atum_locations":[],"atum_stock_status":"instock","restock_status":false,"low_stock_amount":"","sales_update_date":"2026-01-30T01:25:22","calc_backorders":null,"_links":{"self":[{"href":"https:\/\/aromasentia.com\/no\/wp-json\/wp\/v2\/product\/208957","targetHints":{"allow":["GET"]}}],"collection":[{"href":"https:\/\/aromasentia.com\/no\/wp-json\/wp\/v2\/product"}],"about":[{"href":"https:\/\/aromasentia.com\/no\/wp-json\/wp\/v2\/types\/product"}],"replies":[{"embeddable":true,"href":"https:\/\/aromasentia.com\/no\/wp-json\/wp\/v2\/comments?post=208957"}],"version-history":[{"count":0,"href":"https:\/\/aromasentia.com\/no\/wp-json\/wp\/v2\/product\/208957\/revisions"}],"wp:featuredmedia":[{"embeddable":true,"href":"https:\/\/aromasentia.com\/no\/wp-json\/wp\/v2\/media\/358625"}],"wp:attachment":[{"href":"https:\/\/aromasentia.com\/no\/wp-json\/wp\/v2\/media?parent=208957"}],"wp:term":[{"taxonomy":"product_brand","embeddable":true,"href":"https:\/\/aromasentia.com\/no\/wp-json\/wp\/v2\/product_brand?post=208957"},{"taxonomy":"product_cat","embeddable":true,"href":"https:\/\/aromasentia.com\/no\/wp-json\/wp\/v2\/product_cat?post=208957"},{"taxonomy":"product_tag","embeddable":true,"href":"https:\/\/aromasentia.com\/no\/wp-json\/wp\/v2\/product_tag?post=208957"}],"curies":[{"name":"wp","href":"https:\/\/api.w.org\/{rel}","templated":true}]}}