{"id":208955,"date":"2025-03-22T16:04:38","date_gmt":"2025-03-22T16:04:38","guid":{"rendered":"https:\/\/aromasentia.com\/product\/driftwood-birdbox-wallhanging\/"},"modified":"2025-05-31T05:37:22","modified_gmt":"2025-05-31T05:37:22","slug":"fuglekasse-i-drivved-veggoppheng","status":"publish","type":"product","link":"https:\/\/aromasentia.com\/no\/fuglekasse-i-drivved-veggoppheng\/","title":{"rendered":"Fuglekasse I Drivved &#8211; Veggoppheng"},"content":{"rendered":"<p>Skap et naturlig fristed med denne fuglekassen i drivved &#8211; vegghengt. Denne sjarmerende fuglekassen er laget av unike biter av drivved og er enkel \u00e5 montere p\u00e5 en vegg, et gjerde eller et tre, og gir et rustikt og innbydende tilfluktssted for fugler. Den s\u00e6regne, naturlige estetikken gj\u00f8r seg godt i enhver hage eller utend\u00f8rsvegg, og gir et koselig reirsted samtidig som den tilf\u00f8rer et snev av kyst- eller skogskunst. En milj\u00f8vennlig m\u00e5te \u00e5 st\u00f8tte lokale fuglebestander p\u00e5 og forskj\u00f8nne dine vertikale rom.<\/p>\n","protected":false},"excerpt":{"rendered":"<p>Skap et naturlig fristed med denne fuglekassen i drivved &#8211; vegghengt. Denne sjarmerende fuglekassen er laget av unike biter av drivved og er enkel \u00e5 montere p\u00e5 en vegg, et gjerde eller et tre, og gir et rustikt og innbydende tilfluktssted for fugler. Den s\u00e6regne, naturlige estetikken gj\u00f8r seg godt i enhver hage eller utend\u00f8rsvegg, [&hellip;]<\/p>\n","protected":false},"featured_media":358583,"comment_status":"closed","ping_status":"open","template":"","meta":{"_angie_page":false},"product_brand":[],"product_cat":[10400,8394],"product_tag":[],"class_list":{"0":"post-208955","1":"product","2":"type-product","3":"status-publish","4":"has-post-thumbnail","6":"product_cat-dekorasjon","7":"product_cat-hjem-og-hage","8":"pa_made-in-indonesia","10":"first","11":"instock","12":"purchasable","13":"product-type-simple"},"supplier_id":null,"supplier_sku":"BBBox-06DS","barcode":null,"atum_controlled":true,"out_stock_date":null,"out_stock_threshold":null,"inheritable":false,"inbound_stock":null,"stock_on_hold":0,"sold_today":0,"sales_last_days":0,"reserved_stock":null,"customer_returns":null,"warehouse_damage":null,"lost_in_post":null,"other_logs":null,"out_stock_days":0,"lost_sales":0,"has_location":null,"update_date":"2026-05-04T00:02:50","atum_locations":[],"atum_stock_status":"instock","restock_status":false,"low_stock_amount":"","sales_update_date":"2026-01-30T01:24:56","calc_backorders":null,"_links":{"self":[{"href":"https:\/\/aromasentia.com\/no\/wp-json\/wp\/v2\/product\/208955","targetHints":{"allow":["GET"]}}],"collection":[{"href":"https:\/\/aromasentia.com\/no\/wp-json\/wp\/v2\/product"}],"about":[{"href":"https:\/\/aromasentia.com\/no\/wp-json\/wp\/v2\/types\/product"}],"replies":[{"embeddable":true,"href":"https:\/\/aromasentia.com\/no\/wp-json\/wp\/v2\/comments?post=208955"}],"version-history":[{"count":0,"href":"https:\/\/aromasentia.com\/no\/wp-json\/wp\/v2\/product\/208955\/revisions"}],"wp:featuredmedia":[{"embeddable":true,"href":"https:\/\/aromasentia.com\/no\/wp-json\/wp\/v2\/media\/358583"}],"wp:attachment":[{"href":"https:\/\/aromasentia.com\/no\/wp-json\/wp\/v2\/media?parent=208955"}],"wp:term":[{"taxonomy":"product_brand","embeddable":true,"href":"https:\/\/aromasentia.com\/no\/wp-json\/wp\/v2\/product_brand?post=208955"},{"taxonomy":"product_cat","embeddable":true,"href":"https:\/\/aromasentia.com\/no\/wp-json\/wp\/v2\/product_cat?post=208955"},{"taxonomy":"product_tag","embeddable":true,"href":"https:\/\/aromasentia.com\/no\/wp-json\/wp\/v2\/product_tag?post=208955"}],"curies":[{"name":"wp","href":"https:\/\/api.w.org\/{rel}","templated":true}]}}