{"id":208954,"date":"2025-03-22T16:04:38","date_gmt":"2025-03-22T16:04:38","guid":{"rendered":"https:\/\/aromasentia.com\/product\/driftwood-bee-insect-box\/"},"modified":"2025-05-31T05:37:19","modified_gmt":"2025-05-31T05:37:19","slug":"bee-insect-box-av-drivved","status":"publish","type":"product","link":"https:\/\/aromasentia.com\/no\/bee-insect-box-av-drivved\/","title":{"rendered":"Bee &#038; Insect Box Av Drivved"},"content":{"rendered":"<p>Tiltrekk nytteinsekter til hagen din med denne Bee &#038; Insect Box av drivved. Denne boksen er konstruert av naturlig drivved og gir et viktig habitat for solit\u00e6re bier, marih\u00f8ner og andre nytteinsekter. De ulike rommene og de naturlige materialene skaper trygge hekke- og overvintringsplasser. Den er et vakkert og milj\u00f8bevisst tilskudd til enhver hage, og st\u00f8tter det lokale biologiske mangfoldet samtidig som den tilf\u00f8rer et snev av rustikk, organisk sjarm og fascinerende naturlig aktivitet \u00e5 observere.<\/p>\n","protected":false},"excerpt":{"rendered":"<p>Tiltrekk nytteinsekter til hagen din med denne Bee &#038; Insect Box av drivved. Denne boksen er konstruert av naturlig drivved og gir et viktig habitat for solit\u00e6re bier, marih\u00f8ner og andre nytteinsekter. De ulike rommene og de naturlige materialene skaper trygge hekke- og overvintringsplasser. Den er et vakkert og milj\u00f8bevisst tilskudd til enhver hage, og [&hellip;]<\/p>\n","protected":false},"featured_media":358558,"comment_status":"closed","ping_status":"open","template":"","meta":{"_angie_page":false},"product_brand":[],"product_cat":[10400,8394],"product_tag":[],"class_list":{"0":"post-208954","1":"product","2":"type-product","3":"status-publish","4":"has-post-thumbnail","6":"product_cat-dekorasjon","7":"product_cat-hjem-og-hage","8":"pa_made-in-indonesia","10":"first","11":"instock","12":"purchasable","13":"product-type-simple"},"supplier_id":null,"supplier_sku":"BBBox-05DS","barcode":null,"atum_controlled":true,"out_stock_date":null,"out_stock_threshold":null,"inheritable":false,"inbound_stock":null,"stock_on_hold":0,"sold_today":0,"sales_last_days":0,"reserved_stock":null,"customer_returns":null,"warehouse_damage":null,"lost_in_post":null,"other_logs":null,"out_stock_days":0,"lost_sales":0,"has_location":null,"update_date":"2026-04-27T06:54:19","atum_locations":[],"atum_stock_status":"instock","restock_status":false,"low_stock_amount":"","sales_update_date":"2026-01-30T01:25:37","calc_backorders":null,"_links":{"self":[{"href":"https:\/\/aromasentia.com\/no\/wp-json\/wp\/v2\/product\/208954","targetHints":{"allow":["GET"]}}],"collection":[{"href":"https:\/\/aromasentia.com\/no\/wp-json\/wp\/v2\/product"}],"about":[{"href":"https:\/\/aromasentia.com\/no\/wp-json\/wp\/v2\/types\/product"}],"replies":[{"embeddable":true,"href":"https:\/\/aromasentia.com\/no\/wp-json\/wp\/v2\/comments?post=208954"}],"version-history":[{"count":0,"href":"https:\/\/aromasentia.com\/no\/wp-json\/wp\/v2\/product\/208954\/revisions"}],"wp:featuredmedia":[{"embeddable":true,"href":"https:\/\/aromasentia.com\/no\/wp-json\/wp\/v2\/media\/358558"}],"wp:attachment":[{"href":"https:\/\/aromasentia.com\/no\/wp-json\/wp\/v2\/media?parent=208954"}],"wp:term":[{"taxonomy":"product_brand","embeddable":true,"href":"https:\/\/aromasentia.com\/no\/wp-json\/wp\/v2\/product_brand?post=208954"},{"taxonomy":"product_cat","embeddable":true,"href":"https:\/\/aromasentia.com\/no\/wp-json\/wp\/v2\/product_cat?post=208954"},{"taxonomy":"product_tag","embeddable":true,"href":"https:\/\/aromasentia.com\/no\/wp-json\/wp\/v2\/product_tag?post=208954"}],"curies":[{"name":"wp","href":"https:\/\/api.w.org\/{rel}","templated":true}]}}