{"id":208952,"date":"2025-03-22T16:04:38","date_gmt":"2025-03-22T16:04:38","guid":{"rendered":"https:\/\/aromasentia.com\/product\/driftwood-birdbox-double\/"},"modified":"2025-05-31T05:37:14","modified_gmt":"2025-05-31T05:37:14","slug":"fuglekasse-i-drivved-dobbel","status":"publish","type":"product","link":"https:\/\/aromasentia.com\/no\/fuglekasse-i-drivved-dobbel\/","title":{"rendered":"Fuglekasse I Drivved &#8211; Dobbel"},"content":{"rendered":"<p>Gi ly til flere fj\u00e6rkledde venner med denne fuglekassen i drivved &#8211; dobbel. Denne s\u00e6regne fuglekassen er laget av naturlig drivved og har en &laquo;dobbel&raquo; design, kanskje med to reirrom eller en st\u00f8rre samlet struktur. Det gir et unikt, rustikt fristed for hagens fugler, og hver del har sin egen organiske sjarm. En fantastisk m\u00e5te \u00e5 gj\u00f8re hagen din mer attraktiv for dyrelivet p\u00e5, samtidig som du tilf\u00f8rer et vakkert, h\u00e5ndlaget element av kyst- eller skogskunst.<\/p>\n","protected":false},"excerpt":{"rendered":"<p>Gi ly til flere fj\u00e6rkledde venner med denne fuglekassen i drivved &#8211; dobbel. Denne s\u00e6regne fuglekassen er laget av naturlig drivved og har en &laquo;dobbel&raquo; design, kanskje med to reirrom eller en st\u00f8rre samlet struktur. Det gir et unikt, rustikt fristed for hagens fugler, og hver del har sin egen organiske sjarm. En fantastisk m\u00e5te [&hellip;]<\/p>\n","protected":false},"featured_media":358508,"comment_status":"closed","ping_status":"open","template":"","meta":{"_angie_page":false},"product_brand":[],"product_cat":[10400,8394],"product_tag":[],"class_list":{"0":"post-208952","1":"product","2":"type-product","3":"status-publish","4":"has-post-thumbnail","6":"product_cat-dekorasjon","7":"product_cat-hjem-og-hage","8":"pa_made-in-indonesia","10":"first","11":"instock","12":"purchasable","13":"product-type-simple"},"supplier_id":null,"supplier_sku":"BBBox-03DS","barcode":null,"atum_controlled":true,"out_stock_date":null,"out_stock_threshold":null,"inheritable":false,"inbound_stock":null,"stock_on_hold":0,"sold_today":0,"sales_last_days":0,"reserved_stock":null,"customer_returns":null,"warehouse_damage":null,"lost_in_post":null,"other_logs":null,"out_stock_days":0,"lost_sales":0,"has_location":null,"update_date":"2026-04-27T06:54:19","atum_locations":[],"atum_stock_status":"instock","restock_status":false,"low_stock_amount":"","sales_update_date":"2026-01-30T01:26:34","calc_backorders":null,"_links":{"self":[{"href":"https:\/\/aromasentia.com\/no\/wp-json\/wp\/v2\/product\/208952","targetHints":{"allow":["GET"]}}],"collection":[{"href":"https:\/\/aromasentia.com\/no\/wp-json\/wp\/v2\/product"}],"about":[{"href":"https:\/\/aromasentia.com\/no\/wp-json\/wp\/v2\/types\/product"}],"replies":[{"embeddable":true,"href":"https:\/\/aromasentia.com\/no\/wp-json\/wp\/v2\/comments?post=208952"}],"version-history":[{"count":0,"href":"https:\/\/aromasentia.com\/no\/wp-json\/wp\/v2\/product\/208952\/revisions"}],"wp:featuredmedia":[{"embeddable":true,"href":"https:\/\/aromasentia.com\/no\/wp-json\/wp\/v2\/media\/358508"}],"wp:attachment":[{"href":"https:\/\/aromasentia.com\/no\/wp-json\/wp\/v2\/media?parent=208952"}],"wp:term":[{"taxonomy":"product_brand","embeddable":true,"href":"https:\/\/aromasentia.com\/no\/wp-json\/wp\/v2\/product_brand?post=208952"},{"taxonomy":"product_cat","embeddable":true,"href":"https:\/\/aromasentia.com\/no\/wp-json\/wp\/v2\/product_cat?post=208952"},{"taxonomy":"product_tag","embeddable":true,"href":"https:\/\/aromasentia.com\/no\/wp-json\/wp\/v2\/product_tag?post=208952"}],"curies":[{"name":"wp","href":"https:\/\/api.w.org\/{rel}","templated":true}]}}