{"id":208951,"date":"2025-03-22T16:04:38","date_gmt":"2025-03-22T16:04:38","guid":{"rendered":"https:\/\/aromasentia.com\/product\/driftwood-birdbox-small\/"},"modified":"2025-05-31T05:37:12","modified_gmt":"2025-05-31T05:37:12","slug":"fuglekasse-i-drivved-liten-liten","status":"publish","type":"product","link":"https:\/\/aromasentia.com\/no\/fuglekasse-i-drivved-liten-liten\/","title":{"rendered":"Fuglekasse I Drivved &#8211; Liten Liten"},"content":{"rendered":"<p>Skap et koselig tilfluktssted med denne fuglekassen i drivved &#8211; liten. Denne sjarmerende, lille fuglekassen er laget av unike biter av naturlig drivved, og gir et rustikt og innbydende tilfluktssted for hagens fugler. Hver fuglekasse har sin egen individuelle karakter p\u00e5 grunn av drivvedens organiske former. Den er et vakkert og milj\u00f8vennlig tilskudd til hagen din, og den st\u00f8tter ikke bare det lokale dyrelivet, men tilf\u00f8rer ogs\u00e5 et snev av lunefull, kystinspirert kunst og naturlig sjarm til uterommet ditt.<\/p>\n","protected":false},"excerpt":{"rendered":"<p>Skap et koselig tilfluktssted med denne fuglekassen i drivved &#8211; liten. Denne sjarmerende, lille fuglekassen er laget av unike biter av naturlig drivved, og gir et rustikt og innbydende tilfluktssted for hagens fugler. Hver fuglekasse har sin egen individuelle karakter p\u00e5 grunn av drivvedens organiske former. Den er et vakkert og milj\u00f8vennlig tilskudd til hagen [&hellip;]<\/p>\n","protected":false},"featured_media":358483,"comment_status":"closed","ping_status":"open","template":"","meta":{"_angie_page":false},"product_brand":[],"product_cat":[10400,8394],"product_tag":[],"class_list":{"0":"post-208951","1":"product","2":"type-product","3":"status-publish","4":"has-post-thumbnail","6":"product_cat-dekorasjon","7":"product_cat-hjem-og-hage","8":"pa_made-in-indonesia","10":"first","11":"instock","12":"purchasable","13":"product-type-simple"},"supplier_id":null,"supplier_sku":"BBBox-02DS","barcode":null,"atum_controlled":true,"out_stock_date":null,"out_stock_threshold":null,"inheritable":false,"inbound_stock":null,"stock_on_hold":0,"sold_today":0,"sales_last_days":0,"reserved_stock":null,"customer_returns":null,"warehouse_damage":null,"lost_in_post":null,"other_logs":null,"out_stock_days":0,"lost_sales":0,"has_location":null,"update_date":"2026-04-30T13:08:37","atum_locations":[],"atum_stock_status":"instock","restock_status":false,"low_stock_amount":"","sales_update_date":"2025-10-09T03:25:53","calc_backorders":null,"_links":{"self":[{"href":"https:\/\/aromasentia.com\/no\/wp-json\/wp\/v2\/product\/208951","targetHints":{"allow":["GET"]}}],"collection":[{"href":"https:\/\/aromasentia.com\/no\/wp-json\/wp\/v2\/product"}],"about":[{"href":"https:\/\/aromasentia.com\/no\/wp-json\/wp\/v2\/types\/product"}],"replies":[{"embeddable":true,"href":"https:\/\/aromasentia.com\/no\/wp-json\/wp\/v2\/comments?post=208951"}],"version-history":[{"count":0,"href":"https:\/\/aromasentia.com\/no\/wp-json\/wp\/v2\/product\/208951\/revisions"}],"wp:featuredmedia":[{"embeddable":true,"href":"https:\/\/aromasentia.com\/no\/wp-json\/wp\/v2\/media\/358483"}],"wp:attachment":[{"href":"https:\/\/aromasentia.com\/no\/wp-json\/wp\/v2\/media?parent=208951"}],"wp:term":[{"taxonomy":"product_brand","embeddable":true,"href":"https:\/\/aromasentia.com\/no\/wp-json\/wp\/v2\/product_brand?post=208951"},{"taxonomy":"product_cat","embeddable":true,"href":"https:\/\/aromasentia.com\/no\/wp-json\/wp\/v2\/product_cat?post=208951"},{"taxonomy":"product_tag","embeddable":true,"href":"https:\/\/aromasentia.com\/no\/wp-json\/wp\/v2\/product_tag?post=208951"}],"curies":[{"name":"wp","href":"https:\/\/api.w.org\/{rel}","templated":true}]}}