{"id":208926,"date":"2025-03-22T16:04:50","date_gmt":"2025-03-22T16:04:50","guid":{"rendered":"https:\/\/aromasentia.com\/product\/simple-bamboo-bird-whistle\/"},"modified":"2025-05-31T05:35:35","modified_gmt":"2025-05-31T05:35:35","slug":"enkel-fuglefloyte-i-bambus","status":"publish","type":"product","link":"https:\/\/aromasentia.com\/no\/enkel-fuglefloyte-i-bambus\/","title":{"rendered":"Enkel Fuglefl\u00f8yte I Bambus"},"content":{"rendered":"<p>Nyt enkle, naturlige lyder med denne Simple Bamboo Bird Whistle. Denne lette og milj\u00f8vennlige fl\u00f8yten er laget av b\u00e6rekraftig bambus og gir fra seg en klar, h\u00f8y tone som minner om fuglekall. Den minimalistiske designen og det naturlige materialet gir den en jordn\u00e6r og rustikk sjarm. Fl\u00f8yten er en flott liten gave, en festgave eller en morsom m\u00e5te for barn \u00e5 utforske lyd og komme i kontakt med naturen p\u00e5, og den gir et snev av enkel, h\u00e5ndlaget glede og melodisk lekenhet for alle aldre.<\/p>\n","protected":false},"excerpt":{"rendered":"<p>Nyt enkle, naturlige lyder med denne Simple Bamboo Bird Whistle. Denne lette og milj\u00f8vennlige fl\u00f8yten er laget av b\u00e6rekraftig bambus og gir fra seg en klar, h\u00f8y tone som minner om fuglekall. Den minimalistiske designen og det naturlige materialet gir den en jordn\u00e6r og rustikk sjarm. Fl\u00f8yten er en flott liten gave, en festgave eller [&hellip;]<\/p>\n","protected":false},"featured_media":361190,"comment_status":"closed","ping_status":"open","template":"","meta":{"_angie_page":false},"product_brand":[],"product_cat":[8476,8374],"product_tag":[],"class_list":{"0":"post-208926","1":"product","2":"type-product","3":"status-publish","4":"has-post-thumbnail","6":"product_cat-musikkinstrumenter","7":"product_cat-vintage-gaver-og-suvenirer","8":"pa_collection-bird-whistles-no","9":"pa_made-in-indonesia","11":"first","12":"instock","13":"purchasable","14":"product-type-simple"},"supplier_id":null,"supplier_sku":"Bwis-03","barcode":null,"atum_controlled":true,"out_stock_date":null,"out_stock_threshold":null,"inheritable":false,"inbound_stock":null,"stock_on_hold":0,"sold_today":0,"sales_last_days":0,"reserved_stock":null,"customer_returns":null,"warehouse_damage":null,"lost_in_post":null,"other_logs":null,"out_stock_days":0,"lost_sales":0,"has_location":null,"update_date":"2026-04-27T06:55:59","atum_locations":[],"atum_stock_status":"instock","restock_status":false,"low_stock_amount":"","sales_update_date":"2026-02-06T00:02:02","calc_backorders":null,"_links":{"self":[{"href":"https:\/\/aromasentia.com\/no\/wp-json\/wp\/v2\/product\/208926","targetHints":{"allow":["GET"]}}],"collection":[{"href":"https:\/\/aromasentia.com\/no\/wp-json\/wp\/v2\/product"}],"about":[{"href":"https:\/\/aromasentia.com\/no\/wp-json\/wp\/v2\/types\/product"}],"replies":[{"embeddable":true,"href":"https:\/\/aromasentia.com\/no\/wp-json\/wp\/v2\/comments?post=208926"}],"version-history":[{"count":0,"href":"https:\/\/aromasentia.com\/no\/wp-json\/wp\/v2\/product\/208926\/revisions"}],"wp:featuredmedia":[{"embeddable":true,"href":"https:\/\/aromasentia.com\/no\/wp-json\/wp\/v2\/media\/361190"}],"wp:attachment":[{"href":"https:\/\/aromasentia.com\/no\/wp-json\/wp\/v2\/media?parent=208926"}],"wp:term":[{"taxonomy":"product_brand","embeddable":true,"href":"https:\/\/aromasentia.com\/no\/wp-json\/wp\/v2\/product_brand?post=208926"},{"taxonomy":"product_cat","embeddable":true,"href":"https:\/\/aromasentia.com\/no\/wp-json\/wp\/v2\/product_cat?post=208926"},{"taxonomy":"product_tag","embeddable":true,"href":"https:\/\/aromasentia.com\/no\/wp-json\/wp\/v2\/product_tag?post=208926"}],"curies":[{"name":"wp","href":"https:\/\/api.w.org\/{rel}","templated":true}]}}