{"id":208925,"date":"2025-03-22T16:04:50","date_gmt":"2025-03-22T16:04:50","guid":{"rendered":"https:\/\/aromasentia.com\/product\/wooden-bird-whistle\/"},"modified":"2025-05-31T05:35:32","modified_gmt":"2025-05-31T05:35:32","slug":"fuglefloyte-i-tre","status":"publish","type":"product","link":"https:\/\/aromasentia.com\/no\/fuglefloyte-i-tre\/","title":{"rendered":"Fuglefl\u00f8yte I Tre"},"content":{"rendered":"<p>Vekk naturens lyder til live med denne fuglefl\u00f8yten i tre. Denne herlige, h\u00e5ndlagde fl\u00f8yten i tre er designet for \u00e5 imitere ulike fuglestemmer, og er en morsom m\u00e5te for b\u00e5de barn og voksne \u00e5 komme i kontakt med fuglenes verden p\u00e5. Den naturlige trekonstruksjonen og den enkle mekanismen gj\u00f8r fl\u00f8yten til en sjarmerende og engasjerende leke eller et nyttig verkt\u00f8y for fuglekikkere. Perfekt til utend\u00f8rs lek, i undervisningssammenheng eller bare for \u00e5 skape s\u00f8te, fuglelignende melodier med et rustikt preg.<\/p>\n","protected":false},"excerpt":{"rendered":"<p>Vekk naturens lyder til live med denne fuglefl\u00f8yten i tre. Denne herlige, h\u00e5ndlagde fl\u00f8yten i tre er designet for \u00e5 imitere ulike fuglestemmer, og er en morsom m\u00e5te for b\u00e5de barn og voksne \u00e5 komme i kontakt med fuglenes verden p\u00e5. Den naturlige trekonstruksjonen og den enkle mekanismen gj\u00f8r fl\u00f8yten til en sjarmerende og engasjerende [&hellip;]<\/p>\n","protected":false},"featured_media":361173,"comment_status":"closed","ping_status":"open","template":"","meta":[],"product_brand":[],"product_cat":[8476,8374],"product_tag":[],"class_list":{"0":"post-208925","1":"product","2":"type-product","3":"status-publish","4":"has-post-thumbnail","6":"product_cat-musikkinstrumenter","7":"product_cat-vintage-gaver-og-suvenirer","8":"pa_collection-bird-whistles-no","9":"pa_made-in-indonesia","11":"first","12":"instock","13":"purchasable","14":"product-type-simple"},"supplier_id":null,"supplier_sku":"Bwis-02","barcode":null,"atum_controlled":true,"out_stock_date":null,"out_stock_threshold":null,"inheritable":false,"inbound_stock":null,"stock_on_hold":0,"sold_today":0,"sales_last_days":0,"reserved_stock":null,"customer_returns":null,"warehouse_damage":null,"lost_in_post":null,"other_logs":null,"out_stock_days":0,"lost_sales":0,"has_location":null,"update_date":"2026-02-11T16:45:38","atum_locations":[],"atum_stock_status":"instock","restock_status":false,"low_stock_amount":"","sales_update_date":"2025-10-09T03:27:09","calc_backorders":null,"_links":{"self":[{"href":"https:\/\/aromasentia.com\/no\/wp-json\/wp\/v2\/product\/208925","targetHints":{"allow":["GET"]}}],"collection":[{"href":"https:\/\/aromasentia.com\/no\/wp-json\/wp\/v2\/product"}],"about":[{"href":"https:\/\/aromasentia.com\/no\/wp-json\/wp\/v2\/types\/product"}],"replies":[{"embeddable":true,"href":"https:\/\/aromasentia.com\/no\/wp-json\/wp\/v2\/comments?post=208925"}],"version-history":[{"count":0,"href":"https:\/\/aromasentia.com\/no\/wp-json\/wp\/v2\/product\/208925\/revisions"}],"wp:featuredmedia":[{"embeddable":true,"href":"https:\/\/aromasentia.com\/no\/wp-json\/wp\/v2\/media\/361173"}],"wp:attachment":[{"href":"https:\/\/aromasentia.com\/no\/wp-json\/wp\/v2\/media?parent=208925"}],"wp:term":[{"taxonomy":"product_brand","embeddable":true,"href":"https:\/\/aromasentia.com\/no\/wp-json\/wp\/v2\/product_brand?post=208925"},{"taxonomy":"product_cat","embeddable":true,"href":"https:\/\/aromasentia.com\/no\/wp-json\/wp\/v2\/product_cat?post=208925"},{"taxonomy":"product_tag","embeddable":true,"href":"https:\/\/aromasentia.com\/no\/wp-json\/wp\/v2\/product_tag?post=208925"}],"curies":[{"name":"wp","href":"https:\/\/api.w.org\/{rel}","templated":true}]}}