{"id":208924,"date":"2025-03-22T16:04:50","date_gmt":"2025-03-22T16:04:50","guid":{"rendered":"https:\/\/aromasentia.com\/product\/wooden-duck-whistle\/"},"modified":"2025-05-31T05:35:30","modified_gmt":"2025-05-31T05:35:30","slug":"andefloyte-i-tre","status":"publish","type":"product","link":"https:\/\/aromasentia.com\/no\/andefloyte-i-tre\/","title":{"rendered":"Andefl\u00f8yte I Tre"},"content":{"rendered":"<p>Lag sjarmerende fuglelyd med denne enkle andefl\u00f8yten i tre. Denne tradisjonelle fl\u00f8yten er h\u00e5ndlaget i tre og er designet for \u00e5 etterligne lyden av en and. Den er en morsom og engasjerende leke for barn, et finurlig samleobjekt eller et nyttig verkt\u00f8y for naturentusiaster og jegere (der det er aktuelt). Det naturlige materialet og den enkle designen gir et snev av rustikk sjarm og et lekent samspill med lydene fra naturen, noe som gir timevis med underholdning eller praktisk bruk.<\/p>\n","protected":false},"excerpt":{"rendered":"<p>Lag sjarmerende fuglelyd med denne enkle andefl\u00f8yten i tre. Denne tradisjonelle fl\u00f8yten er h\u00e5ndlaget i tre og er designet for \u00e5 etterligne lyden av en and. Den er en morsom og engasjerende leke for barn, et finurlig samleobjekt eller et nyttig verkt\u00f8y for naturentusiaster og jegere (der det er aktuelt). Det naturlige materialet og den [&hellip;]<\/p>\n","protected":false},"featured_media":361140,"comment_status":"closed","ping_status":"open","template":"","meta":{"_angie_page":false},"product_brand":[],"product_cat":[8476,8374],"product_tag":[],"class_list":{"0":"post-208924","1":"product","2":"type-product","3":"status-publish","4":"has-post-thumbnail","6":"product_cat-musikkinstrumenter","7":"product_cat-vintage-gaver-og-suvenirer","8":"pa_collection-bird-whistles-no","9":"pa_made-in-indonesia","11":"first","12":"instock","13":"purchasable","14":"product-type-simple"},"supplier_id":null,"supplier_sku":"Bwis-01","barcode":null,"atum_controlled":true,"out_stock_date":null,"out_stock_threshold":null,"inheritable":false,"inbound_stock":null,"stock_on_hold":0,"sold_today":0,"sales_last_days":0,"reserved_stock":null,"customer_returns":null,"warehouse_damage":null,"lost_in_post":null,"other_logs":null,"out_stock_days":0,"lost_sales":0,"has_location":null,"update_date":"2026-04-27T06:55:53","atum_locations":[],"atum_stock_status":"instock","restock_status":false,"low_stock_amount":"","sales_update_date":"2025-10-09T03:27:09","calc_backorders":null,"_links":{"self":[{"href":"https:\/\/aromasentia.com\/no\/wp-json\/wp\/v2\/product\/208924","targetHints":{"allow":["GET"]}}],"collection":[{"href":"https:\/\/aromasentia.com\/no\/wp-json\/wp\/v2\/product"}],"about":[{"href":"https:\/\/aromasentia.com\/no\/wp-json\/wp\/v2\/types\/product"}],"replies":[{"embeddable":true,"href":"https:\/\/aromasentia.com\/no\/wp-json\/wp\/v2\/comments?post=208924"}],"version-history":[{"count":0,"href":"https:\/\/aromasentia.com\/no\/wp-json\/wp\/v2\/product\/208924\/revisions"}],"wp:featuredmedia":[{"embeddable":true,"href":"https:\/\/aromasentia.com\/no\/wp-json\/wp\/v2\/media\/361140"}],"wp:attachment":[{"href":"https:\/\/aromasentia.com\/no\/wp-json\/wp\/v2\/media?parent=208924"}],"wp:term":[{"taxonomy":"product_brand","embeddable":true,"href":"https:\/\/aromasentia.com\/no\/wp-json\/wp\/v2\/product_brand?post=208924"},{"taxonomy":"product_cat","embeddable":true,"href":"https:\/\/aromasentia.com\/no\/wp-json\/wp\/v2\/product_cat?post=208924"},{"taxonomy":"product_tag","embeddable":true,"href":"https:\/\/aromasentia.com\/no\/wp-json\/wp\/v2\/product_tag?post=208924"}],"curies":[{"name":"wp","href":"https:\/\/api.w.org\/{rel}","templated":true}]}}