{"id":208920,"date":"2025-03-22T16:04:50","date_gmt":"2025-03-22T16:04:50","guid":{"rendered":"https:\/\/aromasentia.com\/product\/balance-wine-holders-pig\/"},"modified":"2025-05-31T05:35:19","modified_gmt":"2025-05-31T05:35:19","slug":"balance-vinholdere-gris","status":"publish","type":"product","link":"https:\/\/aromasentia.com\/no\/balance-vinholdere-gris\/","title":{"rendered":"Balance Vinholdere &#8211; Gris"},"content":{"rendered":"<p><span style=\"color: rgb(75, 80, 88);\"><strong>Suar trebalanseholder for vin &#8211; Pig balanserer en enkelt flaske vin p\u00e5 en hvilken som helst flat overflate. Med et <strong>naturlig trefinish-utseende<\/strong> er den perfekt for gavebutikker p\u00e5 landet eller for dyreelskende kunder.<br style=\"color: rgb(114, 114, 114); font-style: normal; font-variant-ligatures: normal; font-variant-caps: normal; font-weight: 400; letter-spacing: normal; orphans: 2; text-align: start; text-indent: 0px; text-transform: none; white-space: normal; widows: 2; word-spacing: 0px; -webkit-text-stroke-width: 0px; text-decoration-thickness: initial; text-decoration-style: initial; text-decoration-color: initial; font-size: 16px; background-color: rgb(255, 255, 255);\"><br style=\"color: rgb(114, 114, 114);\" font-style: normal; font-variant-ligatures: normal; font-variant-caps: normal; font-weight: 400; letter-spacing: normal; orphans: 2; text-align: start; text-indent: 0px; text-transform: none; white-space: normal; widows: 2; word-spacing: 0px; -webkit-text-stroke-width: 0px; text-decoration-thickness: initial; text-decoration-style: initial; text-decoration-color: initial; font-size: 16px; background-color: rgb(255, 255, 255);\">Denne vakre og uvanlige flaskeholderen fra Indonesia forener moderne linjer og flott kunst. Ideell til \u00e5 holde flasker med god vin eller noen olivenoljeflasker.<br style=\"color: rgb(114, 114, 114); font-style: normal; font-variant-ligatures: normal; font-variant-caps: normal; font-weight: 400; letter-spacing: normal; orphans: 2; text-align: start; text-indent: 0px; text-transform: none; white-space: normal; widows: 2; word-spacing: 0px; -webkit-text-stroke-width: 0px; text-decoration-thickness: initial; text-decoration-style: initial; text-decoration-color: initial; font-size: 16px; background-color: rgb(255, 255, 255);\"><br style=\"color: rgb(114, 114, 114); font-style: normal; font-variant-ligatures: normal; font-variant-caps: normal; font-weight: 400; letter-spacing: normal; orphans: 2; text-align: start; text-indent: 0px; text-transform: none;\" white-space: normal; widows: 2; word-spacing: 0px; -webkit-text-stroke-width: 0px; text-decoration-thickness: initial; text-decoration-style: initial; text-decoration-color: initial; font-size: 16px; background-color: rgb(255, 255, 255);\">Hver holder vil v\u00e6re et samtaleemne ved middagsbordet eller hvor den enn er plassert. H\u00e5ndlaget med naturlig Suar-tre av h\u00f8y kvalitet, fremhever den de unike trem\u00f8nstrene.<br style=\"color: rgb(114, 114, 114); font-style: normal; font-variant-ligatures: normal; font-variant-caps: normal; font-weight: 400; letter-spacing: normal; orphans: 2; text-align: start; text-indent: 0px; text-transform: none; white-space: normal; widows: 2; word-spacing: 0px; -webkit-text-stroke-width: 0px; text-decoration-thickness: initial; text-decoration-style: initial; text-decoration-color: initial; font-size: 16px; background-color: rgb(255, 255, 255);\"><br style=\"color: rgb(114, 114, 114); font-style: normal; font-variant-ligatures: normal; font-variant-caps: normal; font-weight: 400; letter-spacing: normal; orphans: 2; text-align: start; text-indent: 0px; text-transform: none; white-space: normal; widows: 2; word-spacing: 0px; -webkit-text-stroke-width: 0px; text-decoration-thickness: initial; text-decoration-style: initial; text-decoration-color: initial;\" font-size: 16px; background-color: rgb(255, 255, 255);\"><strong>Merk:<\/strong> Dette er et sv\u00e6rt sjeldent produkt, hvor v\u00e5re h\u00e5ndverkere bare kan lage et begrenset antall, s\u00e5 vi kan ikke garantere at vi alltid har det p\u00e5 lager. De er alle omhyggelig utsk\u00e5ret fra ett trestykke (bortsett fra snegle\u00f8ynene), noe som gir en fin detalj og en bedre vinholder.<br style=\"color: rgb(114, 114, 114); font-family: Raleway, sans-serif; font-size: 15px; font-style: normal; font-variant-ligatures: normal; font-variant-caps: normal; font-weight: 400; letter-spacing: normal; orphans: 2; text-align: start; text-indent: 0px; text-transform: none; white-space: normal; widows: 2; ordavstand: 0px; -webkit-text-stroke-width: 0px; bakgrunnsfarge: rgb(255, 255, 255); text-decoration-thickness: initial; text-decoration-style: initial; text-decoration-color: initial;\"><br style=\"color: rgb(114, 114, 114); font-family: Raleway, sans-serif; font-size: 15px; font-style: normal; font-variant-ligatures: normal; font-variant-caps: normal; font-weight: 400; letter-spacing: normal; orphans: 2; text-align: start; text-indent: 0px; text-transform: none; white-space: normal; widows: 2; ordavstand: 0px; -webkit-text-stroke-width: 0px;\" background-color: rgb(255, 255, 255); text-decoration-thickness: initial; text-decoration-style: initial; text-decoration-color: initial;\">For \u00e5 ta vare p\u00e5 denne varen, s\u00f8rg for at du t\u00f8rker den ren med en fuktig klut fra tid til annen og sm\u00f8rer den av og til med noen dr\u00e5per olivenolje for \u00e5 bevare mykheten og unng\u00e5 at treverket t\u00f8rker ut. Riktig oppbevaringsvinkel for vinflasken oppn\u00e5s ved \u00e5 justere flaskehalsen i hullet helt eller delvis. Vinholdere leveres uten vinflaske&#8230;<\/span><\/p>\n<p><span style=\"color: rgb(141, 186, 216);\"><strong>Legg til i produktportef\u00f8ljen din i dag og gi nettbutikksalget ditt minst \u00e9n slurk om gangen =)<\/strong><\/span><\/p>\n","protected":false},"excerpt":{"rendered":"<p>Suar trebalanseholder for vin &#8211; Pig balanserer en enkelt flaske vin p\u00e5 en hvilken som helst flat overflate. Med et naturlig trefinish-utseende er den perfekt for gavebutikker p\u00e5 landet eller for dyreelskende kunder.Hver holder vil v\u00e6re et samtaleemne ved middagsbordet eller hvor den enn er plassert. H\u00e5ndlaget med naturlig Suar-tre av h\u00f8y kvalitet, fremhever den [&hellip;]<\/p>\n","protected":false},"featured_media":361104,"comment_status":"closed","ping_status":"open","template":"","meta":[],"product_brand":[],"product_cat":[8394,10420],"product_tag":[],"class_list":{"0":"post-208920","1":"product","2":"type-product","3":"status-publish","4":"has-post-thumbnail","6":"product_cat-hjem-og-hage","7":"product_cat-kjokken-og-tilbehor","8":"pa_collection-suar-wood-balance-wine-holders-no","9":"pa_made-in-indonesia","11":"first","12":"outofstock","13":"purchasable","14":"product-type-simple"},"supplier_id":null,"supplier_sku":"BWH-08","barcode":null,"atum_controlled":true,"out_stock_date":"2025-09-04 22:09:23","out_stock_threshold":null,"inheritable":false,"inbound_stock":null,"stock_on_hold":0,"sold_today":0,"sales_last_days":0,"reserved_stock":null,"customer_returns":null,"warehouse_damage":null,"lost_in_post":null,"other_logs":null,"out_stock_days":34,"lost_sales":0,"has_location":null,"update_date":"2026-02-12T05:47:04","atum_locations":[],"atum_stock_status":"outofstock","restock_status":false,"low_stock_amount":"","sales_update_date":"2025-10-09T03:27:08","calc_backorders":null,"_links":{"self":[{"href":"https:\/\/aromasentia.com\/no\/wp-json\/wp\/v2\/product\/208920","targetHints":{"allow":["GET"]}}],"collection":[{"href":"https:\/\/aromasentia.com\/no\/wp-json\/wp\/v2\/product"}],"about":[{"href":"https:\/\/aromasentia.com\/no\/wp-json\/wp\/v2\/types\/product"}],"replies":[{"embeddable":true,"href":"https:\/\/aromasentia.com\/no\/wp-json\/wp\/v2\/comments?post=208920"}],"version-history":[{"count":0,"href":"https:\/\/aromasentia.com\/no\/wp-json\/wp\/v2\/product\/208920\/revisions"}],"wp:featuredmedia":[{"embeddable":true,"href":"https:\/\/aromasentia.com\/no\/wp-json\/wp\/v2\/media\/361104"}],"wp:attachment":[{"href":"https:\/\/aromasentia.com\/no\/wp-json\/wp\/v2\/media?parent=208920"}],"wp:term":[{"taxonomy":"product_brand","embeddable":true,"href":"https:\/\/aromasentia.com\/no\/wp-json\/wp\/v2\/product_brand?post=208920"},{"taxonomy":"product_cat","embeddable":true,"href":"https:\/\/aromasentia.com\/no\/wp-json\/wp\/v2\/product_cat?post=208920"},{"taxonomy":"product_tag","embeddable":true,"href":"https:\/\/aromasentia.com\/no\/wp-json\/wp\/v2\/product_tag?post=208920"}],"curies":[{"name":"wp","href":"https:\/\/api.w.org\/{rel}","templated":true}]}}