{"id":208916,"date":"2025-03-22T16:04:50","date_gmt":"2025-03-22T16:04:50","guid":{"rendered":"https:\/\/aromasentia.com\/product\/balance-wine-holders-turtle\/"},"modified":"2025-05-31T05:35:06","modified_gmt":"2025-05-31T05:35:06","slug":"balance-vinholdere-turtle","status":"publish","type":"product","link":"https:\/\/aromasentia.com\/no\/balance-vinholdere-turtle\/","title":{"rendered":"Balance Vinholdere &#8211; Turtle"},"content":{"rendered":"<p>Ta en titt p\u00e5 denne perfekte balanserende <strong>vinflaskeholderen<\/strong> i tre \u2013 skilpadde.<\/strong> Siden hele serien avbilder forskjellige dyr, er hver vinholder en magisk gave til enhver anledning.<br style=\"color: rgb(114, 114, 114); font-family: Ubuntu, sans-serif; font-size: 16px; font-style: normal; font-variant-ligatures: normal; font-variant-caps: normal; font-weight: 400; letter-spacing: normal; orphans: 2; text-align: start; text-indent: 0px; text-transform: none; white-space: normal; widows: 2; word-spacing: 0px; -webkit-text-stroke-width: 0px; text-decoration-style: initial; text-decoration-color: initial; background-color: rgb(255, 255, 255);\">Disse vakre og uvanlige flaskeholderne fra Indonesia forener moderne linjer og flott kunst. Ideell for \u00e5 holde flasker med god vin eller noen flasker med olivenolje.<br style=\"color: rgb(114, 114, 114); font-family: Ubuntu, sans-serif; font-size: 16px; font-style: normal; font-variant-ligatures: normal; font-variant-caps: normal; font-weight: 400; letter-spacing: normal; orphans: 2; text-align: start; text-indent: 0px; text-transform: none; white-space: normal; widows: 2; word-spacing: 0px; -webkit-text-stroke-width: 0px; text-decoration-style: initial; text-decoration-color: initial; background-color: rgb(255, 255, 255);\">Hver av dem vil v\u00e6re et samtaleemne ved middagsbordet eller hvor enn de vises frem. H\u00e5ndlaget med naturlig Suar-tre av h\u00f8y kvalitet, fremhever det de unike trem\u00f8nstrene.<br style=\"color: rgb(114, 114, 114); font-family: Ubuntu, sans-serif; font-size: 16px; font-style: normal; font-variant-ligatures: normal; font-variant-caps: normal; font-weight: 400; letter-spacing: normal; orphans: 2; text-align: start; text-indent: 0px; text-transform: none; white-space: normal; widows: 2; word-spacing: 0px; -webkit-text-stroke-width: 0px; text-decoration-style: initial; text-decoration-color: initial; background-color: rgb(255, 255, 255);\"><br style=\"color: rgb(114, 114, 114); font-family: Ubuntu, sans-serif; font-size: 16px; font-style: normal; font-variant-ligatures: normal; font-variant-caps: normal; font-weight: 400; letter-spacing: normal; orphans: 2; text-align: start; text-indent: 0px; text-transform: none; white-space: normal; widows: 2; word-spacing: 0px; -webkit-text-stroke-width: 0px; text-decoration-style: initial; text-decoration-color: initial; background-color: rgb(255, 255, 255);\">Merk: Dette er et sv\u00e6rt sjeldent produkt der v\u00e5re h\u00e5ndverkere bare kan lage et begrenset antall, s\u00e5 vi kan ikke garantere at vi alltid har det p\u00e5 lager. De er alle omhyggelig utsk\u00e5ret fra ett trestykke (bortsett fra snegle\u00f8ynene), noe som gir en fin detalj og en bedre vinholder.<\/p>\n","protected":false},"excerpt":{"rendered":"<p>Ta en titt p\u00e5 denne perfekte balanserende vinflaskeholderen i tre \u2013 skilpadde. Siden hele serien avbilder forskjellige dyr, er hver vinholder en magisk gave til enhver anledning.Disse vakre og uvanlige flaskeholderne fra Indonesia forener moderne linjer og flott kunst. Ideell for \u00e5 holde flasker med god vin eller noen flasker med olivenolje.Hver av dem vil [&hellip;]<\/p>\n","protected":false},"featured_media":360972,"comment_status":"closed","ping_status":"open","template":"","meta":{"_angie_page":false},"product_brand":[],"product_cat":[8394,10420],"product_tag":[],"class_list":{"0":"post-208916","1":"product","2":"type-product","3":"status-publish","4":"has-post-thumbnail","6":"product_cat-hjem-og-hage","7":"product_cat-kjokken-og-tilbehor","8":"pa_collection-suar-wood-balance-wine-holders-no","9":"pa_made-in-indonesia","11":"first","12":"instock","13":"purchasable","14":"product-type-simple"},"supplier_id":null,"supplier_sku":"BWH-02","barcode":null,"atum_controlled":true,"out_stock_date":null,"out_stock_threshold":null,"inheritable":false,"inbound_stock":null,"stock_on_hold":0,"sold_today":0,"sales_last_days":0,"reserved_stock":null,"customer_returns":null,"warehouse_damage":null,"lost_in_post":null,"other_logs":null,"out_stock_days":0,"lost_sales":0,"has_location":null,"update_date":"2026-05-08T05:06:07","atum_locations":[],"atum_stock_status":"instock","restock_status":false,"low_stock_amount":"","sales_update_date":"2026-01-30T01:26:01","calc_backorders":null,"_links":{"self":[{"href":"https:\/\/aromasentia.com\/no\/wp-json\/wp\/v2\/product\/208916","targetHints":{"allow":["GET"]}}],"collection":[{"href":"https:\/\/aromasentia.com\/no\/wp-json\/wp\/v2\/product"}],"about":[{"href":"https:\/\/aromasentia.com\/no\/wp-json\/wp\/v2\/types\/product"}],"replies":[{"embeddable":true,"href":"https:\/\/aromasentia.com\/no\/wp-json\/wp\/v2\/comments?post=208916"}],"version-history":[{"count":0,"href":"https:\/\/aromasentia.com\/no\/wp-json\/wp\/v2\/product\/208916\/revisions"}],"wp:featuredmedia":[{"embeddable":true,"href":"https:\/\/aromasentia.com\/no\/wp-json\/wp\/v2\/media\/360972"}],"wp:attachment":[{"href":"https:\/\/aromasentia.com\/no\/wp-json\/wp\/v2\/media?parent=208916"}],"wp:term":[{"taxonomy":"product_brand","embeddable":true,"href":"https:\/\/aromasentia.com\/no\/wp-json\/wp\/v2\/product_brand?post=208916"},{"taxonomy":"product_cat","embeddable":true,"href":"https:\/\/aromasentia.com\/no\/wp-json\/wp\/v2\/product_cat?post=208916"},{"taxonomy":"product_tag","embeddable":true,"href":"https:\/\/aromasentia.com\/no\/wp-json\/wp\/v2\/product_tag?post=208916"}],"curies":[{"name":"wp","href":"https:\/\/api.w.org\/{rel}","templated":true}]}}