{"id":208910,"date":"2025-03-22T16:04:50","date_gmt":"2025-03-22T16:04:50","guid":{"rendered":"https:\/\/aromasentia.com\/product\/bw-double-cotton-bedspread-wall-hanging-hamsa\/"},"modified":"2025-05-31T05:34:45","modified_gmt":"2025-05-31T05:34:45","slug":"dobbelt-bomull-sengeteppe-i-svart-og-hvitt-veggoppheng-hamsa","status":"publish","type":"product","link":"https:\/\/aromasentia.com\/no\/dobbelt-bomull-sengeteppe-i-svart-og-hvitt-veggoppheng-hamsa\/","title":{"rendered":"Dobbelt Bomull Sengeteppe I Svart Og Hvitt + Veggoppheng &#8211; Hamsa"},"content":{"rendered":"<p>Dette Aroma Sentia-pappende **svart-hvitt dobbelt sengeteppet i bomull &#8211; Hamsa** er et ekte kunstverk. Fullt av symbolske betydninger hentet fra gamle indiske tradisjoner, designet er trykket for h\u00e5nd, s\u00e5 mindre ufullkommenheter kan forekomme. Ikke forveksle med billige masseproduserte maskintrykte varer.<\/p>\n<p>Disse designene er i svart-hvitt-farger, av god kvalitet og vakkert designet.<\/p>\n<p>P\u00e5 grunn av sin unike og h\u00e5ndlagde natur kan m\u00e5lene variere litt.<\/p>\n<p><strong>Materiale<\/strong>: 100 % bomull &#8211; Laget i India<\/p>\n<p><strong>St\u00f8rrelse<\/strong>: H\u00f8yde: 230 cm Lengde: 200 cm<\/p>\n","protected":false},"excerpt":{"rendered":"<p>Dette Aroma Sentia-pappende **svart-hvitt dobbelt sengeteppet i bomull &#8211; Hamsa** er et ekte kunstverk. Fullt av symbolske betydninger hentet fra gamle indiske tradisjoner, designet er trykket for h\u00e5nd, s\u00e5 mindre ufullkommenheter kan forekomme. Ikke forveksle med billige masseproduserte maskintrykte varer. Disse designene er i svart-hvitt-farger, av god kvalitet og vakkert designet. P\u00e5 grunn av sin [&hellip;]<\/p>\n","protected":false},"featured_media":360840,"comment_status":"closed","ping_status":"open","template":"","meta":{"_angie_page":false},"product_brand":[],"product_cat":[10395,10654],"product_tag":[],"class_list":{"0":"post-208910","1":"product","2":"type-product","3":"status-publish","4":"has-post-thumbnail","6":"product_cat-tekstiler","7":"product_cat-veggoppheng-og-veggpynt","8":"pa_collection-black-and-white-double-cotton-bedspread-no","9":"pa_made-in-india","11":"first","12":"instock","13":"purchasable","14":"product-type-simple"},"supplier_id":null,"supplier_sku":"BWCB-04","barcode":null,"atum_controlled":true,"out_stock_date":null,"out_stock_threshold":null,"inheritable":false,"inbound_stock":null,"stock_on_hold":0,"sold_today":0,"sales_last_days":0,"reserved_stock":null,"customer_returns":null,"warehouse_damage":null,"lost_in_post":null,"other_logs":null,"out_stock_days":0,"lost_sales":0,"has_location":null,"update_date":"2026-04-29T13:02:36","atum_locations":[],"atum_stock_status":"instock","restock_status":false,"low_stock_amount":"","sales_update_date":"2026-01-30T01:26:11","calc_backorders":null,"_links":{"self":[{"href":"https:\/\/aromasentia.com\/no\/wp-json\/wp\/v2\/product\/208910","targetHints":{"allow":["GET"]}}],"collection":[{"href":"https:\/\/aromasentia.com\/no\/wp-json\/wp\/v2\/product"}],"about":[{"href":"https:\/\/aromasentia.com\/no\/wp-json\/wp\/v2\/types\/product"}],"replies":[{"embeddable":true,"href":"https:\/\/aromasentia.com\/no\/wp-json\/wp\/v2\/comments?post=208910"}],"version-history":[{"count":0,"href":"https:\/\/aromasentia.com\/no\/wp-json\/wp\/v2\/product\/208910\/revisions"}],"wp:featuredmedia":[{"embeddable":true,"href":"https:\/\/aromasentia.com\/no\/wp-json\/wp\/v2\/media\/360840"}],"wp:attachment":[{"href":"https:\/\/aromasentia.com\/no\/wp-json\/wp\/v2\/media?parent=208910"}],"wp:term":[{"taxonomy":"product_brand","embeddable":true,"href":"https:\/\/aromasentia.com\/no\/wp-json\/wp\/v2\/product_brand?post=208910"},{"taxonomy":"product_cat","embeddable":true,"href":"https:\/\/aromasentia.com\/no\/wp-json\/wp\/v2\/product_cat?post=208910"},{"taxonomy":"product_tag","embeddable":true,"href":"https:\/\/aromasentia.com\/no\/wp-json\/wp\/v2\/product_tag?post=208910"}],"curies":[{"name":"wp","href":"https:\/\/api.w.org\/{rel}","templated":true}]}}