{"id":208897,"date":"2025-03-22T16:04:50","date_gmt":"2025-03-22T16:04:50","guid":{"rendered":"https:\/\/aromasentia.com\/product\/chakra-drop-banner-sky-blue-183x35cm\/"},"modified":"2025-05-31T05:33:49","modified_gmt":"2025-05-31T05:33:49","slug":"chakra-drop-banner-himmelbla-183x35cm","status":"publish","type":"product","link":"https:\/\/aromasentia.com\/no\/chakra-drop-banner-himmelbla-183x35cm\/","title":{"rendered":"Chakra Drop Banner &#8211; Himmelbl\u00e5 183x35cm"},"content":{"rendered":"<p>Fantastisk og vakker kunst skapt ved f\u00f8rst \u00e5 tegne designet direkte p\u00e5 stoffet i varm voks, og deretter lages kunstverket n\u00f8ye ved hjelp av naturlige fargestoffer.<\/p>\n<p>Senere strekkes stoffet og solt\u00f8rkes, etter at voksen er vasket ut. Det endelige designet blir levende med livlige, livlige farger.<\/p>\n<p>Skapt p\u00e5 \u00f8ya Bali i den kunstneriske enklaven Ubud. Denne batikkveggkunsten er perfekt for \u00e5 bringe positiv energi til ethvert rom.<\/p>\n","protected":false},"excerpt":{"rendered":"<p>Fantastisk og vakker kunst skapt ved f\u00f8rst \u00e5 tegne designet direkte p\u00e5 stoffet i varm voks, og deretter lages kunstverket n\u00f8ye ved hjelp av naturlige fargestoffer. Senere strekkes stoffet og solt\u00f8rkes, etter at voksen er vasket ut. Det endelige designet blir levende med livlige, livlige farger. Skapt p\u00e5 \u00f8ya Bali i den kunstneriske enklaven Ubud. [&hellip;]<\/p>\n","protected":false},"featured_media":360720,"comment_status":"closed","ping_status":"open","template":"","meta":{"_angie_page":false},"product_brand":[],"product_cat":[8394,10395,10654],"product_tag":[],"class_list":{"0":"post-208897","1":"product","2":"type-product","3":"status-publish","4":"has-post-thumbnail","6":"product_cat-hjem-og-hage","7":"product_cat-tekstiler","8":"product_cat-veggoppheng-og-veggpynt","9":"pa_collection-bali-wax-batik-wall-hangings-no","10":"pa_made-in-indonesia","12":"first","13":"instock","14":"purchasable","15":"product-type-simple"},"supplier_id":null,"supplier_sku":"Bwax-12","barcode":null,"atum_controlled":true,"out_stock_date":null,"out_stock_threshold":null,"inheritable":false,"inbound_stock":null,"stock_on_hold":0,"sold_today":0,"sales_last_days":0,"reserved_stock":null,"customer_returns":null,"warehouse_damage":null,"lost_in_post":null,"other_logs":null,"out_stock_days":0,"lost_sales":0,"has_location":null,"update_date":"2026-04-27T06:55:48","atum_locations":[],"atum_stock_status":"instock","restock_status":false,"low_stock_amount":"","sales_update_date":"2026-01-30T01:25:44","calc_backorders":null,"_links":{"self":[{"href":"https:\/\/aromasentia.com\/no\/wp-json\/wp\/v2\/product\/208897","targetHints":{"allow":["GET"]}}],"collection":[{"href":"https:\/\/aromasentia.com\/no\/wp-json\/wp\/v2\/product"}],"about":[{"href":"https:\/\/aromasentia.com\/no\/wp-json\/wp\/v2\/types\/product"}],"replies":[{"embeddable":true,"href":"https:\/\/aromasentia.com\/no\/wp-json\/wp\/v2\/comments?post=208897"}],"version-history":[{"count":0,"href":"https:\/\/aromasentia.com\/no\/wp-json\/wp\/v2\/product\/208897\/revisions"}],"wp:featuredmedia":[{"embeddable":true,"href":"https:\/\/aromasentia.com\/no\/wp-json\/wp\/v2\/media\/360720"}],"wp:attachment":[{"href":"https:\/\/aromasentia.com\/no\/wp-json\/wp\/v2\/media?parent=208897"}],"wp:term":[{"taxonomy":"product_brand","embeddable":true,"href":"https:\/\/aromasentia.com\/no\/wp-json\/wp\/v2\/product_brand?post=208897"},{"taxonomy":"product_cat","embeddable":true,"href":"https:\/\/aromasentia.com\/no\/wp-json\/wp\/v2\/product_cat?post=208897"},{"taxonomy":"product_tag","embeddable":true,"href":"https:\/\/aromasentia.com\/no\/wp-json\/wp\/v2\/product_tag?post=208897"}],"curies":[{"name":"wp","href":"https:\/\/api.w.org\/{rel}","templated":true}]}}