{"id":208896,"date":"2025-03-22T16:04:50","date_gmt":"2025-03-22T16:04:50","guid":{"rendered":"https:\/\/aromasentia.com\/product\/flower-of-life-and-love-107x103cm\/"},"modified":"2025-05-31T05:33:45","modified_gmt":"2025-05-31T05:33:45","slug":"livets-og-kjaerlighetens-blomst-107x103cm","status":"publish","type":"product","link":"https:\/\/aromasentia.com\/no\/livets-og-kjaerlighetens-blomst-107x103cm\/","title":{"rendered":"Livets Og Kj\u00e6rlighetens Blomst 107x103cm"},"content":{"rendered":"<p>Ta en titt p\u00e5 v\u00e5r fantastiske verdi Flower of Life and Love Wall Art vil gj\u00f8re et fantastisk tillegg til butikken din. <\/p>\n<p>Denne fantastiske og vakkert laget kunsten er laget ved f\u00f8rst \u00e5 tegne designet i varm voks direkte p\u00e5 stoffet, og deretter ved hjelp av naturlige fargestoffer blir kunstverket n\u00f8ye opprettet. Senere blir stoffet strukket og solt\u00f8rket, og etter at voksen er vasket ut, kommer det endelige designet til live med livlige, levende farger.<\/p>\n<p>Denne veggkunsten er skapt p\u00e5 \u00f8ya Bali i den kunstneriske enklaven Ubud, og er perfekt for \u00e5 gi positiv energi til ethvert rom. Den vil v\u00e6re et nydelig midtpunkt p\u00e5 en stuevegg, og kundene dine vil ikke kunne motst\u00e5 dens unike sjarm.&nbsp;<\/p>\n<p>Bestill i dag for \u00e5 legge til litt unik kunst i butikken din.&nbsp;<\/p><\/p>\n","protected":false},"excerpt":{"rendered":"<p>Ta en titt p\u00e5 v\u00e5r fantastiske verdi Flower of Life and Love Wall Art vil gj\u00f8re et fantastisk tillegg til butikken din. Denne fantastiske og vakkert laget kunsten er laget ved f\u00f8rst \u00e5 tegne designet i varm voks direkte p\u00e5 stoffet, og deretter ved hjelp av naturlige fargestoffer blir kunstverket n\u00f8ye opprettet. Senere blir stoffet [&hellip;]<\/p>\n","protected":false},"featured_media":360712,"comment_status":"closed","ping_status":"open","template":"","meta":{"_angie_page":false},"product_brand":[],"product_cat":[8394,10395,10654],"product_tag":[],"class_list":{"0":"post-208896","1":"product","2":"type-product","3":"status-publish","4":"has-post-thumbnail","6":"product_cat-hjem-og-hage","7":"product_cat-tekstiler","8":"product_cat-veggoppheng-og-veggpynt","9":"pa_collection-bali-wax-batik-wall-hangings-no","10":"pa_made-in-indonesia","12":"first","13":"instock","14":"purchasable","15":"product-type-simple"},"supplier_id":null,"supplier_sku":"Bwax-10","barcode":null,"atum_controlled":true,"out_stock_date":null,"out_stock_threshold":null,"inheritable":false,"inbound_stock":null,"stock_on_hold":0,"sold_today":0,"sales_last_days":0,"reserved_stock":null,"customer_returns":null,"warehouse_damage":null,"lost_in_post":null,"other_logs":null,"out_stock_days":0,"lost_sales":0,"has_location":null,"update_date":"2026-04-27T06:55:48","atum_locations":[],"atum_stock_status":"instock","restock_status":false,"low_stock_amount":"","sales_update_date":"2026-01-30T01:25:24","calc_backorders":null,"_links":{"self":[{"href":"https:\/\/aromasentia.com\/no\/wp-json\/wp\/v2\/product\/208896","targetHints":{"allow":["GET"]}}],"collection":[{"href":"https:\/\/aromasentia.com\/no\/wp-json\/wp\/v2\/product"}],"about":[{"href":"https:\/\/aromasentia.com\/no\/wp-json\/wp\/v2\/types\/product"}],"replies":[{"embeddable":true,"href":"https:\/\/aromasentia.com\/no\/wp-json\/wp\/v2\/comments?post=208896"}],"version-history":[{"count":0,"href":"https:\/\/aromasentia.com\/no\/wp-json\/wp\/v2\/product\/208896\/revisions"}],"wp:featuredmedia":[{"embeddable":true,"href":"https:\/\/aromasentia.com\/no\/wp-json\/wp\/v2\/media\/360712"}],"wp:attachment":[{"href":"https:\/\/aromasentia.com\/no\/wp-json\/wp\/v2\/media?parent=208896"}],"wp:term":[{"taxonomy":"product_brand","embeddable":true,"href":"https:\/\/aromasentia.com\/no\/wp-json\/wp\/v2\/product_brand?post=208896"},{"taxonomy":"product_cat","embeddable":true,"href":"https:\/\/aromasentia.com\/no\/wp-json\/wp\/v2\/product_cat?post=208896"},{"taxonomy":"product_tag","embeddable":true,"href":"https:\/\/aromasentia.com\/no\/wp-json\/wp\/v2\/product_tag?post=208896"}],"curies":[{"name":"wp","href":"https:\/\/api.w.org\/{rel}","templated":true}]}}