{"id":208887,"date":"2025-03-22T16:04:50","date_gmt":"2025-03-22T16:04:50","guid":{"rendered":"https:\/\/aromasentia.com\/product\/bali-patio-parasol-canvas-natural-decor-2m\/"},"modified":"2025-05-31T05:33:18","modified_gmt":"2025-05-31T05:33:18","slug":"bali-patio-parasoll-lerret-naturlig-dekor-2m","status":"publish","type":"product","link":"https:\/\/aromasentia.com\/no\/bali-patio-parasoll-lerret-naturlig-dekor-2m\/","title":{"rendered":"Bali Patio Parasoll &#8211; Lerret &#8211; Naturlig Dekor &#8211; 2M"},"content":{"rendered":"<p><span style=\"color: rgb(75, 80, 88);\">Bali Home Decor Parasol er omhyggelig h\u00e5ndlaget og laget av h\u00f8ykvalitets lerretsstoff, noe som sikrer lang levetid og holdbarhet. Den naturlige fargen utstr\u00e5ler en f\u00f8lelse av organisk skj\u00f8nnhet, og blander seg uanstrengt med ulike dekortemaer og fargepaletter. Den n\u00f8ytrale tonen skaper en rolig og beroligende atmosf\u00e6re, og gir et snev av ro til innend\u00f8rsmilj\u00f8et ditt.<\/span><\/p>\n<p><span style=\"color: rgb(75, 80, 88);\"><strong>M\u00e5l:<\/strong><\/span><\/p>\n<p><span style=\"color: rgb(75, 80, 88);\">H\u00f8yde: 260 cm<\/span><\/p>\n<p><span style=\"color: rgb(75, 80, 88);\">Bredde: 200 cm<\/span><\/p>\n","protected":false},"excerpt":{"rendered":"<p>Bali Home Decor Parasol er omhyggelig h\u00e5ndlaget og laget av h\u00f8ykvalitets lerretsstoff, noe som sikrer lang levetid og holdbarhet. Den naturlige fargen utstr\u00e5ler en f\u00f8lelse av organisk skj\u00f8nnhet, og blander seg uanstrengt med ulike dekortemaer og fargepaletter. Den n\u00f8ytrale tonen skaper en rolig og beroligende atmosf\u00e6re, og gir et snev av ro til innend\u00f8rsmilj\u00f8et ditt. [&hellip;]<\/p>\n","protected":false},"featured_media":360399,"comment_status":"closed","ping_status":"open","template":"","meta":{"_angie_page":false},"product_brand":[],"product_cat":[8394,10397],"product_tag":[],"class_list":{"0":"post-208887","1":"product","2":"type-product","3":"status-publish","4":"has-post-thumbnail","6":"product_cat-hjem-og-hage","7":"product_cat-mobler","8":"pa_collection-barrel-tables-stools-no","9":"pa_made-in-indonesia","11":"first","12":"instock","13":"purchasable","14":"product-type-simple"},"supplier_id":null,"supplier_sku":"BPAR-04","barcode":null,"atum_controlled":true,"out_stock_date":null,"out_stock_threshold":null,"inheritable":false,"inbound_stock":null,"stock_on_hold":0,"sold_today":0,"sales_last_days":0,"reserved_stock":null,"customer_returns":null,"warehouse_damage":null,"lost_in_post":null,"other_logs":null,"out_stock_days":0,"lost_sales":0,"has_location":null,"update_date":"2026-04-28T01:00:32","atum_locations":[],"atum_stock_status":"instock","restock_status":false,"low_stock_amount":"","sales_update_date":"2026-01-30T01:26:30","calc_backorders":null,"_links":{"self":[{"href":"https:\/\/aromasentia.com\/no\/wp-json\/wp\/v2\/product\/208887","targetHints":{"allow":["GET"]}}],"collection":[{"href":"https:\/\/aromasentia.com\/no\/wp-json\/wp\/v2\/product"}],"about":[{"href":"https:\/\/aromasentia.com\/no\/wp-json\/wp\/v2\/types\/product"}],"replies":[{"embeddable":true,"href":"https:\/\/aromasentia.com\/no\/wp-json\/wp\/v2\/comments?post=208887"}],"version-history":[{"count":0,"href":"https:\/\/aromasentia.com\/no\/wp-json\/wp\/v2\/product\/208887\/revisions"}],"wp:featuredmedia":[{"embeddable":true,"href":"https:\/\/aromasentia.com\/no\/wp-json\/wp\/v2\/media\/360399"}],"wp:attachment":[{"href":"https:\/\/aromasentia.com\/no\/wp-json\/wp\/v2\/media?parent=208887"}],"wp:term":[{"taxonomy":"product_brand","embeddable":true,"href":"https:\/\/aromasentia.com\/no\/wp-json\/wp\/v2\/product_brand?post=208887"},{"taxonomy":"product_cat","embeddable":true,"href":"https:\/\/aromasentia.com\/no\/wp-json\/wp\/v2\/product_cat?post=208887"},{"taxonomy":"product_tag","embeddable":true,"href":"https:\/\/aromasentia.com\/no\/wp-json\/wp\/v2\/product_tag?post=208887"}],"curies":[{"name":"wp","href":"https:\/\/api.w.org\/{rel}","templated":true}]}}