{"id":208885,"date":"2025-03-22T16:04:50","date_gmt":"2025-03-22T16:04:50","guid":{"rendered":"https:\/\/aromasentia.com\/product\/bali-home-decor-parasol-canvas-natural-40cm\/"},"modified":"2025-05-31T05:33:00","modified_gmt":"2025-05-31T05:33:00","slug":"bali-home-decor-parasoll-lerret-naturlig-40-cm","status":"publish","type":"product","link":"https:\/\/aromasentia.com\/no\/bali-home-decor-parasoll-lerret-naturlig-40-cm\/","title":{"rendered":"Bali Home Decor Parasoll &#8211; Lerret &#8211; Naturlig &#8211; 40 cm"},"content":{"rendered":"<p>Bali Home Decor Parasol i en tidl\u00f8s, naturlig nyanse som gir hjemmet ditt en elegant og stilfull innredning.<\/p>\n<p> Bali Home Decor Parasol er omhyggelig h\u00e5ndlaget og er laget av lerretstoff av h\u00f8y kvalitet, noe som sikrer lang levetid og holdbarhet. Den naturlige fargen utstr\u00e5ler en f\u00f8lelse av organisk skj\u00f8nnhet, og kan enkelt kombineres med ulike innredningstemaer og fargepaletter. Den n\u00f8ytrale tonen skaper en rolig og beroligende atmosf\u00e6re og tilf\u00f8rer et snev av ro i innemilj\u00f8et ditt.<\/p>\n<p><strong>M\u00e5l:<\/strong><\/p>\n<p>H\u00f8yde: 68 cm<\/p>\n<p>Bredde: 40 cm<\/p>\n<p><\/p>\n<p>V\u00e6r oppmerksom p\u00e5: Disse parasollene er ikke beregnet for utend\u00f8rs bruk eller som funksjonelle skyggegivere. De er designet for dekorative form\u00e5l.<\/p>\n","protected":false},"excerpt":{"rendered":"<p>Bali Home Decor Parasol i en tidl\u00f8s, naturlig nyanse som gir hjemmet ditt en elegant og stilfull innredning. Bali Home Decor Parasol er omhyggelig h\u00e5ndlaget og er laget av lerretstoff av h\u00f8y kvalitet, noe som sikrer lang levetid og holdbarhet. Den naturlige fargen utstr\u00e5ler en f\u00f8lelse av organisk skj\u00f8nnhet, og kan enkelt kombineres med ulike [&hellip;]<\/p>\n","protected":false},"featured_media":360325,"comment_status":"closed","ping_status":"open","template":"","meta":{"_angie_page":false},"product_brand":[],"product_cat":[10400,8394],"product_tag":[],"class_list":{"0":"post-208885","1":"product","2":"type-product","3":"status-publish","4":"has-post-thumbnail","6":"product_cat-dekorasjon","7":"product_cat-hjem-og-hage","8":"pa_collection-bali-decor-parasols-no","9":"pa_made-in-indonesia","11":"first","12":"instock","13":"purchasable","14":"product-type-simple"},"supplier_id":null,"supplier_sku":"BPAR-08","barcode":null,"atum_controlled":true,"out_stock_date":null,"out_stock_threshold":null,"inheritable":false,"inbound_stock":null,"stock_on_hold":0,"sold_today":0,"sales_last_days":0,"reserved_stock":null,"customer_returns":null,"warehouse_damage":null,"lost_in_post":null,"other_logs":null,"out_stock_days":0,"lost_sales":0,"has_location":null,"update_date":"2026-05-04T00:02:51","atum_locations":[],"atum_stock_status":"instock","restock_status":false,"low_stock_amount":"","sales_update_date":"2026-01-30T01:25:24","calc_backorders":null,"_links":{"self":[{"href":"https:\/\/aromasentia.com\/no\/wp-json\/wp\/v2\/product\/208885","targetHints":{"allow":["GET"]}}],"collection":[{"href":"https:\/\/aromasentia.com\/no\/wp-json\/wp\/v2\/product"}],"about":[{"href":"https:\/\/aromasentia.com\/no\/wp-json\/wp\/v2\/types\/product"}],"replies":[{"embeddable":true,"href":"https:\/\/aromasentia.com\/no\/wp-json\/wp\/v2\/comments?post=208885"}],"version-history":[{"count":0,"href":"https:\/\/aromasentia.com\/no\/wp-json\/wp\/v2\/product\/208885\/revisions"}],"wp:featuredmedia":[{"embeddable":true,"href":"https:\/\/aromasentia.com\/no\/wp-json\/wp\/v2\/media\/360325"}],"wp:attachment":[{"href":"https:\/\/aromasentia.com\/no\/wp-json\/wp\/v2\/media?parent=208885"}],"wp:term":[{"taxonomy":"product_brand","embeddable":true,"href":"https:\/\/aromasentia.com\/no\/wp-json\/wp\/v2\/product_brand?post=208885"},{"taxonomy":"product_cat","embeddable":true,"href":"https:\/\/aromasentia.com\/no\/wp-json\/wp\/v2\/product_cat?post=208885"},{"taxonomy":"product_tag","embeddable":true,"href":"https:\/\/aromasentia.com\/no\/wp-json\/wp\/v2\/product_tag?post=208885"}],"curies":[{"name":"wp","href":"https:\/\/api.w.org\/{rel}","templated":true}]}}