{"id":208878,"date":"2025-03-22T16:04:50","date_gmt":"2025-03-22T16:04:50","guid":{"rendered":"https:\/\/aromasentia.com\/product\/boho-comfort-throws-125x150cm-navy-zigzag\/"},"modified":"2025-05-31T05:32:36","modified_gmt":"2025-05-31T05:32:36","slug":"boho-comfort-pledd-125x150cm-navy-zigzag","status":"publish","type":"product","link":"https:\/\/aromasentia.com\/no\/boho-comfort-pledd-125x150cm-navy-zigzag\/","title":{"rendered":"Boho Comfort Pledd &#8211; 125x150cm &#8211; Navy Zigzag"},"content":{"rendered":"<p><span style=\"color: rgb(75, 80, 88);\">Vi introduserer v\u00e5re Boho Comfort-pledd \u2013 den ultimate m\u00e5ten \u00e5 tilf\u00f8re et snev av bohemsk sjarm til vareutvalget ditt og im\u00f8tekomme kunder som \u00f8nsker b\u00e5de stil og kos. Disse pleddene handler om \u00e5 blande komfort og estetikk s\u00f8ml\u00f8st.<\/span><\/p>\n<p><span style=\"color: rgb(75, 80, 88);\"><strong>Laget med kj\u00e6rlighet, er Boho Comfort-pledd laget av 100 % bomull.<\/strong><\/span><\/p>\n<p><span style=\"color: rgb(75, 80, 88);\">Dykk ned i et hav av avslapning med v\u00e5rt <strong>Marinebl\u00e5 sikksakk Boho Comfort-pledd<\/strong>. Den rike marinebl\u00e5 fargen og det intrikate sikksakkm\u00f8nsteret skaper et elegant, nautisk inspirert utseende. <strong>Med m\u00e5l p\u00e5 125 x 150 cm (uten frynser)<\/strong> er dette pleddet romslig for maksimal komfort og stil.<\/span><\/p>\n<p><span style=\"color: rgb(141, 186, 216);\"><strong>F\u00e5 inn bohemsk stemning og oppgrader butikkens varelager med disse uimotst\u00e5elige pleddene i dag!<\/strong><\/span><\/p>\n","protected":false},"excerpt":{"rendered":"<p>Vi introduserer v\u00e5re Boho Comfort-pledd \u2013 den ultimate m\u00e5ten \u00e5 tilf\u00f8re et snev av bohemsk sjarm til vareutvalget ditt og im\u00f8tekomme kunder som \u00f8nsker b\u00e5de stil og kos. Disse pleddene handler om \u00e5 blande komfort og estetikk s\u00f8ml\u00f8st. Laget med kj\u00e6rlighet, er Boho Comfort-pledd laget av 100 % bomull. Dykk ned i et hav av [&hellip;]<\/p>\n","protected":false},"featured_media":360038,"comment_status":"closed","ping_status":"open","template":"","meta":{"_angie_page":false},"product_brand":[],"product_cat":[8394,10617,10395],"product_tag":[],"class_list":{"0":"post-208878","1":"product","2":"type-product","3":"status-publish","4":"has-post-thumbnail","6":"product_cat-hjem-og-hage","7":"product_cat-pledd","8":"product_cat-tekstiler","9":"pa_collection-boho-comfort-throws-no","10":"pa_made-in-india","12":"first","13":"instock","14":"purchasable","15":"product-type-simple"},"supplier_id":null,"supplier_sku":"BOHOT-01","barcode":null,"atum_controlled":true,"out_stock_date":null,"out_stock_threshold":null,"inheritable":false,"inbound_stock":null,"stock_on_hold":0,"sold_today":0,"sales_last_days":0,"reserved_stock":null,"customer_returns":null,"warehouse_damage":null,"lost_in_post":null,"other_logs":null,"out_stock_days":0,"lost_sales":0,"has_location":null,"update_date":"2026-04-27T06:55:25","atum_locations":[],"atum_stock_status":"instock","restock_status":false,"low_stock_amount":"","sales_update_date":"2026-01-30T01:25:45","calc_backorders":null,"_links":{"self":[{"href":"https:\/\/aromasentia.com\/no\/wp-json\/wp\/v2\/product\/208878","targetHints":{"allow":["GET"]}}],"collection":[{"href":"https:\/\/aromasentia.com\/no\/wp-json\/wp\/v2\/product"}],"about":[{"href":"https:\/\/aromasentia.com\/no\/wp-json\/wp\/v2\/types\/product"}],"replies":[{"embeddable":true,"href":"https:\/\/aromasentia.com\/no\/wp-json\/wp\/v2\/comments?post=208878"}],"version-history":[{"count":0,"href":"https:\/\/aromasentia.com\/no\/wp-json\/wp\/v2\/product\/208878\/revisions"}],"wp:featuredmedia":[{"embeddable":true,"href":"https:\/\/aromasentia.com\/no\/wp-json\/wp\/v2\/media\/360038"}],"wp:attachment":[{"href":"https:\/\/aromasentia.com\/no\/wp-json\/wp\/v2\/media?parent=208878"}],"wp:term":[{"taxonomy":"product_brand","embeddable":true,"href":"https:\/\/aromasentia.com\/no\/wp-json\/wp\/v2\/product_brand?post=208878"},{"taxonomy":"product_cat","embeddable":true,"href":"https:\/\/aromasentia.com\/no\/wp-json\/wp\/v2\/product_cat?post=208878"},{"taxonomy":"product_tag","embeddable":true,"href":"https:\/\/aromasentia.com\/no\/wp-json\/wp\/v2\/product_tag?post=208878"}],"curies":[{"name":"wp","href":"https:\/\/api.w.org\/{rel}","templated":true}]}}