{"id":208877,"date":"2025-03-22T16:04:50","date_gmt":"2025-03-22T16:04:50","guid":{"rendered":"https:\/\/aromasentia.com\/product\/lrg-round-seagrass-bird-box-with-chimes-56x20cm\/"},"modified":"2025-05-31T05:32:33","modified_gmt":"2025-05-31T05:32:33","slug":"rund-fuglekasse-i-sjogress-med-vindspill-vindklokker-56x20cm-stor","status":"publish","type":"product","link":"https:\/\/aromasentia.com\/no\/rund-fuglekasse-i-sjogress-med-vindspill-vindklokker-56x20cm-stor\/","title":{"rendered":"Rund Fuglekasse I Sj\u00f8gress med Vindspill \/ Vindklokker 56x20Cm Stor"},"content":{"rendered":"<p>Designet p\u00e5 Bali, er dette sortimentet av <strong>Wholesale Seagrass Birdhouses with Chimes<\/strong> laget av sj\u00f8gress, og er en fantastisk gave til en ivrig gartner eller bare for \u00e5 underholde familien mens du skaper et hjem for nabolagets fugler.&nbsp;<\/p>\n<p>Sj\u00f8gressets eksteri\u00f8r gir et naturlig og rustikt preg til boksen, og passer s\u00f8ml\u00f8st inn i enhver hage, uteplass eller bakg\u00e5rd. Den vil garantert gi ethvert uterom et eventyrlig hytteinspirert utseende. Dekorerte med vindklokker i bambus som skaper en beroligende og avslappende lyd i brisen.nbsp;<\/p>\n<p>Ved \u00e5 tilby et trygt og komfortabelt reirsted for sm\u00e5fugler, bidrar Seagrass Bird Box with Chimes til \u00e5 st\u00f8tte det lokale \u00f8kosystemet og fremme biologisk mangfold. Det er en flott m\u00e5te \u00e5 tiltrekke seg og observere en rekke fuglearter p\u00e5, samtidig som den gir et musikalsk preg til uterommet ditt.<\/p>\n<p>Et nydelig hagetilbeh\u00f8r som tiltrekker seg mange fj\u00e6rkledde venner. Den har et opphengstau som gj\u00f8r det enkelt \u00e5 henge den fra en tregren eller en brakett.<\/p>\n<p>Alt i alt er den et vakkert og funksjonelt tillegg til enhver hage eller uterom. Den unike og sjarmerende designen, kombinert med den praktiske funksjonaliteten, gj\u00f8r den til et perfekt valg for fugleelskere og naturentusiaster som \u00f8nsker \u00e5 bringe et snev av musikk og natur inn i uterommet.<\/p>\n<p><strong>Bestill i dag disse naturlige fuglekassene som er &laquo;snille mot jorden&raquo;!<\/strong><\/p>\n","protected":false},"excerpt":{"rendered":"<p>Designet p\u00e5 Bali, er dette sortimentet av Wholesale Seagrass Birdhouses with Chimes laget av sj\u00f8gress, og er en fantastisk gave til en ivrig gartner eller bare for \u00e5 underholde familien mens du skaper et hjem for nabolagets fugler.&nbsp; Sj\u00f8gressets eksteri\u00f8r gir et naturlig og rustikt preg til boksen, og passer s\u00f8ml\u00f8st inn i enhver hage, [&hellip;]<\/p>\n","protected":false},"featured_media":359989,"comment_status":"closed","ping_status":"open","template":"","meta":[],"product_brand":[],"product_cat":[8394],"product_tag":[],"class_list":{"0":"post-208877","1":"product","2":"type-product","3":"status-publish","4":"has-post-thumbnail","6":"product_cat-hjem-og-hage","7":"pa_collection-boho-comfort-throws-no","8":"pa_made-in-indonesia","10":"first","11":"instock","12":"purchasable","13":"product-type-simple"},"supplier_id":null,"supplier_sku":"BirdB-05","barcode":null,"atum_controlled":true,"out_stock_date":null,"out_stock_threshold":null,"inheritable":false,"inbound_stock":null,"stock_on_hold":0,"sold_today":0,"sales_last_days":0,"reserved_stock":null,"customer_returns":null,"warehouse_damage":null,"lost_in_post":null,"other_logs":null,"out_stock_days":0,"lost_sales":0,"has_location":null,"update_date":"2026-01-30T01:26:07","atum_locations":[],"atum_stock_status":"instock","restock_status":false,"low_stock_amount":"","sales_update_date":"2026-01-30T01:26:07","calc_backorders":null,"_links":{"self":[{"href":"https:\/\/aromasentia.com\/no\/wp-json\/wp\/v2\/product\/208877","targetHints":{"allow":["GET"]}}],"collection":[{"href":"https:\/\/aromasentia.com\/no\/wp-json\/wp\/v2\/product"}],"about":[{"href":"https:\/\/aromasentia.com\/no\/wp-json\/wp\/v2\/types\/product"}],"replies":[{"embeddable":true,"href":"https:\/\/aromasentia.com\/no\/wp-json\/wp\/v2\/comments?post=208877"}],"version-history":[{"count":0,"href":"https:\/\/aromasentia.com\/no\/wp-json\/wp\/v2\/product\/208877\/revisions"}],"wp:featuredmedia":[{"embeddable":true,"href":"https:\/\/aromasentia.com\/no\/wp-json\/wp\/v2\/media\/359989"}],"wp:attachment":[{"href":"https:\/\/aromasentia.com\/no\/wp-json\/wp\/v2\/media?parent=208877"}],"wp:term":[{"taxonomy":"product_brand","embeddable":true,"href":"https:\/\/aromasentia.com\/no\/wp-json\/wp\/v2\/product_brand?post=208877"},{"taxonomy":"product_cat","embeddable":true,"href":"https:\/\/aromasentia.com\/no\/wp-json\/wp\/v2\/product_cat?post=208877"},{"taxonomy":"product_tag","embeddable":true,"href":"https:\/\/aromasentia.com\/no\/wp-json\/wp\/v2\/product_tag?post=208877"}],"curies":[{"name":"wp","href":"https:\/\/api.w.org\/{rel}","templated":true}]}}