{"id":208871,"date":"2025-03-22T16:04:50","date_gmt":"2025-03-22T16:04:50","guid":{"rendered":"https:\/\/aromasentia.com\/product\/greek-clay-plant-pot-cream-12cm\/"},"modified":"2025-05-31T05:32:06","modified_gmt":"2025-05-31T05:32:06","slug":"gresk-plantepotte-i-leire-kremfarget-12-cm","status":"publish","type":"product","link":"https:\/\/aromasentia.com\/no\/gresk-plantepotte-i-leire-kremfarget-12-cm\/","title":{"rendered":"Gresk Plantepotte I Leire &#8211; Kremfarget 12 cm"},"content":{"rendered":"<p><span style=\"color: rgb(75, 80, 88);\">L\u00f8ft plantepresentasjonen din med v\u00e5r <strong>greske leirplantepotte<\/strong> i kremfarget, omhyggelig designet for \u00e5 gi et hint av tidl\u00f8s raffinement til boarealet ditt. Denne raffinerte 12 cm potten blander s\u00f8ml\u00f8st klassisk gresk design med et snev av moderne eleganse.<\/span><\/p>\n<p><span style=\"color: rgb(75, 80, 88);\">H\u00e5ndverksmessig laget med presisjon, denne kremfargede leirpotten bringer en f\u00f8lelse av ro til ethvert milj\u00f8. Det stripete m\u00f8nsteret fremhever skj\u00f8nnheten i enkelhet, noe som gj\u00f8r den til en perfekt match for en rekke planter. Enten den plasseres i vinduskarmen, hyllen eller bordet, l\u00f8fter denne potten uanstrengt den estetiske appellen til dine gr\u00f8nne f\u00f8lgesvenner.<\/span><\/p>\n<p><span style=\"color: rgb(75, 80, 88);\"><strong>Vasene er laget av terrakotta, en type leire, formet i forskjellige former og st\u00f8rrelser.<\/strong>Vasene er dekorert med forskjellige m\u00f8nstre inspirert av Indonesias rike kulturarv. Designene spenner fra enkle geometriske m\u00f8nstre til naturlige motiver. Malt i n\u00f8ytrale farger &#8211; hvit, krem og svart.<\/span><\/p>\n<p><span style=\"color: rgb(75, 80, 88);\">Lombok keramiske vaser er et vitnesbyrd om indonesisk keramikk, verdsatt av samlere og entusiaster.<\/span><\/p>\n<p><span style=\"color: rgb(75, 80, 88);\"><strong>MERK:<\/strong>Disse vasene er kun til dekorative form\u00e5l, siden de ikke er vanntette og kun er ment for bruk med t\u00f8rkede blomster.<\/span><\/p>\n","protected":false},"excerpt":{"rendered":"<p>L\u00f8ft plantepresentasjonen din med v\u00e5r greske leirplantepotte i kremfarget, omhyggelig designet for \u00e5 gi et hint av tidl\u00f8s raffinement til boarealet ditt. Denne raffinerte 12 cm potten blander s\u00f8ml\u00f8st klassisk gresk design med et snev av moderne eleganse. H\u00e5ndverksmessig laget med presisjon, denne kremfargede leirpotten bringer en f\u00f8lelse av ro til ethvert milj\u00f8. Det stripete [&hellip;]<\/p>\n","protected":false},"featured_media":359759,"comment_status":"closed","ping_status":"open","template":"","meta":{"_angie_page":false},"product_brand":[],"product_cat":[8394,10417],"product_tag":[],"class_list":{"0":"post-208871","1":"product","2":"type-product","3":"status-publish","4":"has-post-thumbnail","6":"product_cat-hjem-og-hage","7":"product_cat-statuetter-og-figurer","8":"pa_collection-feng-shui-buddha-set-no","9":"pa_made-in-indonesia","11":"first","12":"instock","13":"purchasable","14":"product-type-simple"},"supplier_id":null,"supplier_sku":"BCV-16","barcode":null,"atum_controlled":true,"out_stock_date":null,"out_stock_threshold":null,"inheritable":false,"inbound_stock":null,"stock_on_hold":0,"sold_today":0,"sales_last_days":0,"reserved_stock":null,"customer_returns":null,"warehouse_damage":null,"lost_in_post":null,"other_logs":null,"out_stock_days":0,"lost_sales":0,"has_location":null,"update_date":"2026-04-27T06:54:41","atum_locations":[],"atum_stock_status":"instock","restock_status":false,"low_stock_amount":"","sales_update_date":"2026-01-30T01:24:25","calc_backorders":null,"_links":{"self":[{"href":"https:\/\/aromasentia.com\/no\/wp-json\/wp\/v2\/product\/208871","targetHints":{"allow":["GET"]}}],"collection":[{"href":"https:\/\/aromasentia.com\/no\/wp-json\/wp\/v2\/product"}],"about":[{"href":"https:\/\/aromasentia.com\/no\/wp-json\/wp\/v2\/types\/product"}],"replies":[{"embeddable":true,"href":"https:\/\/aromasentia.com\/no\/wp-json\/wp\/v2\/comments?post=208871"}],"version-history":[{"count":0,"href":"https:\/\/aromasentia.com\/no\/wp-json\/wp\/v2\/product\/208871\/revisions"}],"wp:featuredmedia":[{"embeddable":true,"href":"https:\/\/aromasentia.com\/no\/wp-json\/wp\/v2\/media\/359759"}],"wp:attachment":[{"href":"https:\/\/aromasentia.com\/no\/wp-json\/wp\/v2\/media?parent=208871"}],"wp:term":[{"taxonomy":"product_brand","embeddable":true,"href":"https:\/\/aromasentia.com\/no\/wp-json\/wp\/v2\/product_brand?post=208871"},{"taxonomy":"product_cat","embeddable":true,"href":"https:\/\/aromasentia.com\/no\/wp-json\/wp\/v2\/product_cat?post=208871"},{"taxonomy":"product_tag","embeddable":true,"href":"https:\/\/aromasentia.com\/no\/wp-json\/wp\/v2\/product_tag?post=208871"}],"curies":[{"name":"wp","href":"https:\/\/api.w.org\/{rel}","templated":true}]}}