{"id":208870,"date":"2025-03-22T16:04:50","date_gmt":"2025-03-22T16:04:50","guid":{"rendered":"https:\/\/aromasentia.com\/product\/greek-clay-plant-pot-with-handles-cream-15cm\/"},"modified":"2025-05-31T05:32:02","modified_gmt":"2025-05-31T05:32:02","slug":"gresk-leirepotte-med-handtak-kremfarget-15-cm","status":"publish","type":"product","link":"https:\/\/aromasentia.com\/no\/gresk-leirepotte-med-handtak-kremfarget-15-cm\/","title":{"rendered":"Gresk Leirepotte med H\u00e5ndtak &#8211; Kremfarget 15 cm"},"content":{"rendered":"<p><span style=\"color: rgb(75, 80, 88);\">Kremfarget<strong>&nbsp;gresk leirplantepotte<\/strong><strong>&nbsp;med h\u00e5ndtak<\/strong> harmoniserer klassisk eleganse med praktisk design. Denne 15 cm store plantepotten er omhyggelig produsert i Indonesia, og fremhever den greske estetikkens sjarm, samtidig som den gir ekstra bekvemmelighet gjennom de gjennomtenkt integrerte h\u00e5ndtakene.<\/span><\/p>\n<p><span style=\"color: rgb(75, 80, 88);\">Kremfargen gir et raffinert preg til plantepresentasjonen din, og passer uanstrengt inn i ulike interi\u00f8rstiler. Integreringen av h\u00e5ndtak forsterker ikke bare pottens visuelle sjarm, men forenkler ogs\u00e5 mobiliteten, slik at du enkelt kan flytte og omorganisere plantene dine slik at de passer dine preferanser.<\/span><\/p>\n<p><span style=\"color: rgb(75, 80, 88);\"><strong>Vasene er laget av terrakotta, en type leire, formet i forskjellige former og st\u00f8rrelser.<\/strong>Vasene er dekorert med forskjellige m\u00f8nstre inspirert av Indonesias rike kulturarv. Designene spenner fra enkle geometriske m\u00f8nstre til naturlige motiver. Malt i n\u00f8ytrale farger &#8211; hvit, krem og svart.<\/span><\/p>\n<p><span style=\"color: rgb(75, 80, 88);\">Lombok keramiske vaser er et vitnesbyrd om indonesisk keramikk, verdsatt av samlere og entusiaster.<\/span><\/p>\n<p><span style=\"color: rgb(75, 80, 88);\"><strong>MERK:<\/strong>Disse vasene er kun til dekorative form\u00e5l, siden de ikke er vanntette og kun er ment for bruk med t\u00f8rkede blomster.<\/span><\/p>\n","protected":false},"excerpt":{"rendered":"<p>Kremfarget&nbsp;gresk leirplantepotte&nbsp;med h\u00e5ndtak harmoniserer klassisk eleganse med praktisk design. Denne 15 cm store plantepotten er omhyggelig produsert i Indonesia, og fremhever den greske estetikkens sjarm, samtidig som den gir ekstra bekvemmelighet gjennom de gjennomtenkt integrerte h\u00e5ndtakene. Kremfargen gir et raffinert preg til plantepresentasjonen din, og passer uanstrengt inn i ulike interi\u00f8rstiler. Integreringen av h\u00e5ndtak forsterker [&hellip;]<\/p>\n","protected":false},"featured_media":359742,"comment_status":"closed","ping_status":"open","template":"","meta":{"_angie_page":false},"product_brand":[],"product_cat":[8394,10417],"product_tag":[],"class_list":{"0":"post-208870","1":"product","2":"type-product","3":"status-publish","4":"has-post-thumbnail","6":"product_cat-hjem-og-hage","7":"product_cat-statuetter-og-figurer","8":"pa_collection-feng-shui-buddha-set-no","9":"pa_made-in-indonesia","11":"first","12":"instock","13":"purchasable","14":"product-type-simple"},"supplier_id":null,"supplier_sku":"BCV-15","barcode":null,"atum_controlled":true,"out_stock_date":null,"out_stock_threshold":null,"inheritable":false,"inbound_stock":null,"stock_on_hold":0,"sold_today":0,"sales_last_days":0,"reserved_stock":null,"customer_returns":null,"warehouse_damage":null,"lost_in_post":null,"other_logs":null,"out_stock_days":0,"lost_sales":0,"has_location":null,"update_date":"2026-04-27T06:54:41","atum_locations":[],"atum_stock_status":"instock","restock_status":false,"low_stock_amount":"","sales_update_date":"2026-01-30T01:25:38","calc_backorders":null,"_links":{"self":[{"href":"https:\/\/aromasentia.com\/no\/wp-json\/wp\/v2\/product\/208870","targetHints":{"allow":["GET"]}}],"collection":[{"href":"https:\/\/aromasentia.com\/no\/wp-json\/wp\/v2\/product"}],"about":[{"href":"https:\/\/aromasentia.com\/no\/wp-json\/wp\/v2\/types\/product"}],"replies":[{"embeddable":true,"href":"https:\/\/aromasentia.com\/no\/wp-json\/wp\/v2\/comments?post=208870"}],"version-history":[{"count":0,"href":"https:\/\/aromasentia.com\/no\/wp-json\/wp\/v2\/product\/208870\/revisions"}],"wp:featuredmedia":[{"embeddable":true,"href":"https:\/\/aromasentia.com\/no\/wp-json\/wp\/v2\/media\/359742"}],"wp:attachment":[{"href":"https:\/\/aromasentia.com\/no\/wp-json\/wp\/v2\/media?parent=208870"}],"wp:term":[{"taxonomy":"product_brand","embeddable":true,"href":"https:\/\/aromasentia.com\/no\/wp-json\/wp\/v2\/product_brand?post=208870"},{"taxonomy":"product_cat","embeddable":true,"href":"https:\/\/aromasentia.com\/no\/wp-json\/wp\/v2\/product_cat?post=208870"},{"taxonomy":"product_tag","embeddable":true,"href":"https:\/\/aromasentia.com\/no\/wp-json\/wp\/v2\/product_tag?post=208870"}],"curies":[{"name":"wp","href":"https:\/\/api.w.org\/{rel}","templated":true}]}}