{"id":208866,"date":"2025-03-22T16:04:50","date_gmt":"2025-03-22T16:04:50","guid":{"rendered":"https:\/\/aromasentia.com\/product\/oval-donut-shaped-vase-chocolate-18cm\/"},"modified":"2025-05-31T05:31:30","modified_gmt":"2025-05-31T05:31:30","slug":"oval-smultringformet-vase-sjokolade-18-cm","status":"publish","type":"product","link":"https:\/\/aromasentia.com\/no\/oval-smultringformet-vase-sjokolade-18-cm\/","title":{"rendered":"Oval Smultringformet Vase &#8211; Sjokolade 18 cm"},"content":{"rendered":"<p><strong><span style=\"color: rgb(75, 80, 88);\">Den 18 cm ovale smultringformede vasen i sjokoladefarge er en sjarmerende<\/span><\/strong><span style=\"color: rgb(75, 80, 88);\">&nbsp;og plassbesparende vase som vil glede de som setter pris p\u00e5 et minimalistisk, men elegant design. Den beskjedne st\u00f8rrelsen og den herlige sjokoladefargen gj\u00f8r den til et perfekt valg hvis du \u00f8nsker \u00e5 tilby en raffinert og allsidig vase til kundene dine.<\/span> <\/p>\n<p><span style=\"color: rgb(75, 80, 88);\"><strong>Vasene er laget av terrakotta, en type leire, formet i forskjellige former og st\u00f8rrelser.&nbsp;<\/strong>Vasene er dekorert med forskjellige m\u00f8nstre inspirert av Indonesias rike kulturarv. Designene spenner fra enkle geometriske m\u00f8nstre til naturlige motiver. Malt i n\u00f8ytrale farger &#8211; hvit, krem og svart.<\/span><\/p>\n<p><span style=\"color: rgb(75, 80, 88);\">Lombok keramiske vaser er et vitnesbyrd om indonesisk keramikk, verdsatt av samlere og entusiaster.<\/span><\/p>\n<p><span style=\"color: rgb(75, 80, 88);\"><strong>MERK:<\/strong>Disse vasene er kun til dekorative form\u00e5l, siden de ikke er vanntette og kun er ment for bruk med t\u00f8rkede blomster.<\/span><\/p>\n","protected":false},"excerpt":{"rendered":"<p>Den 18 cm ovale smultringformede vasen i sjokoladefarge er en sjarmerende&nbsp;og plassbesparende vase som vil glede de som setter pris p\u00e5 et minimalistisk, men elegant design. Den beskjedne st\u00f8rrelsen og den herlige sjokoladefargen gj\u00f8r den til et perfekt valg hvis du \u00f8nsker \u00e5 tilby en raffinert og allsidig vase til kundene dine. Vasene er laget [&hellip;]<\/p>\n","protected":false},"featured_media":359610,"comment_status":"closed","ping_status":"open","template":"","meta":[],"product_brand":[],"product_cat":[10400,8394,10504],"product_tag":[],"class_list":{"0":"post-208866","1":"product","2":"type-product","3":"status-publish","4":"has-post-thumbnail","6":"product_cat-dekorasjon","7":"product_cat-hjem-og-hage","8":"product_cat-vaser","9":"pa_collection-ceramic-vases-from-lombok-no","10":"pa_made-in-indonesia","12":"first","13":"instock","14":"purchasable","15":"product-type-simple"},"supplier_id":null,"supplier_sku":"BCV-11","barcode":null,"atum_controlled":true,"out_stock_date":null,"out_stock_threshold":null,"inheritable":false,"inbound_stock":null,"stock_on_hold":0,"sold_today":0,"sales_last_days":0,"reserved_stock":null,"customer_returns":null,"warehouse_damage":null,"lost_in_post":null,"other_logs":null,"out_stock_days":0,"lost_sales":0,"has_location":null,"update_date":"2026-02-04T09:15:40","atum_locations":[],"atum_stock_status":"instock","restock_status":false,"low_stock_amount":"","sales_update_date":"2025-10-09T03:26:11","calc_backorders":null,"_links":{"self":[{"href":"https:\/\/aromasentia.com\/no\/wp-json\/wp\/v2\/product\/208866","targetHints":{"allow":["GET"]}}],"collection":[{"href":"https:\/\/aromasentia.com\/no\/wp-json\/wp\/v2\/product"}],"about":[{"href":"https:\/\/aromasentia.com\/no\/wp-json\/wp\/v2\/types\/product"}],"replies":[{"embeddable":true,"href":"https:\/\/aromasentia.com\/no\/wp-json\/wp\/v2\/comments?post=208866"}],"version-history":[{"count":0,"href":"https:\/\/aromasentia.com\/no\/wp-json\/wp\/v2\/product\/208866\/revisions"}],"wp:featuredmedia":[{"embeddable":true,"href":"https:\/\/aromasentia.com\/no\/wp-json\/wp\/v2\/media\/359610"}],"wp:attachment":[{"href":"https:\/\/aromasentia.com\/no\/wp-json\/wp\/v2\/media?parent=208866"}],"wp:term":[{"taxonomy":"product_brand","embeddable":true,"href":"https:\/\/aromasentia.com\/no\/wp-json\/wp\/v2\/product_brand?post=208866"},{"taxonomy":"product_cat","embeddable":true,"href":"https:\/\/aromasentia.com\/no\/wp-json\/wp\/v2\/product_cat?post=208866"},{"taxonomy":"product_tag","embeddable":true,"href":"https:\/\/aromasentia.com\/no\/wp-json\/wp\/v2\/product_tag?post=208866"}],"curies":[{"name":"wp","href":"https:\/\/api.w.org\/{rel}","templated":true}]}}