{"id":208859,"date":"2025-03-22T16:04:50","date_gmt":"2025-03-22T16:04:50","guid":{"rendered":"https:\/\/aromasentia.com\/product\/greek-taper-vase-chocolate\/"},"modified":"2025-05-31T05:31:08","modified_gmt":"2025-05-31T05:31:08","slug":"greek-taper-vase-sjokolade","status":"publish","type":"product","link":"https:\/\/aromasentia.com\/no\/greek-taper-vase-sjokolade\/","title":{"rendered":"Greek Taper Vase &#8211; Sjokolade"},"content":{"rendered":"<p><span style=\"color: rgb(75, 80, 88);\"><strong>Lombok keramiske vaser<\/strong> er vakre og unike kunstverk h\u00e5ndlaget p\u00e5 \u00f8ya Lombok.<\/span><\/p>\n<p><span style=\"color: rgb(75, 80, 88);\">Vasene er laget av terrakotta, en type leire, formet i forskjellige former og st\u00f8rrelser. Vasene er dekorert med forskjellige m\u00f8nstre inspirert av Indonesias rike kulturarv. Designene spenner fra enkle geometriske m\u00f8nstre til naturlige motiver. Malt i n\u00f8ytrale farger &#8211; hvit, krem og svart.<\/span><\/p>\n<p><span style=\"color: rgb(75, 80, 88);\">Ferdige produkter er funksjonelle kunstverk som kan brukes til \u00e5 holde blomster, planter eller andre dekorative gjenstander. Ikke bare er de estetisk tiltalende, de er ogs\u00e5 slitesterke og langvarige, noe som gj\u00f8r dem ideelle for b\u00e5de innend\u00f8rs og utend\u00f8rs bruk. Lombok keramiske vaser er et fint eksempel p\u00e5 tradisjonell indonesisk keramikkkunst og er verdsatt av b\u00e5de samlere og entusiaster.<\/span><\/p>\n<p><span style=\"color: rgb(75, 80, 88);\"><strong>Diameter p\u00e5 innsiden av halsen: ca. 4 cm<\/strong><\/span><\/p>\n","protected":false},"excerpt":{"rendered":"<p>Lombok keramiske vaser er vakre og unike kunstverk h\u00e5ndlaget p\u00e5 \u00f8ya Lombok. Vasene er laget av terrakotta, en type leire, formet i forskjellige former og st\u00f8rrelser. Vasene er dekorert med forskjellige m\u00f8nstre inspirert av Indonesias rike kulturarv. Designene spenner fra enkle geometriske m\u00f8nstre til naturlige motiver. Malt i n\u00f8ytrale farger &#8211; hvit, krem og svart. [&hellip;]<\/p>\n","protected":false},"featured_media":359395,"comment_status":"closed","ping_status":"open","template":"","meta":{"_angie_page":false},"product_brand":[],"product_cat":[10400,8394,10504],"product_tag":[],"class_list":{"0":"post-208859","1":"product","2":"type-product","3":"status-publish","4":"has-post-thumbnail","6":"product_cat-dekorasjon","7":"product_cat-hjem-og-hage","8":"product_cat-vaser","9":"pa_collection-ceramic-vases-from-lombok-no","10":"pa_made-in-indonesia","12":"first","13":"instock","14":"purchasable","15":"product-type-simple"},"supplier_id":null,"supplier_sku":"BCV-04","barcode":null,"atum_controlled":true,"out_stock_date":null,"out_stock_threshold":null,"inheritable":false,"inbound_stock":null,"stock_on_hold":0,"sold_today":0,"sales_last_days":0,"reserved_stock":null,"customer_returns":null,"warehouse_damage":null,"lost_in_post":null,"other_logs":null,"out_stock_days":0,"lost_sales":0,"has_location":null,"update_date":"2026-04-27T06:54:36","atum_locations":[],"atum_stock_status":"instock","restock_status":false,"low_stock_amount":"","sales_update_date":"2026-01-30T01:24:42","calc_backorders":null,"_links":{"self":[{"href":"https:\/\/aromasentia.com\/no\/wp-json\/wp\/v2\/product\/208859","targetHints":{"allow":["GET"]}}],"collection":[{"href":"https:\/\/aromasentia.com\/no\/wp-json\/wp\/v2\/product"}],"about":[{"href":"https:\/\/aromasentia.com\/no\/wp-json\/wp\/v2\/types\/product"}],"replies":[{"embeddable":true,"href":"https:\/\/aromasentia.com\/no\/wp-json\/wp\/v2\/comments?post=208859"}],"version-history":[{"count":0,"href":"https:\/\/aromasentia.com\/no\/wp-json\/wp\/v2\/product\/208859\/revisions"}],"wp:featuredmedia":[{"embeddable":true,"href":"https:\/\/aromasentia.com\/no\/wp-json\/wp\/v2\/media\/359395"}],"wp:attachment":[{"href":"https:\/\/aromasentia.com\/no\/wp-json\/wp\/v2\/media?parent=208859"}],"wp:term":[{"taxonomy":"product_brand","embeddable":true,"href":"https:\/\/aromasentia.com\/no\/wp-json\/wp\/v2\/product_brand?post=208859"},{"taxonomy":"product_cat","embeddable":true,"href":"https:\/\/aromasentia.com\/no\/wp-json\/wp\/v2\/product_cat?post=208859"},{"taxonomy":"product_tag","embeddable":true,"href":"https:\/\/aromasentia.com\/no\/wp-json\/wp\/v2\/product_tag?post=208859"}],"curies":[{"name":"wp","href":"https:\/\/api.w.org\/{rel}","templated":true}]}}